{"id":1614,"date":"2025-11-20T02:25:30","date_gmt":"2025-11-20T02:25:30","guid":{"rendered":"https:\/\/relish.quhenet.com\/?page_id=1614"},"modified":"2026-03-26T07:22:47","modified_gmt":"2026-03-26T07:22:47","slug":"produkcja","status":"publish","type":"page","link":"https:\/\/relish-tech.com\/pl\/manufacturing\/","title":{"rendered":"Mo\u017cliwo\u015bci produkcji i nape\u0142niania"},"content":{"rendered":"<div data-elementor-type=\"wp-page\" data-elementor-id=\"1614\" class=\"elementor elementor-1614\" data-elementor-post-type=\"page\">\n\t\t\t\t<div class=\"elementor-element elementor-element-10aa918 e-flex e-con-boxed e-con e-parent\" data-id=\"10aa918\" data-element_type=\"container\" data-e-type=\"container\" data-settings=\"{&quot;background_background&quot;:&quot;classic&quot;}\">\n\t\t\t\t\t<div class=\"e-con-inner\">\n\t\t\t\t<div class=\"elementor-element elementor-element-ac23ce4 elementor-widget elementor-widget-heading\" data-id=\"ac23ce4\" data-element_type=\"widget\" data-e-type=\"widget\" data-widget_type=\"heading.default\">\n\t\t\t\t\t<h1 class=\"elementor-heading-title elementor-size-default\">Zaawansowane mo\u017cliwo\u015bci produkcyjne i wytw\u00f3rcze<\/h1>\t\t\t\t<\/div>\n\t\t\t\t<div class=\"elementor-element elementor-element-ead60ca elementor-widget elementor-widget-heading\" data-id=\"ead60ca\" data-element_type=\"widget\" data-e-type=\"widget\" data-widget_type=\"heading.default\">\n\t\t\t\t\t<div class=\"elementor-heading-title elementor-size-default\">\u0141\u0105czymy precyzyjn\u0105 in\u017cynieri\u0119, skalowaln\u0105 zautomatyzowan\u0105 produkcj\u0119 i rygorystyczn\u0105 kontrol\u0119 jako\u015bci, aby dostarcza\u0107 produkty do higieny jamy ustnej - na czas, zgodnie ze specyfikacj\u0105 i gotowe na rynek globalny.<\/div>\t\t\t\t<\/div>\n\t\t\t\t\t<\/div>\n\t\t\t\t<\/div>\n\t\t<div class=\"elementor-element elementor-element-790a3c4 e-flex e-con-boxed e-con e-parent\" data-id=\"790a3c4\" data-element_type=\"container\" data-e-type=\"container\">\n\t\t\t\t\t<div class=\"e-con-inner\">\n\t\t\t\t<div class=\"elementor-element elementor-element-fd1042c elementor-widget elementor-widget-heading\" data-id=\"fd1042c\" data-element_type=\"widget\" data-e-type=\"widget\" data-widget_type=\"heading.default\">\n\t\t\t\t\t<h2 class=\"elementor-heading-title elementor-size-default\">Zalety naszej produkcji kontraktowej<\/h2>\t\t\t\t<\/div>\n\t\t<div class=\"elementor-element elementor-element-eb119fa e-grid e-con-full e-con e-child\" data-id=\"eb119fa\" data-element_type=\"container\" data-e-type=\"container\">\n\t\t\t\t<div class=\"elementor-element elementor-element-c421535 elementor-widget elementor-widget-image-box\" data-id=\"c421535\" data-element_type=\"widget\" data-e-type=\"widget\" data-widget_type=\"image-box.default\">\n\t\t\t\t\t<div class=\"elementor-image-box-wrapper\"><div class=\"elementor-image-box-content\"><h5 class=\"elementor-image-box-title\">Szybkie czasy realizacji<\/h5><p class=\"elementor-image-box-description\">Szybka realizacja dzi\u0119ki w pe\u0142ni w\u0142asnym liniom produkcyjnym. Eliminujemy op\u00f3\u017anienia stron trzecich, aby szybciej wprowadza\u0107 produkty na rynek.<\/p><\/div><\/div>\t\t\t\t<\/div>\n\t\t\t\t<div class=\"elementor-element elementor-element-1659d38 elementor-widget elementor-widget-image-box\" data-id=\"1659d38\" data-element_type=\"widget\" data-e-type=\"widget\" data-widget_type=\"image-box.default\">\n\t\t\t\t\t<div class=\"elementor-image-box-wrapper\"><div class=\"elementor-image-box-content\"><h5 class=\"elementor-image-box-title\">Znacz\u0105ca redukcja koszt\u00f3w<\/h5><p class=\"elementor-image-box-description\">Wykorzystaj nasz\u0105 ekonomi\u0119 skali. Eliminacja nak\u0142ad\u00f3w inwestycyjnych na obiekty, sprz\u0119t i koszty pracy.<\/p><\/div><\/div>\t\t\t\t<\/div>\n\t\t\t\t<div class=\"elementor-element elementor-element-af68350 elementor-widget elementor-widget-image-box\" data-id=\"af68350\" data-element_type=\"widget\" data-e-type=\"widget\" data-widget_type=\"image-box.default\">\n\t\t\t\t\t<div class=\"elementor-image-box-wrapper\"><div class=\"elementor-image-box-content\"><h5 class=\"elementor-image-box-title\">Usprawniony \u0142a\u0144cuch dostaw<\/h5><p class=\"elementor-image-box-description\">Od pozyskiwania surowc\u00f3w po ko\u0144cowe pakowanie, wszystko jest zarz\u0105dzane pod jednym dachem z certyfikatem ISO, aby ograniczy\u0107 ryzyko operacyjne.<\/p><\/div><\/div>\t\t\t\t<\/div>\n\t\t\t\t<\/div>\n\t\t\t\t\t<\/div>\n\t\t\t\t<\/div>\n\t\t<div class=\"elementor-element elementor-element-58e5caa e-flex e-con-boxed e-con e-parent\" data-id=\"58e5caa\" data-element_type=\"container\" data-e-type=\"container\">\n\t\t\t\t\t<div class=\"e-con-inner\">\n\t\t<div class=\"elementor-element elementor-element-0bba441 e-con-full e-flex e-con e-child\" data-id=\"0bba441\" data-element_type=\"container\" data-e-type=\"container\">\n\t\t\t\t<div class=\"elementor-element elementor-element-de438e0 elementor-invisible elementor-widget elementor-widget-image\" data-id=\"de438e0\" data-element_type=\"widget\" data-e-type=\"widget\" data-settings=\"{&quot;_animation&quot;:&quot;fadeInUp&quot;}\" data-widget_type=\"image.default\">\n\t\t\t\t\t\t\t\t\t\t\t\t\t\t\t<img fetchpriority=\"high\" decoding=\"async\" width=\"800\" height=\"550\" src=\"https:\/\/relish-tech.com\/wp-content\/uploads\/2026\/01\/iso-certified-premium-oral-care-manufacturing-facilities.webp\" class=\"attachment-large size-large wp-image-2071\" alt=\"Relish operates a 20,000-square-meter, ISO-certified electric toothbrush factory in China\" srcset=\"https:\/\/relish-tech.com\/wp-content\/uploads\/2026\/01\/iso-certified-premium-oral-care-manufacturing-facilities.webp 800w, https:\/\/relish-tech.com\/wp-content\/uploads\/2026\/01\/iso-certified-premium-oral-care-manufacturing-facilities-300x206.webp 300w, https:\/\/relish-tech.com\/wp-content\/uploads\/2026\/01\/iso-certified-premium-oral-care-manufacturing-facilities-768x528.webp 768w, https:\/\/relish-tech.com\/wp-content\/uploads\/2026\/01\/iso-certified-premium-oral-care-manufacturing-facilities-18x12.webp 18w\" sizes=\"(max-width: 800px) 100vw, 800px\" title=\"\">\t\t\t\t\t\t\t\t\t\t\t\t\t\t\t<\/div>\n\t\t\t\t<\/div>\n\t\t<div class=\"elementor-element elementor-element-dc57b31 e-con-full e-flex e-con e-child\" data-id=\"dc57b31\" data-element_type=\"container\" data-e-type=\"container\">\n\t\t\t\t<div class=\"elementor-element elementor-element-0c60185 elementor-widget elementor-widget-heading\" data-id=\"0c60185\" data-element_type=\"widget\" data-e-type=\"widget\" data-widget_type=\"heading.default\">\n\t\t\t\t\t<h2 class=\"elementor-heading-title elementor-size-default\">Skoncentruj si\u0119 na swojej marce. Produkcj\u0119 zostaw nam.<\/h2>\t\t\t\t<\/div>\n\t\t\t\t<div class=\"elementor-element elementor-element-4691f34 elementor-widget elementor-widget-text-editor\" data-id=\"4691f34\" data-element_type=\"widget\" data-e-type=\"widget\" data-widget_type=\"text-editor.default\">\n\t\t\t\t\t\t\t\t\t<p>Dzi\u0119ki w pe\u0142ni zautomatyzowanym liniom produkcyjnym i zaawansowanym zak\u0142adom produkcyjnym zarz\u0105dzamy najbardziej z\u0142o\u017conymi procesami monta\u017cowymi w spos\u00f3b wydajny i na du\u017c\u0105 skal\u0119.<\/p><p>Wsp\u00f3\u0142praca z Relish pozwala omin\u0105\u0107 w\u0105skie gard\u0142a \u0142a\u0144cucha dostaw i przyspieszy\u0107 wprowadzanie produkt\u00f3w na rynek.<\/p><p>Twoja wizja. Nasza bezb\u0142\u0119dna realizacja.<\/p>\t\t\t\t\t\t\t\t<\/div>\n\t\t\t\t<div class=\"elementor-element elementor-element-22cf33f elementor-widget elementor-widget-button\" data-id=\"22cf33f\" data-element_type=\"widget\" data-e-type=\"widget\" data-widget_type=\"button.default\">\n\t\t\t\t\t\t\t\t\t\t<a class=\"elementor-button elementor-button-link elementor-size-sm\" href=\"https:\/\/relish-tech.com\/pl\/kontakt\/\">\n\t\t\t\t\t\t<span class=\"elementor-button-content-wrapper\">\n\t\t\t\t\t\t\t\t\t<span class=\"elementor-button-text\">Zaplanuj wirtualn\u0105 wycieczk\u0119 po fabryce<\/span>\n\t\t\t\t\t<\/span>\n\t\t\t\t\t<\/a>\n\t\t\t\t\t\t\t\t<\/div>\n\t\t\t\t<\/div>\n\t\t\t\t\t<\/div>\n\t\t\t\t<\/div>\n\t\t<div class=\"elementor-element elementor-element-78b771b e-flex e-con-boxed e-con e-parent\" data-id=\"78b771b\" data-element_type=\"container\" data-e-type=\"container\">\n\t\t\t\t\t<div class=\"e-con-inner\">\n\t\t<div class=\"elementor-element elementor-element-d163460 e-con-full e-flex e-con e-child\" data-id=\"d163460\" data-element_type=\"container\" data-e-type=\"container\">\n\t\t\t\t<div class=\"elementor-element elementor-element-347a36a elementor-widget elementor-widget-heading\" data-id=\"347a36a\" data-element_type=\"widget\" data-e-type=\"widget\" data-widget_type=\"heading.default\">\n\t\t\t\t\t<h2 class=\"elementor-heading-title elementor-size-default\">Produkowane zgodnie z globalnymi standardami: GMP, ISO i zr\u00f3wnowa\u017cony rozw\u00f3j<\/h2>\t\t\t\t<\/div>\n\t\t\t\t<div class=\"elementor-element elementor-element-f22bfba elementor-widget elementor-widget-text-editor\" data-id=\"f22bfba\" data-element_type=\"widget\" data-e-type=\"widget\" data-widget_type=\"text-editor.default\">\n\t\t\t\t\t\t\t\t\t<p>Doskona\u0142o\u015b\u0107 produkcji oznacza brak kompromis\u00f3w w zakresie bezpiecze\u0144stwa i wp\u0142ywu na \u015brodowisko. Dzia\u0142amy zgodnie z rygorystycznymi <b data-path-to-node=\"18,1,0\" data-index-in-node=\"111\">ISO 9001 i ISO 13485 (wyroby medyczne)<\/b> standardy, nasze obiekty zapewniaj\u0105, \u017ce Twoje produkty bez wysi\u0142ku spe\u0142niaj\u0105 <b data-path-to-node=\"18,1,0\" data-index-in-node=\"217\">FDA (USA), CE (Europa), PSE (Japonia) i KC (Korea)<\/b> wymogi regulacyjne.<\/p><p>Poza zgodno\u015bci\u0105 z przepisami, jeste\u015bmy zaanga\u017cowani w zr\u00f3wnowa\u017cone innowacje - wykorzystuj\u0105c biodegradowalne materia\u0142y, opakowania nadaj\u0105ce si\u0119 do recyklingu i energooszcz\u0119dne procesy, aby budowa\u0107 lepsz\u0105 przysz\u0142o\u015b\u0107 dla Twojej marki i planety.<\/p>\t\t\t\t\t\t\t\t<\/div>\n\t\t\t\t<\/div>\n\t\t<div class=\"elementor-element elementor-element-aefa9bd e-con-full e-flex e-con e-child\" data-id=\"aefa9bd\" data-element_type=\"container\" data-e-type=\"container\">\n\t\t\t\t<div class=\"elementor-element elementor-element-c75a2be elementor-invisible elementor-widget elementor-widget-image\" data-id=\"c75a2be\" data-element_type=\"widget\" data-e-type=\"widget\" data-settings=\"{&quot;_animation&quot;:&quot;fadeInUp&quot;}\" data-widget_type=\"image.default\">\n\t\t\t\t\t\t\t\t\t\t\t\t\t\t\t<img decoding=\"async\" width=\"800\" height=\"550\" src=\"https:\/\/relish-tech.com\/wp-content\/uploads\/2026\/01\/recyclable-biodegradable-materials-sustainable-manufacturing.webp\" class=\"attachment-large size-large wp-image-2127\" alt=\"Bezbarwne, nadaj\u0105ce si\u0119 do recyklingu i biodegradowalne granulki materia\u0142owe stosowane w naszym zr\u00f3wnowa\u017conym procesie produkcji produkt\u00f3w do higieny jamy ustnej, zapewniaj\u0105 zerowy kompromis w zakresie wp\u0142ywu na \u015brodowisko.\" srcset=\"https:\/\/relish-tech.com\/wp-content\/uploads\/2026\/01\/recyclable-biodegradable-materials-sustainable-manufacturing.webp 800w, https:\/\/relish-tech.com\/wp-content\/uploads\/2026\/01\/recyclable-biodegradable-materials-sustainable-manufacturing-300x206.webp 300w, https:\/\/relish-tech.com\/wp-content\/uploads\/2026\/01\/recyclable-biodegradable-materials-sustainable-manufacturing-768x528.webp 768w, https:\/\/relish-tech.com\/wp-content\/uploads\/2026\/01\/recyclable-biodegradable-materials-sustainable-manufacturing-18x12.webp 18w\" sizes=\"(max-width: 800px) 100vw, 800px\" title=\"\">\t\t\t\t\t\t\t\t\t\t\t\t\t\t\t<\/div>\n\t\t\t\t<\/div>\n\t\t\t\t\t<\/div>\n\t\t\t\t<\/div>\n\t\t<div class=\"elementor-element elementor-element-0d9515d e-flex e-con-boxed e-con e-parent\" data-id=\"0d9515d\" data-element_type=\"container\" data-e-type=\"container\">\n\t\t\t\t\t<div class=\"e-con-inner\">\n\t\t<div class=\"elementor-element elementor-element-359186b e-con-full e-flex e-con e-child\" data-id=\"359186b\" data-element_type=\"container\" data-e-type=\"container\">\n\t\t\t\t<div class=\"elementor-element elementor-element-02ad7d3 elementor-invisible elementor-widget elementor-widget-image\" data-id=\"02ad7d3\" data-element_type=\"widget\" data-e-type=\"widget\" data-settings=\"{&quot;_animation&quot;:&quot;fadeInUp&quot;}\" data-widget_type=\"image.default\">\n\t\t\t\t\t\t\t\t\t\t\t\t\t\t\t<img decoding=\"async\" width=\"800\" height=\"550\" src=\"https:\/\/relish-tech.com\/wp-content\/uploads\/2026\/01\/advanced-smt-workshop-smart-electric-toothbrush-pcb-manufacturing.webp\" class=\"attachment-large size-large wp-image-2126\" alt=\"High-speed automated SMT machine placing components onto an intelligent servo driver PCB for smart electric toothbrushes.\" srcset=\"https:\/\/relish-tech.com\/wp-content\/uploads\/2026\/01\/advanced-smt-workshop-smart-electric-toothbrush-pcb-manufacturing.webp 800w, https:\/\/relish-tech.com\/wp-content\/uploads\/2026\/01\/advanced-smt-workshop-smart-electric-toothbrush-pcb-manufacturing-300x206.webp 300w, https:\/\/relish-tech.com\/wp-content\/uploads\/2026\/01\/advanced-smt-workshop-smart-electric-toothbrush-pcb-manufacturing-768x528.webp 768w, https:\/\/relish-tech.com\/wp-content\/uploads\/2026\/01\/advanced-smt-workshop-smart-electric-toothbrush-pcb-manufacturing-18x12.webp 18w\" sizes=\"(max-width: 800px) 100vw, 800px\" title=\"\">\t\t\t\t\t\t\t\t\t\t\t\t\t\t\t<\/div>\n\t\t\t\t<\/div>\n\t\t<div class=\"elementor-element elementor-element-49b94ce e-con-full e-flex e-con e-child\" data-id=\"49b94ce\" data-element_type=\"container\" data-e-type=\"container\">\n\t\t\t\t<div class=\"elementor-element elementor-element-51cf4b1 elementor-widget elementor-widget-heading\" data-id=\"51cf4b1\" data-element_type=\"widget\" data-e-type=\"widget\" data-widget_type=\"heading.default\">\n\t\t\t\t\t<h2 class=\"elementor-heading-title elementor-size-default\">Warsztaty SMT<\/h2>\t\t\t\t<\/div>\n\t\t\t\t<div class=\"elementor-element elementor-element-61fa5ae elementor-widget elementor-widget-text-editor\" data-id=\"61fa5ae\" data-element_type=\"widget\" data-e-type=\"widget\" data-widget_type=\"text-editor.default\">\n\t\t\t\t\t\t\t\t\t<p>Nasz zaawansowany warsztat technologii monta\u017cu powierzchniowego (SMT) jest m\u00f3zgiem inteligentnych urz\u0105dze\u0144 do higieny jamy ustnej. Zapewniamy kompleksow\u0105 produkcj\u0119 elektroniki pod klucz dla inteligentnych szczoteczek do z\u0119b\u00f3w i nici dentystycznych.<\/p><ul><li data-path-to-node=\"22,1,1,0,0\" data-imt-p=\"1\"><b data-path-to-node=\"22,1,1,0,0\" data-index-in-node=\"0\">Precyzja i niezawodno\u015b\u0107:<\/b> Szybkie zautomatyzowane rozmieszczanie zapewniaj\u0105ce wolne od wad p\u0142ytki PCB inteligentnych serwomechanizm\u00f3w.<\/li><li data-path-to-node=\"22,1,1,1,0\" data-imt-p=\"1\"><b data-path-to-node=\"22,1,1,1,0\" data-index-in-node=\"0\">Inteligentna integracja:<\/b> P\u0142ynna integracja rozpoznawania g\u0142\u00f3wki szczoteczki AI, czujnik\u00f3w nacisku i modu\u0142\u00f3w Bluetooth w kompaktowych konstrukcjach.<\/li><\/ul>\t\t\t\t\t\t\t\t<\/div>\n\t\t\t\t<\/div>\n\t\t<div class=\"elementor-element elementor-element-f230151 e-con-full e-flex e-con e-child\" data-id=\"f230151\" data-element_type=\"container\" data-e-type=\"container\">\n\t\t\t\t<div class=\"elementor-element elementor-element-384ddc4 elementor-widget elementor-widget-heading\" data-id=\"384ddc4\" data-element_type=\"widget\" data-e-type=\"widget\" data-widget_type=\"heading.default\">\n\t\t\t\t\t<h2 class=\"elementor-heading-title elementor-size-default\">Warsztat formowania wtryskowego<\/h2>\t\t\t\t<\/div>\n\t\t\t\t<div class=\"elementor-element elementor-element-9bd7d37 elementor-widget elementor-widget-text-editor\" data-id=\"9bd7d37\" data-element_type=\"widget\" data-e-type=\"widget\" data-widget_type=\"text-editor.default\">\n\t\t\t\t\t\t\t\t\t<p>Wra\u017cenia dotykowe i trwa\u0142o\u015b\u0107 produktu definiuj\u0105 jego pozycj\u0119 na rynku premium. Nasz najnowocze\u015bniejszy zak\u0142ad formowania wtryskowego produkuje bezb\u0142\u0119dne komponenty o wysokiej tolerancji.<\/p><ul><li><p data-path-to-node=\"24,1,1,0,0\" data-imt-p=\"1\"><b data-path-to-node=\"24,1,1,0,0\" data-index-in-node=\"0\">Sta\u0142a jako\u015b\u0107:<\/b> Produkcja ergonomicznych uchwyt\u00f3w do szczoteczek do z\u0119b\u00f3w, wodoodpornych obud\u00f3w i etui podr\u00f3\u017cnych bez \u015blad\u00f3w b\u0142ysku i zaciek\u00f3w.<\/p><\/li><li><p data-path-to-node=\"24,1,1,1,0\" data-imt-p=\"1\"><b data-path-to-node=\"24,1,1,1,0\" data-index-in-node=\"0\">Zaawansowane materia\u0142y:<\/b> Do\u015bwiadczenie w pracy z ABS, PC i ekologicznymi alternatywami PLA przeznaczonymi do kontaktu z \u017cywno\u015bci\u0105.<\/p><\/li><\/ul>\t\t\t\t\t\t\t\t<\/div>\n\t\t\t\t<\/div>\n\t\t<div class=\"elementor-element elementor-element-0d3fa7f e-con-full e-flex e-con e-child\" data-id=\"0d3fa7f\" data-element_type=\"container\" data-e-type=\"container\">\n\t\t\t\t<div class=\"elementor-element elementor-element-bf52044 elementor-invisible elementor-widget elementor-widget-image\" data-id=\"bf52044\" data-element_type=\"widget\" data-e-type=\"widget\" data-settings=\"{&quot;_animation&quot;:&quot;fadeInUp&quot;}\" data-widget_type=\"image.default\">\n\t\t\t\t\t\t\t\t\t\t\t\t\t\t\t<img loading=\"lazy\" decoding=\"async\" width=\"800\" height=\"550\" src=\"https:\/\/relish-tech.com\/wp-content\/uploads\/2026\/03\/custom-oral-care-tooling-production-on-time-delivery.webp\" class=\"attachment-large size-large wp-image-4443\" alt=\"Zaawansowane maszyny do formowania wtryskowego i oprzyrz\u0105dowania w naszej fabryce zapewniaj\u0105 niestandardowe rozwi\u0105zania i terminowe dostawy dla marek produkt\u00f3w do higieny jamy ustnej.\" srcset=\"https:\/\/relish-tech.com\/wp-content\/uploads\/2026\/03\/custom-oral-care-tooling-production-on-time-delivery.webp 800w, https:\/\/relish-tech.com\/wp-content\/uploads\/2026\/03\/custom-oral-care-tooling-production-on-time-delivery-300x206.webp 300w, https:\/\/relish-tech.com\/wp-content\/uploads\/2026\/03\/custom-oral-care-tooling-production-on-time-delivery-768x528.webp 768w, https:\/\/relish-tech.com\/wp-content\/uploads\/2026\/03\/custom-oral-care-tooling-production-on-time-delivery-18x12.webp 18w\" sizes=\"(max-width: 800px) 100vw, 800px\" title=\"\">\t\t\t\t\t\t\t\t\t\t\t\t\t\t\t<\/div>\n\t\t\t\t<\/div>\n\t\t<div class=\"elementor-element elementor-element-9dd2370 e-con-full e-flex e-con e-child\" data-id=\"9dd2370\" data-element_type=\"container\" data-e-type=\"container\">\n\t\t\t\t<div class=\"elementor-element elementor-element-685a390 elementor-invisible elementor-widget elementor-widget-image\" data-id=\"685a390\" data-element_type=\"widget\" data-e-type=\"widget\" data-settings=\"{&quot;_animation&quot;:&quot;fadeInUp&quot;}\" data-widget_type=\"image.default\">\n\t\t\t\t\t\t\t\t\t\t\t\t\t\t\t<img loading=\"lazy\" decoding=\"async\" width=\"800\" height=\"550\" src=\"https:\/\/relish-tech.com\/wp-content\/uploads\/2026\/01\/high-volume-electric-toothbrush-assembly-workshop.webp\" class=\"attachment-large size-large wp-image-2124\" alt=\"Cleanroom workers and robotic machinery assembling electric toothbrushes, conducting strict quality control and IPX7 waterproof verification.\" srcset=\"https:\/\/relish-tech.com\/wp-content\/uploads\/2026\/01\/high-volume-electric-toothbrush-assembly-workshop.webp 800w, https:\/\/relish-tech.com\/wp-content\/uploads\/2026\/01\/high-volume-electric-toothbrush-assembly-workshop-300x206.webp 300w, https:\/\/relish-tech.com\/wp-content\/uploads\/2026\/01\/high-volume-electric-toothbrush-assembly-workshop-768x528.webp 768w, https:\/\/relish-tech.com\/wp-content\/uploads\/2026\/01\/high-volume-electric-toothbrush-assembly-workshop-18x12.webp 18w\" sizes=\"(max-width: 800px) 100vw, 800px\" title=\"\">\t\t\t\t\t\t\t\t\t\t\t\t\t\t\t<\/div>\n\t\t\t\t<\/div>\n\t\t<div class=\"elementor-element elementor-element-a8ba6cb e-con-full e-flex e-con e-child\" data-id=\"a8ba6cb\" data-element_type=\"container\" data-e-type=\"container\">\n\t\t\t\t<div class=\"elementor-element elementor-element-872fb3e elementor-widget elementor-widget-heading\" data-id=\"872fb3e\" data-element_type=\"widget\" data-e-type=\"widget\" data-widget_type=\"heading.default\">\n\t\t\t\t\t<h2 class=\"elementor-heading-title elementor-size-default\">Warsztaty monta\u017cowe<\/h2>\t\t\t\t<\/div>\n\t\t\t\t<div class=\"elementor-element elementor-element-faf81fa elementor-widget elementor-widget-text-editor\" data-id=\"faf81fa\" data-element_type=\"widget\" data-e-type=\"widget\" data-widget_type=\"text-editor.default\">\n\t\t\t\t\t\t\t\t\t<p>Zaprojektowane z my\u015bl\u0105 o wysokonak\u0142adowej, skalowalnej produkcji, nasze linie monta\u017cowe \u0142\u0105cz\u0105 precyzj\u0119 robot\u00f3w z fachowym nadzorem ludzkim, aby bezb\u0142\u0119dnie konstruowa\u0107 produkty.<\/p><ul><li><p data-path-to-node=\"26,1,1,0,0\" data-imt-p=\"1\"><b data-path-to-node=\"26,1,1,0,0\" data-index-in-node=\"0\">\u015acis\u0142a kontrola jako\u015bci (QC):<\/b> Testy funkcjonalne 100%, kontrole ha\u0142asu akustycznego i weryfikacja wodoodporno\u015bci IPX7 na linii.<\/p><\/li><li><p data-path-to-node=\"26,1,1,1,0\" data-imt-p=\"1\"><b data-path-to-node=\"26,1,1,1,0\" data-index-in-node=\"0\">Skalowalne wyj\u015bcie:<\/b> Elastyczne etapy, kt\u00f3re mog\u0105 obs\u0142ugiwa\u0107 wszystko, od pocz\u0105tkowych serii pilota\u017cowych po masow\u0105 globaln\u0105 dystrybucj\u0119.<\/p><\/li><\/ul>\t\t\t\t\t\t\t\t<\/div>\n\t\t\t\t<\/div>\n\t\t<div class=\"elementor-element elementor-element-62c6a5b e-con-full e-flex e-con e-child\" data-id=\"62c6a5b\" data-element_type=\"container\" data-e-type=\"container\">\n\t\t\t\t<div class=\"elementor-element elementor-element-0a77213 elementor-widget elementor-widget-heading\" data-id=\"0a77213\" data-element_type=\"widget\" data-e-type=\"widget\" data-widget_type=\"heading.default\">\n\t\t\t\t\t<h2 class=\"elementor-heading-title elementor-size-default\">Warsztaty pakowania<\/h2>\t\t\t\t<\/div>\n\t\t\t\t<div class=\"elementor-element elementor-element-bbb964f elementor-widget elementor-widget-text-editor\" data-id=\"bbb964f\" data-element_type=\"widget\" data-e-type=\"widget\" data-widget_type=\"text-editor.default\">\n\t\t\t\t\t\t\t\t\t<p>Dbamy o to, aby Twoje produkty dotar\u0142y nieskazitelnie czyste i gotowe do sprzeda\u017cy detalicznej. Nasz dedykowany zak\u0142ad pakowania obs\u0142uguje wszystko, od wysokiej jako\u015bci pude\u0142ek upominkowych po ekologiczne zestawy detaliczne.<\/p><ul><li><p data-path-to-node=\"28,1,1,0,0\" data-imt-p=\"1\"><b data-path-to-node=\"28,1,1,0,0\" data-index-in-node=\"0\">Monta\u017c gotowy do sprzeda\u017cy detalicznej:<\/b> Niestandardowe pakowanie w blistry, pakowanie w foli\u0119 termokurczliw\u0105 i zestawianie wielu jednostek.<\/p><\/li><li><p data-path-to-node=\"28,1,1,1,0\" data-imt-p=\"1\"><b data-path-to-node=\"28,1,1,1,0\" data-index-in-node=\"0\">Przygotowanie do globalnej logistyki:<\/b> Bezpieczne pakowanie w kartony zbiorcze i paletyzacja, w pe\u0142ni zoptymalizowane pod k\u0105tem wysy\u0142ki mi\u0119dzynarodowej do Amazon FBA lub lokalnych magazyn\u00f3w.<\/p><\/li><\/ul>\t\t\t\t\t\t\t\t<\/div>\n\t\t\t\t<\/div>\n\t\t<div class=\"elementor-element elementor-element-57dd131 e-con-full e-flex e-con e-child\" data-id=\"57dd131\" data-element_type=\"container\" data-e-type=\"container\">\n\t\t\t\t<div class=\"elementor-element elementor-element-d9c5695 elementor-invisible elementor-widget elementor-widget-image\" data-id=\"d9c5695\" data-element_type=\"widget\" data-e-type=\"widget\" data-settings=\"{&quot;_animation&quot;:&quot;fadeInUp&quot;}\" data-widget_type=\"image.default\">\n\t\t\t\t\t\t\t\t\t\t\t\t\t\t\t<img loading=\"lazy\" decoding=\"async\" width=\"800\" height=\"550\" src=\"https:\/\/relish-tech.com\/wp-content\/uploads\/2026\/03\/relish-tech-global-footprint-map-partners-across-continents.webp\" class=\"attachment-large size-large wp-image-4435\" alt=\"A world map displaying Relish Tech&#039;s global footprint and diversity, highlighting regions served including Europe, North America, South America, Australia, and China, demonstrating their global reach and ability to serve partners across continents and understand varied markets.\" srcset=\"https:\/\/relish-tech.com\/wp-content\/uploads\/2026\/03\/relish-tech-global-footprint-map-partners-across-continents.webp 800w, https:\/\/relish-tech.com\/wp-content\/uploads\/2026\/03\/relish-tech-global-footprint-map-partners-across-continents-300x206.webp 300w, https:\/\/relish-tech.com\/wp-content\/uploads\/2026\/03\/relish-tech-global-footprint-map-partners-across-continents-768x528.webp 768w, https:\/\/relish-tech.com\/wp-content\/uploads\/2026\/03\/relish-tech-global-footprint-map-partners-across-continents-18x12.webp 18w\" sizes=\"(max-width: 800px) 100vw, 800px\" title=\"\">\t\t\t\t\t\t\t\t\t\t\t\t\t\t\t<\/div>\n\t\t\t\t<\/div>\n\t\t\t\t\t<\/div>\n\t\t\t\t<\/div>\n\t\t\t\t<\/div>","protected":false},"excerpt":{"rendered":"<p>Advanced Manufacturing &amp; Production Capabilities We combine precision engineering, scalable automated production, and rigorous quality control to bring your oral [&hellip;]<\/p>\n","protected":false},"author":1,"featured_media":0,"parent":0,"menu_order":0,"comment_status":"closed","ping_status":"closed","template":"","meta":{"footnotes":""},"class_list":["post-1614","page","type-page","status-publish","hentry"],"blocksy_meta":{"has_hero_section":"disabled","vertical_spacing_source":"custom","content_area_spacing":"none","styles_descriptor":{"styles":{"desktop":"","tablet":"","mobile":""},"google_fonts":[],"version":6}},"_links":{"self":[{"href":"https:\/\/relish-tech.com\/pl\/wp-json\/wp\/v2\/pages\/1614","targetHints":{"allow":["GET"]}}],"collection":[{"href":"https:\/\/relish-tech.com\/pl\/wp-json\/wp\/v2\/pages"}],"about":[{"href":"https:\/\/relish-tech.com\/pl\/wp-json\/wp\/v2\/types\/page"}],"author":[{"embeddable":true,"href":"https:\/\/relish-tech.com\/pl\/wp-json\/wp\/v2\/users\/1"}],"replies":[{"embeddable":true,"href":"https:\/\/relish-tech.com\/pl\/wp-json\/wp\/v2\/comments?post=1614"}],"version-history":[{"count":19,"href":"https:\/\/relish-tech.com\/pl\/wp-json\/wp\/v2\/pages\/1614\/revisions"}],"predecessor-version":[{"id":4453,"href":"https:\/\/relish-tech.com\/pl\/wp-json\/wp\/v2\/pages\/1614\/revisions\/4453"}],"wp:attachment":[{"href":"https:\/\/relish-tech.com\/pl\/wp-json\/wp\/v2\/media?parent=1614"}],"curies":[{"name":"wp","href":"https:\/\/api.w.org\/{rel}","templated":true}]}}