{"id":1605,"date":"2025-11-20T02:03:20","date_gmt":"2025-11-20T02:03:20","guid":{"rendered":"https:\/\/relish.quhenet.com\/?page_id=1605"},"modified":"2026-03-11T08:01:38","modified_gmt":"2026-03-11T08:01:38","slug":"rozwoj-badan","status":"publish","type":"page","link":"https:\/\/relish-tech.com\/pl\/research-development\/","title":{"rendered":"Mo\u017cliwo\u015bci badawczo-rozwojowe"},"content":{"rendered":"<div data-elementor-type=\"wp-page\" data-elementor-id=\"1605\" class=\"elementor elementor-1605\" data-elementor-post-type=\"page\">\n\t\t\t\t<div class=\"elementor-element elementor-element-3bb91bd7 e-flex e-con-boxed e-con e-parent\" data-id=\"3bb91bd7\" data-element_type=\"container\" data-e-type=\"container\" data-settings=\"{&quot;background_background&quot;:&quot;classic&quot;}\">\n\t\t\t\t\t<div class=\"e-con-inner\">\n\t\t\t\t<div class=\"elementor-element elementor-element-506cfa66 elementor-widget elementor-widget-heading\" data-id=\"506cfa66\" data-element_type=\"widget\" data-e-type=\"widget\" data-widget_type=\"heading.default\">\n\t\t\t\t\t<h1 class=\"elementor-heading-title elementor-size-default\">Precyzyjne badania i rozw\u00f3j: in\u017cynieria przysz\u0142o\u015bci profesjonalnej piel\u0119gnacji jamy ustnej<\/h1>\t\t\t\t<\/div>\n\t\t\t\t<div class=\"elementor-element elementor-element-240b0899 elementor-widget elementor-widget-heading\" data-id=\"240b0899\" data-element_type=\"widget\" data-e-type=\"widget\" data-widget_type=\"heading.default\">\n\t\t\t\t\t<div class=\"elementor-heading-title elementor-size-default\">Relish \u0142\u0105czy zaawansowane wewn\u0119trzne prace badawczo-rozwojowe z ponad 15-letnim do\u015bwiadczeniem w zakresie materia\u0142\u00f3w, aby dostarcza\u0107 skalowalne, certyfikowane i innowacyjne rozwi\u0105zania stomatologiczne dostosowane do wymaga\u0144 globalnego rynku.<\/div>\t\t\t\t<\/div>\n\t\t\t\t\t<\/div>\n\t\t\t\t<\/div>\n\t\t<div class=\"elementor-element elementor-element-eb0657f e-flex e-con-boxed e-con e-parent\" data-id=\"eb0657f\" data-element_type=\"container\" data-e-type=\"container\" data-settings=\"{&quot;background_background&quot;:&quot;classic&quot;}\">\n\t\t\t\t\t<div class=\"e-con-inner\">\n\t\t<div class=\"elementor-element elementor-element-de96351 e-con-full e-flex e-con e-child\" data-id=\"de96351\" data-element_type=\"container\" data-e-type=\"container\">\n\t\t\t\t<div class=\"elementor-element elementor-element-df84de6 elementor-widget elementor-widget-heading\" data-id=\"df84de6\" data-element_type=\"widget\" data-e-type=\"widget\" data-widget_type=\"heading.default\">\n\t\t\t\t\t<h2 class=\"elementor-heading-title elementor-size-default\">2025 Innowacja\nPierwsza na \u015bwiecie spinoniczna szczoteczka do z\u0119b\u00f3w 3 w 1<\/h2>\t\t\t\t<\/div>\n\t\t\t\t<div class=\"elementor-element elementor-element-d6ccd4d elementor-widget elementor-widget-text-editor\" data-id=\"d6ccd4d\" data-element_type=\"widget\" data-e-type=\"widget\" data-widget_type=\"text-editor.default\">\n\t\t\t\t\t\t\t\t\t<ul><li><p data-path-to-node=\"10,1,1,0,0\" data-imt-p=\"1\"><b data-path-to-node=\"10,1,1,0,0\" data-index-in-node=\"0\">Integracja obrotowa, d\u017awi\u0119kowa i wibracyjna:<\/b> Prze\u0142omowa technologia hybrydowa zapewniaj\u0105ca niezr\u00f3wnan\u0105 skuteczno\u015b\u0107 czyszczenia.<\/p><\/li><li><p data-path-to-node=\"10,1,1,1,0\" data-imt-p=\"1\"><b data-path-to-node=\"10,1,1,1,0\" data-index-in-node=\"0\">Inteligentne sterowanie serwomechanizmem:<\/b> Nap\u0119dzany cichym silnikiem wibrod\u017awi\u0119kowym z rozpoznawaniem g\u0142\u00f3wki szczoteczki AI i wykrywaniem nacisku.<\/p><\/li><li><p data-path-to-node=\"10,1,1,2,0\" data-imt-p=\"1\"><b data-path-to-node=\"10,1,1,2,0\" data-index-in-node=\"0\">Ruch zalecany przez dentyst\u00f3w:<\/b> \u0141\u0105czy moc czyszczenia Oral-B i komfort Philips w jednym urz\u0105dzeniu.<\/p><\/li><\/ul>\t\t\t\t\t\t\t\t<\/div>\n\t\t\t\t<\/div>\n\t\t<div class=\"elementor-element elementor-element-ede9b7b e-con-full e-flex e-con e-child\" data-id=\"ede9b7b\" data-element_type=\"container\" data-e-type=\"container\">\n\t\t\t\t<div class=\"elementor-element elementor-element-24d7f7c elementor-invisible elementor-widget elementor-widget-image\" data-id=\"24d7f7c\" data-element_type=\"widget\" data-e-type=\"widget\" data-settings=\"{&quot;_animation&quot;:&quot;fadeInUp&quot;}\" data-widget_type=\"image.default\">\n\t\t\t\t\t\t\t\t\t\t\t\t\t\t\t<img fetchpriority=\"high\" decoding=\"async\" width=\"800\" height=\"550\" src=\"https:\/\/relish-tech.com\/wp-content\/uploads\/2026\/01\/worlds-first-3-in-1-spinsonic-electric-toothbrush.webp\" class=\"attachment-large size-large wp-image-2179\" alt=\"Pierwsza na \u015bwiecie szczoteczka do z\u0119b\u00f3w 3 w 1 Spinsonic z 31000 wibracji sonicznych, 360-stopniowym obrotem i 60-stopniowym zamiataniem dla niezr\u00f3wnanego czyszczenia.\" srcset=\"https:\/\/relish-tech.com\/wp-content\/uploads\/2026\/01\/worlds-first-3-in-1-spinsonic-electric-toothbrush.webp 800w, https:\/\/relish-tech.com\/wp-content\/uploads\/2026\/01\/worlds-first-3-in-1-spinsonic-electric-toothbrush-300x206.webp 300w, https:\/\/relish-tech.com\/wp-content\/uploads\/2026\/01\/worlds-first-3-in-1-spinsonic-electric-toothbrush-768x528.webp 768w, https:\/\/relish-tech.com\/wp-content\/uploads\/2026\/01\/worlds-first-3-in-1-spinsonic-electric-toothbrush-18x12.webp 18w\" sizes=\"(max-width: 800px) 100vw, 800px\" title=\"\">\t\t\t\t\t\t\t\t\t\t\t\t\t\t\t<\/div>\n\t\t\t\t<\/div>\n\t\t\t\t\t<\/div>\n\t\t\t\t<\/div>\n\t\t<div class=\"elementor-element elementor-element-1b8b51c e-flex e-con-boxed e-con e-parent\" data-id=\"1b8b51c\" data-element_type=\"container\" data-e-type=\"container\">\n\t\t\t\t\t<div class=\"e-con-inner\">\n\t\t<div class=\"elementor-element elementor-element-8e06b3b e-con-full e-flex e-con e-child\" data-id=\"8e06b3b\" data-element_type=\"container\" data-e-type=\"container\">\n\t\t\t\t<div class=\"elementor-element elementor-element-7ee1ca2 elementor-invisible elementor-widget elementor-widget-image\" data-id=\"7ee1ca2\" data-element_type=\"widget\" data-e-type=\"widget\" data-settings=\"{&quot;_animation&quot;:&quot;fadeInUp&quot;}\" data-widget_type=\"image.default\">\n\t\t\t\t\t\t\t\t\t\t\t\t\t\t\t<img decoding=\"async\" width=\"2560\" height=\"1582\" src=\"https:\/\/relish-tech.com\/wp-content\/uploads\/2026\/02\/integrated-engineering-partner-oral-care-rd-team-scaled.webp\" class=\"attachment-full size-full wp-image-2533\" alt=\"Wielofunkcyjny zesp\u00f3\u0142 Relish Tech sk\u0142adaj\u0105cy si\u0119 z ponad 30 in\u017cynier\u00f3w zajmuj\u0105cych si\u0119 konstrukcj\u0105, sprz\u0119tem i oprogramowaniem do opracowywania produkt\u00f3w do higieny jamy ustnej.\" srcset=\"https:\/\/relish-tech.com\/wp-content\/uploads\/2026\/02\/integrated-engineering-partner-oral-care-rd-team-scaled.webp 2560w, https:\/\/relish-tech.com\/wp-content\/uploads\/2026\/02\/integrated-engineering-partner-oral-care-rd-team-300x185.webp 300w, https:\/\/relish-tech.com\/wp-content\/uploads\/2026\/02\/integrated-engineering-partner-oral-care-rd-team-1024x633.webp 1024w, https:\/\/relish-tech.com\/wp-content\/uploads\/2026\/02\/integrated-engineering-partner-oral-care-rd-team-768x475.webp 768w, https:\/\/relish-tech.com\/wp-content\/uploads\/2026\/02\/integrated-engineering-partner-oral-care-rd-team-1536x949.webp 1536w, https:\/\/relish-tech.com\/wp-content\/uploads\/2026\/02\/integrated-engineering-partner-oral-care-rd-team-2048x1266.webp 2048w, https:\/\/relish-tech.com\/wp-content\/uploads\/2026\/02\/integrated-engineering-partner-oral-care-rd-team-18x12.webp 18w\" sizes=\"(max-width: 2560px) 100vw, 2560px\" title=\"\">\t\t\t\t\t\t\t\t\t\t\t\t\t\t\t<\/div>\n\t\t\t\t<\/div>\n\t\t<div class=\"elementor-element elementor-element-74fe9bc e-con-full e-flex e-con e-child\" data-id=\"74fe9bc\" data-element_type=\"container\" data-e-type=\"container\" data-settings=\"{&quot;background_background&quot;:&quot;classic&quot;}\">\n\t\t\t\t<div class=\"elementor-element elementor-element-140c9af elementor-widget elementor-widget-heading\" data-id=\"140c9af\" data-element_type=\"widget\" data-e-type=\"widget\" data-widget_type=\"heading.default\">\n\t\t\t\t\t<h2 class=\"elementor-heading-title elementor-size-default\">Pod\u0105\u017caj za trendami w jamie ustnej<\/h2>\t\t\t\t<\/div>\n\t\t\t\t<div class=\"elementor-element elementor-element-02ed229 elementor-widget elementor-widget-text-editor\" data-id=\"02ed229\" data-element_type=\"widget\" data-e-type=\"widget\" data-widget_type=\"text-editor.default\">\n\t\t\t\t\t\t\t\t\t<p data-path-to-node=\"12,1,0\" data-imt-p=\"1\"><b data-path-to-node=\"12,1,0\" data-index-in-node=\"4\">Zintegrowany partner in\u017cynieryjny<\/b> Nasz wielofunkcyjny zesp\u00f3\u0142 <b data-path-to-node=\"12,1,0\" data-index-in-node=\"69\">Ponad 30 in\u017cynier\u00f3w strukturalnych, sprz\u0119towych i oprogramowania<\/b> przekszta\u0142ca Twoj\u0105 wizj\u0119 w funkcjonalne, gotowe do wprowadzenia na rynek produkty.<\/p><ul data-path-to-node=\"12,1,1\"><li><p data-path-to-node=\"12,1,1,0,0\" data-imt-p=\"1\"><b data-path-to-node=\"12,1,1,0,0\" data-index-in-node=\"0\">Szybkie prototypowanie:<\/b> Modelowanie 3D CAD i prototypowanie CNC gotowe w <b data-path-to-node=\"12,1,1,0,0\" data-index-in-node=\"64\">3-7 dni<\/b>.<\/p><\/li><li><p data-path-to-node=\"12,1,1,1,0\" data-imt-p=\"1\"><b data-path-to-node=\"12,1,1,1,0\" data-index-in-node=\"0\">Projektowanie zgodne z przepisami:<\/b> Procesy badawczo-rozwojowe w pe\u0142ni dostosowane do <b data-path-to-node=\"12,1,1,1,0\" data-index-in-node=\"58\">ISO 13485<\/b> normy dotycz\u0105ce urz\u0105dze\u0144 medycznych.<\/p><\/li><\/ul>\t\t\t\t\t\t\t\t<\/div>\n\t\t\t\t<div class=\"elementor-element elementor-element-ba79f97 elementor-widget elementor-widget-button\" data-id=\"ba79f97\" data-element_type=\"widget\" data-e-type=\"widget\" data-widget_type=\"button.default\">\n\t\t\t\t\t\t\t\t\t\t<a class=\"elementor-button elementor-button-link elementor-size-sm\" href=\"#\">\n\t\t\t\t\t\t<span class=\"elementor-button-content-wrapper\">\n\t\t\t\t\t\t\t\t\t<span class=\"elementor-button-text\">Popro\u015b o konsultacj\u0119 badawczo-rozwojow\u0105<\/span>\n\t\t\t\t\t<\/span>\n\t\t\t\t\t<\/a>\n\t\t\t\t\t\t\t\t<\/div>\n\t\t\t\t<\/div>\n\t\t\t\t\t<\/div>\n\t\t\t\t<\/div>\n\t\t<div class=\"elementor-element elementor-element-ac285cb e-flex e-con-boxed e-con e-parent\" data-id=\"ac285cb\" data-element_type=\"container\" data-e-type=\"container\" data-settings=\"{&quot;background_background&quot;:&quot;classic&quot;}\">\n\t\t\t\t\t<div class=\"e-con-inner\">\n\t\t<div class=\"elementor-element elementor-element-e29c4ed e-con-full e-flex e-con e-child\" data-id=\"e29c4ed\" data-element_type=\"container\" data-e-type=\"container\" data-settings=\"{&quot;background_background&quot;:&quot;classic&quot;}\">\n\t\t\t\t<div class=\"elementor-element elementor-element-2cdec50 elementor-widget elementor-widget-heading\" data-id=\"2cdec50\" data-element_type=\"widget\" data-e-type=\"widget\" data-widget_type=\"heading.default\">\n\t\t\t\t\t<h2 class=\"elementor-heading-title elementor-size-default\">Stoimy przed Tob\u0105. I ty te\u017c.<\/h2>\t\t\t\t<\/div>\n\t\t\t\t<div class=\"elementor-element elementor-element-3b6d665 elementor-widget elementor-widget-text-editor\" data-id=\"3b6d665\" data-element_type=\"widget\" data-e-type=\"widget\" data-widget_type=\"text-editor.default\">\n\t\t\t\t\t\t\t\t\t<h4 data-path-to-node=\"4\"><b data-path-to-node=\"4\" data-index-in-node=\"0\" data-imt-p=\"1\">Beyond Cleaning - inteligentne, zr\u00f3wnowa\u017cone i strategiczne.<\/b><\/h4><p data-path-to-node=\"5\" data-imt-p=\"1\">Rynek produkt\u00f3w do higieny jamy ustnej rozwija si\u0119 bardzo szybko. Dzisiejsi konsumenci oczekuj\u0105 czego\u015b wi\u0119cej ni\u017c tylko czystego u\u015bmiechu. <b data-path-to-node=\"5\" data-index-in-node=\"104\">inteligentna technologia, ekologiczne materia\u0142y i spersonalizowane do\u015bwiadczenia<\/b>. Samo nad\u0105\u017canie nie wystarczy. Aby zdominowa\u0107 p\u00f3\u0142k\u0119, musisz <b data-path-to-node=\"5\" data-index-in-node=\"241\">zak\u0142\u00f3ci\u0107 status quo<\/b>.<\/p><p data-path-to-node=\"6\" data-imt-p=\"1\">W Relish nie tylko pod\u0105\u017camy za trendami.<b data-path-to-node=\"6\" data-index-in-node=\"39\">definiujemy je<\/b>.<\/p><p data-path-to-node=\"8,3,0\" data-imt-p=\"1\">\u00a0<\/p>\t\t\t\t\t\t\t\t<\/div>\n\t\t\t\t<div class=\"elementor-element elementor-element-468a6a5 elementor-widget elementor-widget-button\" data-id=\"468a6a5\" data-element_type=\"widget\" data-e-type=\"widget\" data-widget_type=\"button.default\">\n\t\t\t\t\t\t\t\t\t\t<a class=\"elementor-button elementor-button-link elementor-size-sm\" href=\"#\">\n\t\t\t\t\t\t<span class=\"elementor-button-content-wrapper\">\n\t\t\t\t\t\t\t\t\t<span class=\"elementor-button-text\">Popro\u015b o konsultacj\u0119 badawczo-rozwojow\u0105<\/span>\n\t\t\t\t\t<\/span>\n\t\t\t\t\t<\/a>\n\t\t\t\t\t\t\t\t<\/div>\n\t\t\t\t<\/div>\n\t\t<div class=\"elementor-element elementor-element-d854592 e-con-full e-flex e-con e-child\" data-id=\"d854592\" data-element_type=\"container\" data-e-type=\"container\">\n\t\t\t\t<div class=\"elementor-element elementor-element-7629c07 elementor-invisible elementor-widget elementor-widget-image\" data-id=\"7629c07\" data-element_type=\"widget\" data-e-type=\"widget\" data-settings=\"{&quot;_animation&quot;:&quot;fadeInUp&quot;}\" data-widget_type=\"image.default\">\n\t\t\t\t\t\t\t\t\t\t\t\t\t\t\t<img decoding=\"async\" width=\"800\" height=\"550\" src=\"https:\/\/relish-tech.com\/wp-content\/uploads\/2026\/01\/smart-sustainable-oral-care-rd-innovation.webp\" class=\"attachment-large size-large wp-image-2180\" alt=\"Ekspert w dziedzinie bada\u0144 i rozwoju Relish bada materia\u0142y przyjazne dla \u015brodowiska i inteligentne technologie, aby zak\u0142\u00f3ci\u0107 status quo na rynku produkt\u00f3w do higieny jamy ustnej.\" srcset=\"https:\/\/relish-tech.com\/wp-content\/uploads\/2026\/01\/smart-sustainable-oral-care-rd-innovation.webp 800w, https:\/\/relish-tech.com\/wp-content\/uploads\/2026\/01\/smart-sustainable-oral-care-rd-innovation-300x206.webp 300w, https:\/\/relish-tech.com\/wp-content\/uploads\/2026\/01\/smart-sustainable-oral-care-rd-innovation-768x528.webp 768w, https:\/\/relish-tech.com\/wp-content\/uploads\/2026\/01\/smart-sustainable-oral-care-rd-innovation-18x12.webp 18w\" sizes=\"(max-width: 800px) 100vw, 800px\" title=\"\">\t\t\t\t\t\t\t\t\t\t\t\t\t\t\t<\/div>\n\t\t\t\t<\/div>\n\t\t\t\t\t<\/div>\n\t\t\t\t<\/div>\n\t\t<div class=\"elementor-element elementor-element-cae6379 e-flex e-con-boxed e-con e-parent\" data-id=\"cae6379\" data-element_type=\"container\" data-e-type=\"container\">\n\t\t\t\t\t<div class=\"e-con-inner\">\n\t\t<div class=\"elementor-element elementor-element-2254bdc e-con-full e-flex e-con e-child\" data-id=\"2254bdc\" data-element_type=\"container\" data-e-type=\"container\">\n\t\t\t\t<div class=\"elementor-element elementor-element-019e4f1 elementor-invisible elementor-widget elementor-widget-image\" data-id=\"019e4f1\" data-element_type=\"widget\" data-e-type=\"widget\" data-settings=\"{&quot;_animation&quot;:&quot;fadeInUp&quot;}\" data-widget_type=\"image.default\">\n\t\t\t\t\t\t\t\t\t\t\t\t\t\t\t<img loading=\"lazy\" decoding=\"async\" width=\"1024\" height=\"559\" src=\"https:\/\/relish-tech.com\/wp-content\/uploads\/2026\/02\/advanced-electric-toothbrush-motor-design-innovation.webp\" class=\"attachment-full size-full wp-image-2546\" alt=\"Przekr\u00f3j zaawansowanego silnika elektrycznej szczoteczki do z\u0119b\u00f3w z neodymowym wirnikiem o wysokim momencie obrotowym, inteligentnym serwomechanizmem PCB i opatentowanym mechanizmem wibrod\u017awi\u0119kowym.\" srcset=\"https:\/\/relish-tech.com\/wp-content\/uploads\/2026\/02\/advanced-electric-toothbrush-motor-design-innovation.webp 1024w, https:\/\/relish-tech.com\/wp-content\/uploads\/2026\/02\/advanced-electric-toothbrush-motor-design-innovation-300x164.webp 300w, https:\/\/relish-tech.com\/wp-content\/uploads\/2026\/02\/advanced-electric-toothbrush-motor-design-innovation-768x419.webp 768w, https:\/\/relish-tech.com\/wp-content\/uploads\/2026\/02\/advanced-electric-toothbrush-motor-design-innovation-18x10.webp 18w\" sizes=\"(max-width: 1024px) 100vw, 1024px\" title=\"\">\t\t\t\t\t\t\t\t\t\t\t\t\t\t\t<\/div>\n\t\t\t\t<\/div>\n\t\t<div class=\"elementor-element elementor-element-bd0ff2b e-con-full e-flex e-con e-child\" data-id=\"bd0ff2b\" data-element_type=\"container\" data-e-type=\"container\" data-settings=\"{&quot;background_background&quot;:&quot;classic&quot;}\">\n\t\t\t\t<div class=\"elementor-element elementor-element-b1a346a elementor-widget elementor-widget-heading\" data-id=\"b1a346a\" data-element_type=\"widget\" data-e-type=\"widget\" data-widget_type=\"heading.default\">\n\t\t\t\t\t<h2 class=\"elementor-heading-title elementor-size-default\">Dlaczego warto wsp\u00f3\u0142pracowa\u0107 z Relish R&amp;D?<\/h2>\t\t\t\t<\/div>\n\t\t\t\t<div class=\"elementor-element elementor-element-93f1bbc elementor-widget elementor-widget-text-editor\" data-id=\"93f1bbc\" data-element_type=\"widget\" data-e-type=\"widget\" data-widget_type=\"text-editor.default\">\n\t\t\t\t\t\t\t\t\t<ul data-path-to-node=\"8\"><li><p data-path-to-node=\"8,0,0\" data-imt-p=\"1\"><b data-path-to-node=\"8,0,0\" data-index-in-node=\"0\">Najnowocze\u015bniejsze innowacje:<\/b> Charakteryzuje si\u0119 zaawansowan\u0105 konstrukcj\u0105 silnika, biodegradowalnymi materia\u0142ami i inteligentnym, po\u0142\u0105czonym opakowaniem.<\/p><\/li><li><p data-path-to-node=\"8,1,0\" data-imt-p=\"1\"><b data-path-to-node=\"8,1,0\" data-index-in-node=\"0\">Wielofunkcyjna wiedza specjalistyczna:<\/b> Nasz zesp\u00f3\u0142 \u0142\u0105czy precyzj\u0119 in\u017cynieryjn\u0105, wzornictwo przemys\u0142owe i dog\u0142\u0119bn\u0105 wiedz\u0119 o konsumentach.<\/p><\/li><li><p data-path-to-node=\"8,2,0\" data-imt-p=\"1\"><b data-path-to-node=\"8,2,0\" data-index-in-node=\"0\">Szybko\u015b\u0107 wprowadzania produkt\u00f3w na rynek:<\/b> Zmieniamy Twoj\u0105 wizj\u0119 w rzeczywisto\u015b\u0107 szybciej i m\u0105drzej, dzi\u0119ki <b data-path-to-node=\"8,2,0\" data-index-in-node=\"75\">Pe\u0142ne wsparcie w zakresie zgodno\u015bci z przepisami<\/b> wbudowany.<\/p><\/li><li><p data-path-to-node=\"8,3,0\" data-imt-p=\"1\"><b data-path-to-node=\"8,3,0\" data-index-in-node=\"0\">Sprawdzone zr\u00f3\u017cnicowanie:<\/b> Od zr\u00f3wnowa\u017conych system\u00f3w bambusowych po higien\u0119 opart\u0105 na sztucznej inteligencji - tworzymy produkty, kt\u00f3re wyr\u00f3\u017cniaj\u0105 si\u0119 w codziennej rutynie i globalnym handlu detalicznym.<\/p><\/li><\/ul>\t\t\t\t\t\t\t\t<\/div>\n\t\t\t\t<div class=\"elementor-element elementor-element-98d1975 elementor-widget elementor-widget-button\" data-id=\"98d1975\" data-element_type=\"widget\" data-e-type=\"widget\" data-widget_type=\"button.default\">\n\t\t\t\t\t\t\t\t\t\t<a class=\"elementor-button elementor-button-link elementor-size-sm\" href=\"#\">\n\t\t\t\t\t\t<span class=\"elementor-button-content-wrapper\">\n\t\t\t\t\t\t\t\t\t<span class=\"elementor-button-text\">Popro\u015b o konsultacj\u0119 badawczo-rozwojow\u0105<\/span>\n\t\t\t\t\t<\/span>\n\t\t\t\t\t<\/a>\n\t\t\t\t\t\t\t\t<\/div>\n\t\t\t\t<\/div>\n\t\t\t\t\t<\/div>\n\t\t\t\t<\/div>\n\t\t<div class=\"elementor-element elementor-element-df41498 e-flex e-con-boxed e-con e-parent\" data-id=\"df41498\" data-element_type=\"container\" data-e-type=\"container\" data-settings=\"{&quot;background_background&quot;:&quot;classic&quot;}\">\n\t\t\t\t\t<div class=\"e-con-inner\">\n\t\t<div class=\"elementor-element elementor-element-188f428 e-con-full e-flex e-con e-child\" data-id=\"188f428\" data-element_type=\"container\" data-e-type=\"container\" data-settings=\"{&quot;background_background&quot;:&quot;classic&quot;}\">\n\t\t\t\t<div class=\"elementor-element elementor-element-e21b74a elementor-widget elementor-widget-heading\" data-id=\"e21b74a\" data-element_type=\"widget\" data-e-type=\"widget\" data-widget_type=\"heading.default\">\n\t\t\t\t\t<h2 class=\"elementor-heading-title elementor-size-default\">Zr\u00f3wnowa\u017cone innowacje, zaprojektowane z my\u015bl\u0105 o wydajno\u015bci<\/h2>\t\t\t\t<\/div>\n\t\t\t\t<div class=\"elementor-element elementor-element-564e595 elementor-widget elementor-widget-text-editor\" data-id=\"564e595\" data-element_type=\"widget\" data-e-type=\"widget\" data-widget_type=\"text-editor.default\">\n\t\t\t\t\t\t\t\t\t<p>W Relish wierzymy, \u017ce wysoka wydajno\u015b\u0107 i przyjazny dla planety design id\u0105 w parze. Nasz najnowszy prze\u0142om - szczoteczka 3 w 1 Spinsonic Toothbrush - \u0142\u0105czy zaawansowane czyszczenie soniczne z ekologiczn\u0105 in\u017cynieri\u0105: energooszcz\u0119dnymi silnikami, wymiennymi g\u0142owicami w celu zmniejszenia ilo\u015bci odpad\u00f3w oraz opakowaniem wykonanym z materia\u0142\u00f3w pochodz\u0105cych z recyklingu.<\/p><p>Opracowany we w\u0142asnym zakresie przez nasz zesp\u00f3\u0142 badawczo-rozwojowy, jest dowodem na to, \u017ce innowacje w piel\u0119gnacji jamy ustnej mog\u0105 by\u0107 pot\u0119\u017cne, odpowiedzialne i gotowe na dzisiejszego \u015bwiadomego konsumenta.<\/p><p>Zaprojektowany przez Relish. Stworzony z my\u015bl\u0105 o przysz\u0142o\u015bci.<\/p>\t\t\t\t\t\t\t\t<\/div>\n\t\t\t\t<div class=\"elementor-element elementor-element-020e1f6 elementor-widget elementor-widget-button\" data-id=\"020e1f6\" data-element_type=\"widget\" data-e-type=\"widget\" data-widget_type=\"button.default\">\n\t\t\t\t\t\t\t\t\t\t<a class=\"elementor-button elementor-button-link elementor-size-sm\" href=\"#\">\n\t\t\t\t\t\t<span class=\"elementor-button-content-wrapper\">\n\t\t\t\t\t\t\t\t\t<span class=\"elementor-button-text\">Poznaj zr\u00f3wnowa\u017cone rozwi\u0105zania<\/span>\n\t\t\t\t\t<\/span>\n\t\t\t\t\t<\/a>\n\t\t\t\t\t\t\t\t<\/div>\n\t\t\t\t<\/div>\n\t\t<div class=\"elementor-element elementor-element-f696e9f e-con-full e-flex e-con e-child\" data-id=\"f696e9f\" data-element_type=\"container\" data-e-type=\"container\" data-settings=\"{&quot;background_background&quot;:&quot;classic&quot;}\">\n\t\t\t\t<div class=\"elementor-element elementor-element-af502f0 elementor-invisible elementor-widget elementor-widget-image\" data-id=\"af502f0\" data-element_type=\"widget\" data-e-type=\"widget\" data-settings=\"{&quot;_animation&quot;:&quot;fadeInUp&quot;}\" data-widget_type=\"image.default\">\n\t\t\t\t\t\t\t\t\t\t\t\t\t\t\t<img loading=\"lazy\" decoding=\"async\" width=\"800\" height=\"550\" src=\"https:\/\/relish-tech.com\/wp-content\/uploads\/2026\/01\/sustainable-innovation-3-in-1-spinsonic-toothbrush.webp\" class=\"attachment-large size-large wp-image-2181\" alt=\"Szczoteczka do z\u0119b\u00f3w 3 w 1 Spinsonic zapewnia 60-stopniowy ruch wymiataj\u0105cy, 360-stopniowy ruch obrotowy i 31000 drga\u0144 sonicznych, zaprojektowanych z my\u015bl\u0105 o wysokiej wydajno\u015bci i ekologicznych, zr\u00f3wnowa\u017conych innowacjach.\" srcset=\"https:\/\/relish-tech.com\/wp-content\/uploads\/2026\/01\/sustainable-innovation-3-in-1-spinsonic-toothbrush.webp 800w, https:\/\/relish-tech.com\/wp-content\/uploads\/2026\/01\/sustainable-innovation-3-in-1-spinsonic-toothbrush-300x206.webp 300w, https:\/\/relish-tech.com\/wp-content\/uploads\/2026\/01\/sustainable-innovation-3-in-1-spinsonic-toothbrush-768x528.webp 768w, https:\/\/relish-tech.com\/wp-content\/uploads\/2026\/01\/sustainable-innovation-3-in-1-spinsonic-toothbrush-18x12.webp 18w\" sizes=\"(max-width: 800px) 100vw, 800px\" title=\"\">\t\t\t\t\t\t\t\t\t\t\t\t\t\t\t<\/div>\n\t\t\t\t<\/div>\n\t\t\t\t\t<\/div>\n\t\t\t\t<\/div>\n\t\t\t\t<\/div>","protected":false},"excerpt":{"rendered":"<p>Precision R&amp;D: Engineering the Future of Professional Oral Care Relish combines advanced in-house R&amp;D with 15+ years of materials expertise [&hellip;]<\/p>\n","protected":false},"author":1,"featured_media":0,"parent":0,"menu_order":0,"comment_status":"closed","ping_status":"closed","template":"","meta":{"footnotes":""},"class_list":["post-1605","page","type-page","status-publish","hentry"],"blocksy_meta":{"has_hero_section":"disabled","vertical_spacing_source":"custom","content_area_spacing":"none","styles_descriptor":{"styles":{"desktop":"","tablet":"","mobile":""},"google_fonts":[],"version":6}},"_links":{"self":[{"href":"https:\/\/relish-tech.com\/pl\/wp-json\/wp\/v2\/pages\/1605","targetHints":{"allow":["GET"]}}],"collection":[{"href":"https:\/\/relish-tech.com\/pl\/wp-json\/wp\/v2\/pages"}],"about":[{"href":"https:\/\/relish-tech.com\/pl\/wp-json\/wp\/v2\/types\/page"}],"author":[{"embeddable":true,"href":"https:\/\/relish-tech.com\/pl\/wp-json\/wp\/v2\/users\/1"}],"replies":[{"embeddable":true,"href":"https:\/\/relish-tech.com\/pl\/wp-json\/wp\/v2\/comments?post=1605"}],"version-history":[{"count":46,"href":"https:\/\/relish-tech.com\/pl\/wp-json\/wp\/v2\/pages\/1605\/revisions"}],"predecessor-version":[{"id":2702,"href":"https:\/\/relish-tech.com\/pl\/wp-json\/wp\/v2\/pages\/1605\/revisions\/2702"}],"wp:attachment":[{"href":"https:\/\/relish-tech.com\/pl\/wp-json\/wp\/v2\/media?parent=1605"}],"curies":[{"name":"wp","href":"https:\/\/api.w.org\/{rel}","templated":true}]}}