{"id":1581,"date":"2025-11-15T02:47:06","date_gmt":"2025-11-15T02:47:06","guid":{"rendered":"https:\/\/relish.quhenet.com\/?page_id=1581"},"modified":"2026-03-11T06:58:56","modified_gmt":"2026-03-11T06:58:56","slug":"opakowania-niestandardowe","status":"publish","type":"page","link":"https:\/\/relish-tech.com\/pl\/custom-packaging\/","title":{"rendered":"Opakowanie niestandardowe"},"content":{"rendered":"<div data-elementor-type=\"wp-page\" data-elementor-id=\"1581\" class=\"elementor elementor-1581\" data-elementor-post-type=\"page\">\n\t\t\t\t<div class=\"elementor-element elementor-element-3da04f74 e-flex e-con-boxed e-con e-parent\" data-id=\"3da04f74\" data-element_type=\"container\" data-e-type=\"container\" data-settings=\"{&quot;background_background&quot;:&quot;classic&quot;}\">\n\t\t\t\t\t<div class=\"e-con-inner\">\n\t\t\t\t<div class=\"elementor-element elementor-element-aebf0b6 elementor-widget elementor-widget-heading\" data-id=\"aebf0b6\" data-element_type=\"widget\" data-e-type=\"widget\" data-widget_type=\"heading.default\">\n\t\t\t\t\t<h1 class=\"elementor-heading-title elementor-size-default\">Niestandardowe opakowania gotowe do sprzeda\u017cy detalicznej: Zwi\u0119ksz obecno\u015b\u0107 swojej marki<\/h1>\t\t\t\t<\/div>\n\t\t\t\t<div class=\"elementor-element elementor-element-660bf9e2 elementor-widget elementor-widget-heading\" data-id=\"660bf9e2\" data-element_type=\"widget\" data-e-type=\"widget\" data-widget_type=\"heading.default\">\n\t\t\t\t\t<div class=\"elementor-heading-title elementor-size-default\">Od ekologicznych pude\u0142ek typu kraft po wysokiej jako\u015bci magnetyczne ekspozytory detaliczne - zapewniamy kompleksowe rozwi\u0105zania opakowaniowe, kt\u00f3re chroni\u0105 produkty i przyci\u0105gaj\u0105 klient\u00f3w.<\/div>\t\t\t\t<\/div>\n\t\t\t\t\t<\/div>\n\t\t\t\t<\/div>\n\t\t<div class=\"elementor-element elementor-element-8c1887c e-grid e-con-boxed e-con e-parent\" data-id=\"8c1887c\" data-element_type=\"container\" data-e-type=\"container\">\n\t\t\t\t\t<div class=\"e-con-inner\">\n\t\t\t\t<div class=\"elementor-element elementor-element-cf27b01 elementor-position-left elementor-vertical-align-middle elementor-widget elementor-widget-image-box\" data-id=\"cf27b01\" data-element_type=\"widget\" data-e-type=\"widget\" data-widget_type=\"image-box.default\">\n\t\t\t\t\t<div class=\"elementor-image-box-wrapper\"><figure class=\"elementor-image-box-img\"><img decoding=\"async\" width=\"150\" height=\"150\" src=\"https:\/\/relish-tech.com\/wp-content\/uploads\/2025\/11\/united-150x150-1.png\" class=\"attachment-full size-full wp-image-1584\" alt=\"\" title=\"\"><\/figure><div class=\"elementor-image-box-content\"><h5 class=\"elementor-image-box-title\">Kompleksowa integracja \u0142a\u0144cucha dostaw<\/h5><p class=\"elementor-image-box-description\">Oszcz\u0119dzaj czas i obni\u017caj koszty, zaopatruj\u0105c si\u0119 w niestandardowe opakowania wraz z produktami do higieny jamy ustnej - wszystko pod jednym dachem. Usprawnienie \u0142a\u0144cucha dostaw dzi\u0119ki zintegrowanemu wsparciu od wst\u0119pnego projektu do ko\u0144cowego monta\u017cu.<\/p><\/div><\/div>\t\t\t\t<\/div>\n\t\t\t\t<div class=\"elementor-element elementor-element-3cca9fd elementor-position-left elementor-vertical-align-middle elementor-widget elementor-widget-image-box\" data-id=\"3cca9fd\" data-element_type=\"widget\" data-e-type=\"widget\" data-widget_type=\"image-box.default\">\n\t\t\t\t\t<div class=\"elementor-image-box-wrapper\"><figure class=\"elementor-image-box-img\"><img decoding=\"async\" width=\"150\" height=\"150\" src=\"https:\/\/relish-tech.com\/wp-content\/uploads\/2025\/11\/warehouse-150x150-1.png\" class=\"attachment-full size-full wp-image-1585\" alt=\"\" title=\"\"><\/figure><div class=\"elementor-image-box-content\"><h5 class=\"elementor-image-box-title\">Skalowalne ceny i ni\u017csze MOQ<\/h5><p class=\"elementor-image-box-description\">Nasze koszty pakowania s\u0105 jasno wyszczeg\u00f3lnione i nie zawieraj\u0105 \u017cadnych ukrytych op\u0142at. Skorzystaj z bezp\u0142atnych opcji magazynowania i elastycznych plan\u00f3w cenowych zaprojektowanych tak, aby rozwija\u0107 si\u0119 wraz z Twoj\u0105 mark\u0105, niezale\u017cnie od tego, czy jeste\u015b startupem, czy globalnym liderem.<\/p><\/div><\/div>\t\t\t\t<\/div>\n\t\t\t\t<div class=\"elementor-element elementor-element-1b43af1 elementor-position-left elementor-vertical-align-middle elementor-widget elementor-widget-image-box\" data-id=\"1b43af1\" data-element_type=\"widget\" data-e-type=\"widget\" data-widget_type=\"image-box.default\">\n\t\t\t\t\t<div class=\"elementor-image-box-wrapper\"><figure class=\"elementor-image-box-img\"><img decoding=\"async\" width=\"150\" height=\"150\" src=\"https:\/\/relish-tech.com\/wp-content\/uploads\/2025\/11\/quotation-150x150-1.png\" class=\"attachment-full size-full wp-image-1586\" alt=\"\" title=\"\"><\/figure><div class=\"elementor-image-box-content\"><h5 class=\"elementor-image-box-title\">Ponad 15 lat do\u015bwiadczenia w zakresie opakowa\u0144 B2B<\/h5><p class=\"elementor-image-box-description\">Dzi\u0119ki ponad 15-letniemu do\u015bwiadczeniu w produkcji produkt\u00f3w do higieny jamy ustnej, opanowali\u015bmy ka\u017cdy szczeg\u00f3\u0142 opakowania - od mi\u0119dzynarodowych standard\u00f3w zr\u00f3wnowa\u017conego rozwoju po wysok\u0105 estetyk\u0119 p\u00f3\u0142ki.<\/p><\/div><\/div>\t\t\t\t<\/div>\n\t\t\t\t<div class=\"elementor-element elementor-element-3862c4b elementor-position-left elementor-vertical-align-middle elementor-widget elementor-widget-image-box\" data-id=\"3862c4b\" data-element_type=\"widget\" data-e-type=\"widget\" data-widget_type=\"image-box.default\">\n\t\t\t\t\t<div class=\"elementor-image-box-wrapper\"><figure class=\"elementor-image-box-img\"><img loading=\"lazy\" decoding=\"async\" width=\"150\" height=\"150\" src=\"https:\/\/relish-tech.com\/wp-content\/uploads\/2025\/11\/rating-150x150-1.png\" class=\"attachment-full size-full wp-image-1587\" alt=\"\" title=\"\"><\/figure><div class=\"elementor-image-box-content\"><h5 class=\"elementor-image-box-title\">Przejrzyste ceny i szybkie szacunki<\/h5><p class=\"elementor-image-box-description\">Uzyskaj szybk\u0105, przejrzyst\u0105 wycen\u0119 dostosowan\u0105 do ilo\u015bci, materia\u0142\u00f3w i wymaga\u0144 dotycz\u0105cych marki. Eliminujemy op\u00f3\u017anienia dzi\u0119ki natychmiastowym, dok\u0142adnym szacunkom koszt\u00f3w, aby utrzyma\u0107 projekt zgodnie z harmonogramem.<\/p><\/div><\/div>\t\t\t\t<\/div>\n\t\t\t\t\t<\/div>\n\t\t\t\t<\/div>\n\t\t<div class=\"elementor-element elementor-element-b40e3a6 e-flex e-con-boxed e-con e-parent\" data-id=\"b40e3a6\" data-element_type=\"container\" data-e-type=\"container\" data-settings=\"{&quot;background_background&quot;:&quot;classic&quot;}\">\n\t\t\t\t\t<div class=\"e-con-inner\">\n\t\t\t\t<div class=\"elementor-element elementor-element-864db17 elementor-widget elementor-widget-heading\" data-id=\"864db17\" data-element_type=\"widget\" data-e-type=\"widget\" data-widget_type=\"heading.default\">\n\t\t\t\t\t<h2 class=\"elementor-heading-title elementor-size-default\">Us\u0142uga pakowania mi\u0142o\u015bci od pierwszego wejrzenia<\/h2>\t\t\t\t<\/div>\n\t\t\t\t<div class=\"elementor-element elementor-element-c37ea55 elementor-widget elementor-widget-heading\" data-id=\"c37ea55\" data-element_type=\"widget\" data-e-type=\"widget\" data-widget_type=\"heading.default\">\n\t\t\t\t\t<div class=\"elementor-heading-title elementor-size-default\">Dostosuj swoje markowe opakowanie w zaledwie kilku prostych krokach - zaprojektowane tak, aby zaimponowa\u0107 klientom, zanim jeszcze otworz\u0105 pude\u0142ko.<\/div>\t\t\t\t<\/div>\n\t\t\t\t\t<\/div>\n\t\t\t\t<\/div>\n\t\t<div class=\"elementor-element elementor-element-7c24df2 e-flex e-con-boxed e-con e-parent\" data-id=\"7c24df2\" data-element_type=\"container\" data-e-type=\"container\" data-settings=\"{&quot;background_background&quot;:&quot;classic&quot;}\">\n\t\t\t\t\t<div class=\"e-con-inner\">\n\t\t<div class=\"elementor-element elementor-element-9d391e4 e-con-full e-flex e-con e-child\" data-id=\"9d391e4\" data-element_type=\"container\" data-e-type=\"container\">\n\t\t\t\t<div class=\"elementor-element elementor-element-78743b4 elementor-invisible elementor-widget elementor-widget-image\" data-id=\"78743b4\" data-element_type=\"widget\" data-e-type=\"widget\" data-settings=\"{&quot;_animation&quot;:&quot;fadeInUp&quot;}\" data-widget_type=\"image.default\">\n\t\t\t\t\t\t\t\t\t\t\t\t\t\t\t<img loading=\"lazy\" decoding=\"async\" width=\"800\" height=\"500\" src=\"https:\/\/relish-tech.com\/wp-content\/uploads\/2026\/01\/relish-tech-electric-toothbrush-international-compliance-waterproof-demonstration.webp\" class=\"attachment-large size-large wp-image-2063\" alt=\"A pair of pink and blue electric toothbrushes submerged in water tanks, undergoing a physical waterproof and medical-grade compliance demonstration for global supply chain readiness.\" srcset=\"https:\/\/relish-tech.com\/wp-content\/uploads\/2026\/01\/relish-tech-electric-toothbrush-international-compliance-waterproof-demonstration.webp 800w, https:\/\/relish-tech.com\/wp-content\/uploads\/2026\/01\/relish-tech-electric-toothbrush-international-compliance-waterproof-demonstration-300x188.webp 300w, https:\/\/relish-tech.com\/wp-content\/uploads\/2026\/01\/relish-tech-electric-toothbrush-international-compliance-waterproof-demonstration-768x480.webp 768w, https:\/\/relish-tech.com\/wp-content\/uploads\/2026\/01\/relish-tech-electric-toothbrush-international-compliance-waterproof-demonstration-18x12.webp 18w\" sizes=\"(max-width: 800px) 100vw, 800px\" title=\"\">\t\t\t\t\t\t\t\t\t\t\t\t\t\t\t<\/div>\n\t\t\t\t<\/div>\n\t\t<div class=\"elementor-element elementor-element-4d3c535 e-con-full e-flex e-con e-child\" data-id=\"4d3c535\" data-element_type=\"container\" data-e-type=\"container\">\n\t\t\t\t<div class=\"elementor-element elementor-element-21f9b97 elementor-widget elementor-widget-heading\" data-id=\"21f9b97\" data-element_type=\"widget\" data-e-type=\"widget\" data-widget_type=\"heading.default\">\n\t\t\t\t\t<h3 class=\"elementor-heading-title elementor-size-default\">Krok 1: To\u017csamo\u015b\u0107 marki i konsultacje dotycz\u0105ce plik\u00f3w<\/h3>\t\t\t\t<\/div>\n\t\t\t\t<div class=\"elementor-element elementor-element-f22a861 elementor-widget elementor-widget-text-editor\" data-id=\"f22a861\" data-element_type=\"widget\" data-e-type=\"widget\" data-widget_type=\"text-editor.default\">\n\t\t\t\t\t\t\t\t\t<p>Twoje markowe opakowanie zaczyna si\u0119 od Twojej to\u017csamo\u015bci. Prze\u015blij nam swoje logo lub pliki projektowe w dowolnym formacie, a nasi wewn\u0119trzni eksperci stworz\u0105 profesjonaln\u0105 makiet\u0119, aby zwizualizowa\u0107 osobowo\u015b\u0107 Twojej marki.<\/p>\t\t\t\t\t\t\t\t<\/div>\n\t\t\t\t<div class=\"elementor-element elementor-element-23927e1 elementor-widget elementor-widget-button\" data-id=\"23927e1\" data-element_type=\"widget\" data-e-type=\"widget\" data-widget_type=\"button.default\">\n\t\t\t\t\t\t\t\t\t\t<a class=\"elementor-button elementor-button-link elementor-size-sm\" href=\"\/pl\/kontakt\/\">\n\t\t\t\t\t\t<span class=\"elementor-button-content-wrapper\">\n\t\t\t\t\t\t\t\t\t<span class=\"elementor-button-text\">Kontakt w celu przes\u0142ania logo<\/span>\n\t\t\t\t\t<\/span>\n\t\t\t\t\t<\/a>\n\t\t\t\t\t\t\t\t<\/div>\n\t\t\t\t<\/div>\n\t\t\t\t\t<\/div>\n\t\t\t\t<\/div>\n\t\t<div class=\"elementor-element elementor-element-465eef9 e-flex e-con-boxed e-con e-parent\" data-id=\"465eef9\" data-element_type=\"container\" data-e-type=\"container\" data-settings=\"{&quot;background_background&quot;:&quot;classic&quot;}\">\n\t\t\t\t\t<div class=\"e-con-inner\">\n\t\t<div class=\"elementor-element elementor-element-27e3752 e-con-full e-flex e-con e-child\" data-id=\"27e3752\" data-element_type=\"container\" data-e-type=\"container\" data-settings=\"{&quot;background_background&quot;:&quot;classic&quot;}\">\n\t\t\t\t<div class=\"elementor-element elementor-element-7a3164d elementor-widget elementor-widget-heading\" data-id=\"7a3164d\" data-element_type=\"widget\" data-e-type=\"widget\" data-widget_type=\"heading.default\">\n\t\t\t\t\t<h3 class=\"elementor-heading-title elementor-size-default\">Krok 2: Fizyczne prototypowanie i makiety<\/h3>\t\t\t\t<\/div>\n\t\t\t\t<div class=\"elementor-element elementor-element-33c0c8d elementor-widget elementor-widget-text-editor\" data-id=\"33c0c8d\" data-element_type=\"widget\" data-e-type=\"widget\" data-widget_type=\"text-editor.default\">\n\t\t\t\t\t\t\t\t\t<p>Oferujemy dwie opcje demonstracyjne:<\/p><ul><li><p data-path-to-node=\"5,1,1,0,0\"><b data-path-to-node=\"5,1,1,0,0\" data-index-in-node=\"0\">Pude\u0142ka na pr\u00f3bki z nadrukiem<\/b> - w pe\u0142ni markowe.<\/p><\/li><li><p data-path-to-node=\"5,1,1,1,0\"><b data-path-to-node=\"5,1,1,1,0\" data-index-in-node=\"0\">Pude\u0142ka z bia\u0142ymi etykietami<\/b> - niezadrukowany, gotowy do ostatecznego przegl\u0105du.<\/p><\/li><\/ul><p>Zapewnia to idealne dopasowanie i wyko\u0144czenie przed rozpocz\u0119ciem masowej produkcji.<\/p>\t\t\t\t\t\t\t\t<\/div>\n\t\t\t\t<\/div>\n\t\t<div class=\"elementor-element elementor-element-842cac9 e-con-full e-flex e-con e-child\" data-id=\"842cac9\" data-element_type=\"container\" data-e-type=\"container\">\n\t\t\t\t<div class=\"elementor-element elementor-element-306197e elementor-invisible elementor-widget elementor-widget-image\" data-id=\"306197e\" data-element_type=\"widget\" data-e-type=\"widget\" data-settings=\"{&quot;_animation&quot;:&quot;fadeInUp&quot;}\" data-widget_type=\"image.default\">\n\t\t\t\t\t\t\t\t\t\t\t\t\t\t\t<img loading=\"lazy\" decoding=\"async\" width=\"800\" height=\"500\" src=\"https:\/\/relish-tech.com\/wp-content\/uploads\/2026\/01\/electric-toothbrush-physical-prototyping-packaging-mockups.webp\" class=\"attachment-large size-large wp-image-2064\" alt=\"Printed sample boxes and white label mockups for physical prototyping of the electric toothbrush before mass production.\" srcset=\"https:\/\/relish-tech.com\/wp-content\/uploads\/2026\/01\/electric-toothbrush-physical-prototyping-packaging-mockups.webp 800w, https:\/\/relish-tech.com\/wp-content\/uploads\/2026\/01\/electric-toothbrush-physical-prototyping-packaging-mockups-300x188.webp 300w, https:\/\/relish-tech.com\/wp-content\/uploads\/2026\/01\/electric-toothbrush-physical-prototyping-packaging-mockups-768x480.webp 768w, https:\/\/relish-tech.com\/wp-content\/uploads\/2026\/01\/electric-toothbrush-physical-prototyping-packaging-mockups-18x12.webp 18w\" sizes=\"(max-width: 800px) 100vw, 800px\" title=\"\">\t\t\t\t\t\t\t\t\t\t\t\t\t\t\t<\/div>\n\t\t\t\t<\/div>\n\t\t\t\t\t<\/div>\n\t\t\t\t<\/div>\n\t\t<div class=\"elementor-element elementor-element-9ef487a e-flex e-con-boxed e-con e-parent\" data-id=\"9ef487a\" data-element_type=\"container\" data-e-type=\"container\" data-settings=\"{&quot;background_background&quot;:&quot;classic&quot;}\">\n\t\t\t\t\t<div class=\"e-con-inner\">\n\t\t<div class=\"elementor-element elementor-element-b37dfaa e-con-full e-flex e-con e-child\" data-id=\"b37dfaa\" data-element_type=\"container\" data-e-type=\"container\">\n\t\t\t\t<div class=\"elementor-element elementor-element-543ce6f elementor-invisible elementor-widget elementor-widget-image\" data-id=\"543ce6f\" data-element_type=\"widget\" data-e-type=\"widget\" data-settings=\"{&quot;_animation&quot;:&quot;fadeInUp&quot;}\" data-widget_type=\"image.default\">\n\t\t\t\t\t\t\t\t\t\t\t\t\t\t\t<img loading=\"lazy\" decoding=\"async\" width=\"800\" height=\"500\" src=\"https:\/\/relish-tech.com\/wp-content\/uploads\/2026\/01\/electric-toothbrush-oem-competitive-bulk-pricing-roi.webp\" class=\"attachment-large size-large wp-image-2065\" alt=\"Business partners discussing an itemized price list and competitive bulk pricing for custom electric toothbrush orders.\" srcset=\"https:\/\/relish-tech.com\/wp-content\/uploads\/2026\/01\/electric-toothbrush-oem-competitive-bulk-pricing-roi.webp 800w, https:\/\/relish-tech.com\/wp-content\/uploads\/2026\/01\/electric-toothbrush-oem-competitive-bulk-pricing-roi-300x188.webp 300w, https:\/\/relish-tech.com\/wp-content\/uploads\/2026\/01\/electric-toothbrush-oem-competitive-bulk-pricing-roi-768x480.webp 768w, https:\/\/relish-tech.com\/wp-content\/uploads\/2026\/01\/electric-toothbrush-oem-competitive-bulk-pricing-roi-18x12.webp 18w\" sizes=\"(max-width: 800px) 100vw, 800px\" title=\"\">\t\t\t\t\t\t\t\t\t\t\t\t\t\t\t<\/div>\n\t\t\t\t<\/div>\n\t\t<div class=\"elementor-element elementor-element-c4cf8e4 e-con-full e-flex e-con e-child\" data-id=\"c4cf8e4\" data-element_type=\"container\" data-e-type=\"container\">\n\t\t\t\t<div class=\"elementor-element elementor-element-cf2382b elementor-widget elementor-widget-heading\" data-id=\"cf2382b\" data-element_type=\"widget\" data-e-type=\"widget\" data-widget_type=\"heading.default\">\n\t\t\t\t\t<h3 class=\"elementor-heading-title elementor-size-default\">Krok 3: Konkurencyjne ceny hurtowe<\/h3>\t\t\t\t<\/div>\n\t\t\t\t<div class=\"elementor-element elementor-element-e36475d elementor-widget elementor-widget-text-editor\" data-id=\"e36475d\" data-element_type=\"widget\" data-e-type=\"widget\" data-widget_type=\"text-editor.default\">\n\t\t\t\t\t\t\t\t\t<p>Po zatwierdzeniu prototypu dostarczamy szczeg\u00f3\u0142owy cennik dostosowany do wielko\u015bci zam\u00f3wienia. Oferujemy r\u00f3wnie\u017c wskaz\u00f3wki dotycz\u0105ce oszcz\u0119dno\u015bci koszt\u00f3w materia\u0142\u00f3w i MOQ, aby pom\u00f3c zmaksymalizowa\u0107 zwrot z inwestycji.<\/p>\t\t\t\t\t\t\t\t<\/div>\n\t\t\t\t<\/div>\n\t\t\t\t\t<\/div>\n\t\t\t\t<\/div>\n\t\t<div class=\"elementor-element elementor-element-4d34177 e-flex e-con-boxed e-con e-parent\" data-id=\"4d34177\" data-element_type=\"container\" data-e-type=\"container\" data-settings=\"{&quot;background_background&quot;:&quot;classic&quot;}\">\n\t\t\t\t\t<div class=\"e-con-inner\">\n\t\t<div class=\"elementor-element elementor-element-9940b1c e-con-full e-flex e-con e-child\" data-id=\"9940b1c\" data-element_type=\"container\" data-e-type=\"container\">\n\t\t\t\t<div class=\"elementor-element elementor-element-e185046 elementor-widget elementor-widget-heading\" data-id=\"e185046\" data-element_type=\"widget\" data-e-type=\"widget\" data-widget_type=\"heading.default\">\n\t\t\t\t\t<h3 class=\"elementor-heading-title elementor-size-default\">Krok 4: Pe\u0142ny monta\u017c i globalna logistyka<\/h3>\t\t\t\t<\/div>\n\t\t\t\t<div class=\"elementor-element elementor-element-5311b65 elementor-widget elementor-widget-text-editor\" data-id=\"5311b65\" data-element_type=\"widget\" data-e-type=\"widget\" data-widget_type=\"text-editor.default\">\n\t\t\t\t\t\t\t\t\t<p>Montujemy produkty w niestandardowych opakowaniach w naszym zak\u0142adzie posiadaj\u0105cym certyfikat ISO, aby zapewni\u0107 jako\u015b\u0107 \u201cgotow\u0105 do sprzeda\u017cy detalicznej\u201d. Ka\u017cda przesy\u0142ka jest bezpiecznie pakowana i wysy\u0142ana na ca\u0142y \u015bwiat z pe\u0142nym ubezpieczeniem.<\/p><p>Gwarantujemy najwy\u017cszej jako\u015bci prezentacj\u0119.<\/p>\t\t\t\t\t\t\t\t<\/div>\n\t\t\t\t<\/div>\n\t\t<div class=\"elementor-element elementor-element-7ed6a14 e-con-full e-flex e-con e-child\" data-id=\"7ed6a14\" data-element_type=\"container\" data-e-type=\"container\">\n\t\t\t\t<div class=\"elementor-element elementor-element-658c7d2 elementor-invisible elementor-widget elementor-widget-image\" data-id=\"658c7d2\" data-element_type=\"widget\" data-e-type=\"widget\" data-settings=\"{&quot;_animation&quot;:&quot;fadeInUp&quot;}\" data-widget_type=\"image.default\">\n\t\t\t\t\t\t\t\t\t\t\t\t\t\t\t<img loading=\"lazy\" decoding=\"async\" width=\"800\" height=\"500\" src=\"https:\/\/relish-tech.com\/wp-content\/uploads\/2026\/01\/electric-toothbrush-full-assembly-global-logistics.webp\" class=\"attachment-large size-large wp-image-2066\" alt=\"Automated robotic arm assembling electric toothbrushes into retail-ready packaging on an ISO-certified factory conveyor belt.\" srcset=\"https:\/\/relish-tech.com\/wp-content\/uploads\/2026\/01\/electric-toothbrush-full-assembly-global-logistics.webp 800w, https:\/\/relish-tech.com\/wp-content\/uploads\/2026\/01\/electric-toothbrush-full-assembly-global-logistics-300x188.webp 300w, https:\/\/relish-tech.com\/wp-content\/uploads\/2026\/01\/electric-toothbrush-full-assembly-global-logistics-768x480.webp 768w, https:\/\/relish-tech.com\/wp-content\/uploads\/2026\/01\/electric-toothbrush-full-assembly-global-logistics-18x12.webp 18w\" sizes=\"(max-width: 800px) 100vw, 800px\" title=\"\">\t\t\t\t\t\t\t\t\t\t\t\t\t\t\t<\/div>\n\t\t\t\t<\/div>\n\t\t\t\t\t<\/div>\n\t\t\t\t<\/div>\n\t\t<div class=\"elementor-element elementor-element-57d04bf e-flex e-con-boxed e-con e-parent\" data-id=\"57d04bf\" data-element_type=\"container\" data-e-type=\"container\">\n\t\t\t\t\t<div class=\"e-con-inner\">\n\t\t<div class=\"elementor-element elementor-element-f086e5c e-con-full e-flex e-con e-child\" data-id=\"f086e5c\" data-element_type=\"container\" data-e-type=\"container\">\n\t\t\t\t<div class=\"elementor-element elementor-element-72b88c3 elementor-invisible elementor-widget elementor-widget-image\" data-id=\"72b88c3\" data-element_type=\"widget\" data-e-type=\"widget\" data-settings=\"{&quot;_animation&quot;:&quot;fadeInUp&quot;}\" data-widget_type=\"image.default\">\n\t\t\t\t\t\t\t\t\t\t\t\t\t\t\t<img loading=\"lazy\" decoding=\"async\" width=\"704\" height=\"384\" src=\"https:\/\/relish-tech.com\/wp-content\/uploads\/2026\/03\/eco-conscious-electric-toothbrush-packaging-fsc-certified.webp\" class=\"attachment-full size-full wp-image-2595\" alt=\"Sustainable electric toothbrush packaging setup featuring FSC-certified materials, soy-based inks, and plastic-free paper inserts, loaded by robotic arms.\" srcset=\"https:\/\/relish-tech.com\/wp-content\/uploads\/2026\/03\/eco-conscious-electric-toothbrush-packaging-fsc-certified.webp 704w, https:\/\/relish-tech.com\/wp-content\/uploads\/2026\/03\/eco-conscious-electric-toothbrush-packaging-fsc-certified-300x164.webp 300w, https:\/\/relish-tech.com\/wp-content\/uploads\/2026\/03\/eco-conscious-electric-toothbrush-packaging-fsc-certified-18x10.webp 18w\" sizes=\"(max-width: 704px) 100vw, 704px\" title=\"\">\t\t\t\t\t\t\t\t\t\t\t\t\t\t\t<\/div>\n\t\t\t\t<\/div>\n\t\t<div class=\"elementor-element elementor-element-8475fc9 e-con-full e-flex e-con e-child\" data-id=\"8475fc9\" data-element_type=\"container\" data-e-type=\"container\">\n\t\t\t\t<div class=\"elementor-element elementor-element-f3c0eb0 elementor-widget elementor-widget-heading\" data-id=\"f3c0eb0\" data-element_type=\"widget\" data-e-type=\"widget\" data-widget_type=\"heading.default\">\n\t\t\t\t\t<h3 class=\"elementor-heading-title elementor-size-default\">Zr\u00f3wnowa\u017cone innowacje i zgodno\u015b\u0107 ekologiczna<\/h3>\t\t\t\t<\/div>\n\t\t\t\t<div class=\"elementor-element elementor-element-c5bcf7b elementor-widget elementor-widget-text-editor\" data-id=\"c5bcf7b\" data-element_type=\"widget\" data-e-type=\"widget\" data-widget_type=\"text-editor.default\">\n\t\t\t\t\t\t\t\t\t<p>Zapewniamy ekologiczne opakowania wykorzystuj\u0105ce <b data-path-to-node=\"2\" data-index-in-node=\"45\">Materia\u0142y z certyfikatem FSC, tusze na bazie soi i wk\u0142adki papierowe niezawieraj\u0105ce plastiku<\/b> aby spe\u0142ni\u0107 globalne standardy zr\u00f3wnowa\u017conego rozwoju. Nasz zesp\u00f3\u0142 integruje rozwi\u0105zania biodegradowalne i nadaj\u0105ce si\u0119 do recyklingu z Twoim projektem, aby zapewni\u0107 <b data-path-to-node=\"2\" data-index-in-node=\"247\">Odpowiedzialne za \u015brodowisko do\u015bwiadczenie rozpakowywania<\/b> bez uszczerbku dla najwy\u017cszej jako\u015bci.<\/p>\t\t\t\t\t\t\t\t<\/div>\n\t\t\t\t<\/div>\n\t\t\t\t\t<\/div>\n\t\t\t\t<\/div>\n\t\t<div class=\"elementor-element elementor-element-3be7dce e-flex e-con-boxed e-con e-parent\" data-id=\"3be7dce\" data-element_type=\"container\" data-e-type=\"container\">\n\t\t\t\t\t<div class=\"e-con-inner\">\n\t\t\t\t<div class=\"elementor-element elementor-element-844888a elementor-widget elementor-widget-heading\" data-id=\"844888a\" data-element_type=\"widget\" data-e-type=\"widget\" data-widget_type=\"heading.default\">\n\t\t\t\t\t<h3 class=\"elementor-heading-title elementor-size-default\">Chcesz zobaczy\u0107 logo swojej marki na naszych pude\u0142kach premium?<\/h3>\t\t\t\t<\/div>\n\t\t\t\t<div class=\"elementor-element elementor-element-6daf47e elementor-widget elementor-widget-text-editor\" data-id=\"6daf47e\" data-element_type=\"widget\" data-e-type=\"widget\" data-widget_type=\"text-editor.default\">\n\t\t\t\t\t\t\t\t\t<p style=\"text-align: center;\">Uzyskaj natychmiastow\u0105 wycen\u0119 opakowania lub popro\u015b o bezp\u0142atn\u0105 cyfrow\u0105 makiet\u0119 ju\u017c dzi\u015b.<\/p>\t\t\t\t\t\t\t\t<\/div>\n\t\t\t\t<div class=\"elementor-element elementor-element-2eccde4 elementor-align-center elementor-widget elementor-widget-button\" data-id=\"2eccde4\" data-element_type=\"widget\" data-e-type=\"widget\" data-widget_type=\"button.default\">\n\t\t\t\t\t\t\t\t\t\t<a class=\"elementor-button elementor-button-link elementor-size-sm\" href=\"\/pl\/kontakt\/\">\n\t\t\t\t\t\t<span class=\"elementor-button-content-wrapper\">\n\t\t\t\t\t\t\t\t\t<span class=\"elementor-button-text\">Zam\u00f3w makiet\u0119 opakowania<\/span>\n\t\t\t\t\t<\/span>\n\t\t\t\t\t<\/a>\n\t\t\t\t\t\t\t\t<\/div>\n\t\t\t\t\t<\/div>\n\t\t\t\t<\/div>\n\t\t\t\t<\/div>","protected":false},"excerpt":{"rendered":"<p>Retail-Ready Custom Packaging: Elevate Your Brand Presence From eco-friendly kraft boxes to premium magnetic retail displays, we provide end-to-end packaging [&hellip;]<\/p>\n","protected":false},"author":1,"featured_media":0,"parent":0,"menu_order":0,"comment_status":"closed","ping_status":"closed","template":"","meta":{"footnotes":""},"class_list":["post-1581","page","type-page","status-publish","hentry"],"blocksy_meta":{"has_hero_section":"disabled","vertical_spacing_source":"custom","content_area_spacing":"none","styles_descriptor":{"styles":{"desktop":"","tablet":"","mobile":""},"google_fonts":[],"version":6}},"_links":{"self":[{"href":"https:\/\/relish-tech.com\/pl\/wp-json\/wp\/v2\/pages\/1581","targetHints":{"allow":["GET"]}}],"collection":[{"href":"https:\/\/relish-tech.com\/pl\/wp-json\/wp\/v2\/pages"}],"about":[{"href":"https:\/\/relish-tech.com\/pl\/wp-json\/wp\/v2\/types\/page"}],"author":[{"embeddable":true,"href":"https:\/\/relish-tech.com\/pl\/wp-json\/wp\/v2\/users\/1"}],"replies":[{"embeddable":true,"href":"https:\/\/relish-tech.com\/pl\/wp-json\/wp\/v2\/comments?post=1581"}],"version-history":[{"count":34,"href":"https:\/\/relish-tech.com\/pl\/wp-json\/wp\/v2\/pages\/1581\/revisions"}],"predecessor-version":[{"id":3929,"href":"https:\/\/relish-tech.com\/pl\/wp-json\/wp\/v2\/pages\/1581\/revisions\/3929"}],"wp:attachment":[{"href":"https:\/\/relish-tech.com\/pl\/wp-json\/wp\/v2\/media?parent=1581"}],"curies":[{"name":"wp","href":"https:\/\/api.w.org\/{rel}","templated":true}]}}