{"id":1614,"date":"2025-11-20T02:25:30","date_gmt":"2025-11-20T02:25:30","guid":{"rendered":"https:\/\/relish.quhenet.com\/?page_id=1614"},"modified":"2026-03-26T07:22:47","modified_gmt":"2026-03-26T07:22:47","slug":"fabrication","status":"publish","type":"page","link":"https:\/\/relish-tech.com\/fr\/manufacturing\/","title":{"rendered":"Capacit\u00e9s de fabrication et de remplissage"},"content":{"rendered":"<div data-elementor-type=\"wp-page\" data-elementor-id=\"1614\" class=\"elementor elementor-1614\" data-elementor-post-type=\"page\">\n\t\t\t\t<div class=\"elementor-element elementor-element-10aa918 e-flex e-con-boxed e-con e-parent\" data-id=\"10aa918\" data-element_type=\"container\" data-e-type=\"container\" data-settings=\"{&quot;background_background&quot;:&quot;classic&quot;}\">\n\t\t\t\t\t<div class=\"e-con-inner\">\n\t\t\t\t<div class=\"elementor-element elementor-element-ac23ce4 elementor-widget elementor-widget-heading\" data-id=\"ac23ce4\" data-element_type=\"widget\" data-e-type=\"widget\" data-widget_type=\"heading.default\">\n\t\t\t\t\t<h1 class=\"elementor-heading-title elementor-size-default\">Capacit\u00e9s de fabrication et de production avanc\u00e9es<\/h1>\t\t\t\t<\/div>\n\t\t\t\t<div class=\"elementor-element elementor-element-ead60ca elementor-widget elementor-widget-heading\" data-id=\"ead60ca\" data-element_type=\"widget\" data-e-type=\"widget\" data-widget_type=\"heading.default\">\n\t\t\t\t\t<div class=\"elementor-heading-title elementor-size-default\">Nous combinons une ing\u00e9nierie de pr\u00e9cision, une production automatis\u00e9e \u00e9volutive et un contr\u00f4le de qualit\u00e9 rigoureux pour donner vie \u00e0 vos produits d'hygi\u00e8ne bucco-dentaire, dans le respect des d\u00e9lais et des sp\u00e9cifications, et pour qu'ils soient pr\u00eats pour le march\u00e9 mondial.<\/div>\t\t\t\t<\/div>\n\t\t\t\t\t<\/div>\n\t\t\t\t<\/div>\n\t\t<div class=\"elementor-element elementor-element-790a3c4 e-flex e-con-boxed e-con e-parent\" data-id=\"790a3c4\" data-element_type=\"container\" data-e-type=\"container\">\n\t\t\t\t\t<div class=\"e-con-inner\">\n\t\t\t\t<div class=\"elementor-element elementor-element-fd1042c elementor-widget elementor-widget-heading\" data-id=\"fd1042c\" data-element_type=\"widget\" data-e-type=\"widget\" data-widget_type=\"heading.default\">\n\t\t\t\t\t<h2 class=\"elementor-heading-title elementor-size-default\">Avantages de notre fabrication en sous-traitance<\/h2>\t\t\t\t<\/div>\n\t\t<div class=\"elementor-element elementor-element-eb119fa e-grid e-con-full e-con e-child\" data-id=\"eb119fa\" data-element_type=\"container\" data-e-type=\"container\">\n\t\t\t\t<div class=\"elementor-element elementor-element-c421535 elementor-widget elementor-widget-image-box\" data-id=\"c421535\" data-element_type=\"widget\" data-e-type=\"widget\" data-widget_type=\"image-box.default\">\n\t\t\t\t\t<div class=\"elementor-image-box-wrapper\"><div class=\"elementor-image-box-content\"><h5 class=\"elementor-image-box-title\">D\u00e9lais d'ex\u00e9cution rapides<\/h5><p class=\"elementor-image-box-description\">Des d\u00e9lais d'ex\u00e9cution rapides gr\u00e2ce \u00e0 des lignes de production enti\u00e8rement internes. Nous \u00e9liminons les retards dus \u00e0 des tiers pour que vos produits soient mis sur le march\u00e9 plus rapidement.<\/p><\/div><\/div>\t\t\t\t<\/div>\n\t\t\t\t<div class=\"elementor-element elementor-element-1659d38 elementor-widget elementor-widget-image-box\" data-id=\"1659d38\" data-element_type=\"widget\" data-e-type=\"widget\" data-widget_type=\"image-box.default\">\n\t\t\t\t\t<div class=\"elementor-image-box-wrapper\"><div class=\"elementor-image-box-content\"><h5 class=\"elementor-image-box-title\">R\u00e9duction significative des co\u00fbts<\/h5><p class=\"elementor-image-box-description\">Tirez parti de nos \u00e9conomies d'\u00e9chelle. \u00c9liminez vos d\u00e9penses en capital pour les installations, l'\u00e9quipement et les frais g\u00e9n\u00e9raux de main-d'\u0153uvre.<\/p><\/div><\/div>\t\t\t\t<\/div>\n\t\t\t\t<div class=\"elementor-element elementor-element-af68350 elementor-widget elementor-widget-image-box\" data-id=\"af68350\" data-element_type=\"widget\" data-e-type=\"widget\" data-widget_type=\"image-box.default\">\n\t\t\t\t\t<div class=\"elementor-image-box-wrapper\"><div class=\"elementor-image-box-content\"><h5 class=\"elementor-image-box-title\">Cha\u00eene d'approvisionnement rationalis\u00e9e<\/h5><p class=\"elementor-image-box-description\">De l'approvisionnement en mati\u00e8res premi\u00e8res \u00e0 l'emballage final, tout est g\u00e9r\u00e9 sous un m\u00eame toit certifi\u00e9 ISO afin de r\u00e9duire les risques op\u00e9rationnels.<\/p><\/div><\/div>\t\t\t\t<\/div>\n\t\t\t\t<\/div>\n\t\t\t\t\t<\/div>\n\t\t\t\t<\/div>\n\t\t<div class=\"elementor-element elementor-element-58e5caa e-flex e-con-boxed e-con e-parent\" data-id=\"58e5caa\" data-element_type=\"container\" data-e-type=\"container\">\n\t\t\t\t\t<div class=\"e-con-inner\">\n\t\t<div class=\"elementor-element elementor-element-0bba441 e-con-full e-flex e-con e-child\" data-id=\"0bba441\" data-element_type=\"container\" data-e-type=\"container\">\n\t\t\t\t<div class=\"elementor-element elementor-element-de438e0 elementor-invisible elementor-widget elementor-widget-image\" data-id=\"de438e0\" data-element_type=\"widget\" data-e-type=\"widget\" data-settings=\"{&quot;_animation&quot;:&quot;fadeInUp&quot;}\" data-widget_type=\"image.default\">\n\t\t\t\t\t\t\t\t\t\t\t\t\t\t\t<img fetchpriority=\"high\" decoding=\"async\" width=\"800\" height=\"550\" src=\"https:\/\/relish-tech.com\/wp-content\/uploads\/2026\/01\/iso-certified-premium-oral-care-manufacturing-facilities.webp\" class=\"attachment-large size-large wp-image-2071\" alt=\"Relish operates a 20,000-square-meter, ISO-certified electric toothbrush factory in China\" srcset=\"https:\/\/relish-tech.com\/wp-content\/uploads\/2026\/01\/iso-certified-premium-oral-care-manufacturing-facilities.webp 800w, https:\/\/relish-tech.com\/wp-content\/uploads\/2026\/01\/iso-certified-premium-oral-care-manufacturing-facilities-300x206.webp 300w, https:\/\/relish-tech.com\/wp-content\/uploads\/2026\/01\/iso-certified-premium-oral-care-manufacturing-facilities-768x528.webp 768w, https:\/\/relish-tech.com\/wp-content\/uploads\/2026\/01\/iso-certified-premium-oral-care-manufacturing-facilities-18x12.webp 18w\" sizes=\"(max-width: 800px) 100vw, 800px\" title=\"\">\t\t\t\t\t\t\t\t\t\t\t\t\t\t\t<\/div>\n\t\t\t\t<\/div>\n\t\t<div class=\"elementor-element elementor-element-dc57b31 e-con-full e-flex e-con e-child\" data-id=\"dc57b31\" data-element_type=\"container\" data-e-type=\"container\">\n\t\t\t\t<div class=\"elementor-element elementor-element-0c60185 elementor-widget elementor-widget-heading\" data-id=\"0c60185\" data-element_type=\"widget\" data-e-type=\"widget\" data-widget_type=\"heading.default\">\n\t\t\t\t\t<h2 class=\"elementor-heading-title elementor-size-default\">Concentrez-vous sur votre marque. Laissez-nous nous occuper de la production.<\/h2>\t\t\t\t<\/div>\n\t\t\t\t<div class=\"elementor-element elementor-element-4691f34 elementor-widget elementor-widget-text-editor\" data-id=\"4691f34\" data-element_type=\"widget\" data-e-type=\"widget\" data-widget_type=\"text-editor.default\">\n\t\t\t\t\t\t\t\t\t<p>Gr\u00e2ce \u00e0 des lignes de production enti\u00e8rement automatis\u00e9es et \u00e0 des installations de fabrication avanc\u00e9es, nous g\u00e9rons les processus d'assemblage les plus complexes de mani\u00e8re efficace et \u00e0 grande \u00e9chelle.<\/p><p>En vous associant \u00e0 Relish, vous \u00e9vitez les goulets d'\u00e9tranglement de la cha\u00eene d'approvisionnement et acc\u00e9l\u00e9rez votre d\u00e9lai de mise sur le march\u00e9.<\/p><p>Votre vision. Notre ex\u00e9cution sans faille.<\/p>\t\t\t\t\t\t\t\t<\/div>\n\t\t\t\t<div class=\"elementor-element elementor-element-22cf33f elementor-widget elementor-widget-button\" data-id=\"22cf33f\" data-element_type=\"widget\" data-e-type=\"widget\" data-widget_type=\"button.default\">\n\t\t\t\t\t\t\t\t\t\t<a class=\"elementor-button elementor-button-link elementor-size-sm\" href=\"https:\/\/relish-tech.com\/fr\/contact\/\">\n\t\t\t\t\t\t<span class=\"elementor-button-content-wrapper\">\n\t\t\t\t\t\t\t\t\t<span class=\"elementor-button-text\">Planifier une visite virtuelle de l'usine<\/span>\n\t\t\t\t\t<\/span>\n\t\t\t\t\t<\/a>\n\t\t\t\t\t\t\t\t<\/div>\n\t\t\t\t<\/div>\n\t\t\t\t\t<\/div>\n\t\t\t\t<\/div>\n\t\t<div class=\"elementor-element elementor-element-78b771b e-flex e-con-boxed e-con e-parent\" data-id=\"78b771b\" data-element_type=\"container\" data-e-type=\"container\">\n\t\t\t\t\t<div class=\"e-con-inner\">\n\t\t<div class=\"elementor-element elementor-element-d163460 e-con-full e-flex e-con e-child\" data-id=\"d163460\" data-element_type=\"container\" data-e-type=\"container\">\n\t\t\t\t<div class=\"elementor-element elementor-element-347a36a elementor-widget elementor-widget-heading\" data-id=\"347a36a\" data-element_type=\"widget\" data-e-type=\"widget\" data-widget_type=\"heading.default\">\n\t\t\t\t\t<h2 class=\"elementor-heading-title elementor-size-default\">Produit selon des normes mondiales : BPF, ISO et d\u00e9veloppement durable<\/h2>\t\t\t\t<\/div>\n\t\t\t\t<div class=\"elementor-element elementor-element-f22bfba elementor-widget elementor-widget-text-editor\" data-id=\"f22bfba\" data-element_type=\"widget\" data-e-type=\"widget\" data-widget_type=\"text-editor.default\">\n\t\t\t\t\t\t\t\t\t<p>L'excellence en mati\u00e8re de fabrication signifie qu'il n'y a pas de compromis sur la s\u00e9curit\u00e9 et l'impact environnemental. En respectant des normes strictes en mati\u00e8re de s\u00e9curit\u00e9 et de protection de l'environnement, les <b data-path-to-node=\"18,1,0\" data-index-in-node=\"111\">ISO 9001 et ISO 13485 (dispositifs m\u00e9dicaux)<\/b> nos installations garantissent que vos produits r\u00e9pondent sans difficult\u00e9 aux normes de l'UE. <b data-path-to-node=\"18,1,0\" data-index-in-node=\"217\">FDA (\u00c9tats-Unis), CE (Europe), PSE (Japon) et KC (Cor\u00e9e)<\/b> les exigences r\u00e9glementaires.<\/p><p>Au-del\u00e0 de la conformit\u00e9, nous nous engageons en faveur de l'innovation durable, en utilisant des mat\u00e9riaux biod\u00e9gradables, des emballages recyclables et des processus \u00e0 faible consommation d'\u00e9nergie pour construire un avenir meilleur pour votre marque et la plan\u00e8te.<\/p>\t\t\t\t\t\t\t\t<\/div>\n\t\t\t\t<\/div>\n\t\t<div class=\"elementor-element elementor-element-aefa9bd e-con-full e-flex e-con e-child\" data-id=\"aefa9bd\" data-element_type=\"container\" data-e-type=\"container\">\n\t\t\t\t<div class=\"elementor-element elementor-element-c75a2be elementor-invisible elementor-widget elementor-widget-image\" data-id=\"c75a2be\" data-element_type=\"widget\" data-e-type=\"widget\" data-settings=\"{&quot;_animation&quot;:&quot;fadeInUp&quot;}\" data-widget_type=\"image.default\">\n\t\t\t\t\t\t\t\t\t\t\t\t\t\t\t<img decoding=\"async\" width=\"800\" height=\"550\" src=\"https:\/\/relish-tech.com\/wp-content\/uploads\/2026\/01\/recyclable-biodegradable-materials-sustainable-manufacturing.webp\" class=\"attachment-large size-large wp-image-2127\" alt=\"Clear recyclable and biodegradable material pellets used in our sustainable oral care manufacturing process, ensuring zero compromises on environmental impact.\" srcset=\"https:\/\/relish-tech.com\/wp-content\/uploads\/2026\/01\/recyclable-biodegradable-materials-sustainable-manufacturing.webp 800w, https:\/\/relish-tech.com\/wp-content\/uploads\/2026\/01\/recyclable-biodegradable-materials-sustainable-manufacturing-300x206.webp 300w, https:\/\/relish-tech.com\/wp-content\/uploads\/2026\/01\/recyclable-biodegradable-materials-sustainable-manufacturing-768x528.webp 768w, https:\/\/relish-tech.com\/wp-content\/uploads\/2026\/01\/recyclable-biodegradable-materials-sustainable-manufacturing-18x12.webp 18w\" sizes=\"(max-width: 800px) 100vw, 800px\" title=\"\">\t\t\t\t\t\t\t\t\t\t\t\t\t\t\t<\/div>\n\t\t\t\t<\/div>\n\t\t\t\t\t<\/div>\n\t\t\t\t<\/div>\n\t\t<div class=\"elementor-element elementor-element-0d9515d e-flex e-con-boxed e-con e-parent\" data-id=\"0d9515d\" data-element_type=\"container\" data-e-type=\"container\">\n\t\t\t\t\t<div class=\"e-con-inner\">\n\t\t<div class=\"elementor-element elementor-element-359186b e-con-full e-flex e-con e-child\" data-id=\"359186b\" data-element_type=\"container\" data-e-type=\"container\">\n\t\t\t\t<div class=\"elementor-element elementor-element-02ad7d3 elementor-invisible elementor-widget elementor-widget-image\" data-id=\"02ad7d3\" data-element_type=\"widget\" data-e-type=\"widget\" data-settings=\"{&quot;_animation&quot;:&quot;fadeInUp&quot;}\" data-widget_type=\"image.default\">\n\t\t\t\t\t\t\t\t\t\t\t\t\t\t\t<img decoding=\"async\" width=\"800\" height=\"550\" src=\"https:\/\/relish-tech.com\/wp-content\/uploads\/2026\/01\/advanced-smt-workshop-smart-electric-toothbrush-pcb-manufacturing.webp\" class=\"attachment-large size-large wp-image-2126\" alt=\"High-speed automated SMT machine placing components onto an intelligent servo driver PCB for smart electric toothbrushes.\" srcset=\"https:\/\/relish-tech.com\/wp-content\/uploads\/2026\/01\/advanced-smt-workshop-smart-electric-toothbrush-pcb-manufacturing.webp 800w, https:\/\/relish-tech.com\/wp-content\/uploads\/2026\/01\/advanced-smt-workshop-smart-electric-toothbrush-pcb-manufacturing-300x206.webp 300w, https:\/\/relish-tech.com\/wp-content\/uploads\/2026\/01\/advanced-smt-workshop-smart-electric-toothbrush-pcb-manufacturing-768x528.webp 768w, https:\/\/relish-tech.com\/wp-content\/uploads\/2026\/01\/advanced-smt-workshop-smart-electric-toothbrush-pcb-manufacturing-18x12.webp 18w\" sizes=\"(max-width: 800px) 100vw, 800px\" title=\"\">\t\t\t\t\t\t\t\t\t\t\t\t\t\t\t<\/div>\n\t\t\t\t<\/div>\n\t\t<div class=\"elementor-element elementor-element-49b94ce e-con-full e-flex e-con e-child\" data-id=\"49b94ce\" data-element_type=\"container\" data-e-type=\"container\">\n\t\t\t\t<div class=\"elementor-element elementor-element-51cf4b1 elementor-widget elementor-widget-heading\" data-id=\"51cf4b1\" data-element_type=\"widget\" data-e-type=\"widget\" data-widget_type=\"heading.default\">\n\t\t\t\t\t<h2 class=\"elementor-heading-title elementor-size-default\">Atelier SMT<\/h2>\t\t\t\t<\/div>\n\t\t\t\t<div class=\"elementor-element elementor-element-61fa5ae elementor-widget elementor-widget-text-editor\" data-id=\"61fa5ae\" data-element_type=\"widget\" data-e-type=\"widget\" data-widget_type=\"text-editor.default\">\n\t\t\t\t\t\t\t\t\t<p>Notre atelier avanc\u00e9 de technologie de montage en surface (SMT) est le cerveau de vos appareils d'hygi\u00e8ne bucco-dentaire intelligents. Nous assurons la fabrication \u00e9lectronique cl\u00e9 en main de brosses \u00e0 dents et d'appareils de nettoyage \u00e0 l'eau intelligents.<\/p><ul><li data-path-to-node=\"22,1,1,0,0\" data-imt-p=\"1\"><b data-path-to-node=\"22,1,1,0,0\" data-index-in-node=\"0\">Pr\u00e9cision et fiabilit\u00e9 :<\/b> Placement automatis\u00e9 \u00e0 grande vitesse garantissant des circuits imprim\u00e9s de servocommandes intelligentes sans d\u00e9faut.<\/li><li data-path-to-node=\"22,1,1,1,0\" data-imt-p=\"1\"><b data-path-to-node=\"22,1,1,1,0\" data-index-in-node=\"0\">Int\u00e9gration intelligente :<\/b> Int\u00e9gration transparente de la reconnaissance de la t\u00eate de brosse par l'IA, de capteurs de pression et de modules Bluetooth dans des conceptions compactes.<\/li><\/ul>\t\t\t\t\t\t\t\t<\/div>\n\t\t\t\t<\/div>\n\t\t<div class=\"elementor-element elementor-element-f230151 e-con-full e-flex e-con e-child\" data-id=\"f230151\" data-element_type=\"container\" data-e-type=\"container\">\n\t\t\t\t<div class=\"elementor-element elementor-element-384ddc4 elementor-widget elementor-widget-heading\" data-id=\"384ddc4\" data-element_type=\"widget\" data-e-type=\"widget\" data-widget_type=\"heading.default\">\n\t\t\t\t\t<h2 class=\"elementor-heading-title elementor-size-default\">Atelier de moulage par injection<\/h2>\t\t\t\t<\/div>\n\t\t\t\t<div class=\"elementor-element elementor-element-9bd7d37 elementor-widget elementor-widget-text-editor\" data-id=\"9bd7d37\" data-element_type=\"widget\" data-e-type=\"widget\" data-widget_type=\"text-editor.default\">\n\t\t\t\t\t\t\t\t\t<p>La sensation tactile et la durabilit\u00e9 d'un produit d\u00e9finissent son positionnement sur le march\u00e9. Notre installation de moulage par injection ultramoderne produit des composants impeccables et \u00e0 haute tol\u00e9rance.<\/p><ul><li><p data-path-to-node=\"24,1,1,0,0\" data-imt-p=\"1\"><b data-path-to-node=\"24,1,1,0,0\" data-index-in-node=\"0\">Qualit\u00e9 constante :<\/b> Production de manches de brosses \u00e0 dents ergonomiques, de bo\u00eetiers \u00e9tanches et d'\u00e9tuis de voyage ne pr\u00e9sentant aucune trace de flash ou d'enfoncement.<\/p><\/li><li><p data-path-to-node=\"24,1,1,1,0\" data-imt-p=\"1\"><b data-path-to-node=\"24,1,1,1,0\" data-index-in-node=\"0\">Mat\u00e9riaux avanc\u00e9s :<\/b> Expertise dans le travail avec l'ABS de qualit\u00e9 alimentaire, le PC et les alternatives PLA respectueuses de l'environnement.<\/p><\/li><\/ul>\t\t\t\t\t\t\t\t<\/div>\n\t\t\t\t<\/div>\n\t\t<div class=\"elementor-element elementor-element-0d3fa7f e-con-full e-flex e-con e-child\" data-id=\"0d3fa7f\" data-element_type=\"container\" data-e-type=\"container\">\n\t\t\t\t<div class=\"elementor-element elementor-element-bf52044 elementor-invisible elementor-widget elementor-widget-image\" data-id=\"bf52044\" data-element_type=\"widget\" data-e-type=\"widget\" data-settings=\"{&quot;_animation&quot;:&quot;fadeInUp&quot;}\" data-widget_type=\"image.default\">\n\t\t\t\t\t\t\t\t\t\t\t\t\t\t\t<img loading=\"lazy\" decoding=\"async\" width=\"800\" height=\"550\" src=\"https:\/\/relish-tech.com\/wp-content\/uploads\/2026\/03\/custom-oral-care-tooling-production-on-time-delivery.webp\" class=\"attachment-large size-large wp-image-4443\" alt=\"Advanced injection molding and tooling machinery inside our factory, ensuring customized solutions and on-time delivery for oral care brands.\" srcset=\"https:\/\/relish-tech.com\/wp-content\/uploads\/2026\/03\/custom-oral-care-tooling-production-on-time-delivery.webp 800w, https:\/\/relish-tech.com\/wp-content\/uploads\/2026\/03\/custom-oral-care-tooling-production-on-time-delivery-300x206.webp 300w, https:\/\/relish-tech.com\/wp-content\/uploads\/2026\/03\/custom-oral-care-tooling-production-on-time-delivery-768x528.webp 768w, https:\/\/relish-tech.com\/wp-content\/uploads\/2026\/03\/custom-oral-care-tooling-production-on-time-delivery-18x12.webp 18w\" sizes=\"(max-width: 800px) 100vw, 800px\" title=\"\">\t\t\t\t\t\t\t\t\t\t\t\t\t\t\t<\/div>\n\t\t\t\t<\/div>\n\t\t<div class=\"elementor-element elementor-element-9dd2370 e-con-full e-flex e-con e-child\" data-id=\"9dd2370\" data-element_type=\"container\" data-e-type=\"container\">\n\t\t\t\t<div class=\"elementor-element elementor-element-685a390 elementor-invisible elementor-widget elementor-widget-image\" data-id=\"685a390\" data-element_type=\"widget\" data-e-type=\"widget\" data-settings=\"{&quot;_animation&quot;:&quot;fadeInUp&quot;}\" data-widget_type=\"image.default\">\n\t\t\t\t\t\t\t\t\t\t\t\t\t\t\t<img loading=\"lazy\" decoding=\"async\" width=\"800\" height=\"550\" src=\"https:\/\/relish-tech.com\/wp-content\/uploads\/2026\/01\/high-volume-electric-toothbrush-assembly-workshop.webp\" class=\"attachment-large size-large wp-image-2124\" alt=\"Cleanroom workers and robotic machinery assembling electric toothbrushes, conducting strict quality control and IPX7 waterproof verification.\" srcset=\"https:\/\/relish-tech.com\/wp-content\/uploads\/2026\/01\/high-volume-electric-toothbrush-assembly-workshop.webp 800w, https:\/\/relish-tech.com\/wp-content\/uploads\/2026\/01\/high-volume-electric-toothbrush-assembly-workshop-300x206.webp 300w, https:\/\/relish-tech.com\/wp-content\/uploads\/2026\/01\/high-volume-electric-toothbrush-assembly-workshop-768x528.webp 768w, https:\/\/relish-tech.com\/wp-content\/uploads\/2026\/01\/high-volume-electric-toothbrush-assembly-workshop-18x12.webp 18w\" sizes=\"(max-width: 800px) 100vw, 800px\" title=\"\">\t\t\t\t\t\t\t\t\t\t\t\t\t\t\t<\/div>\n\t\t\t\t<\/div>\n\t\t<div class=\"elementor-element elementor-element-a8ba6cb e-con-full e-flex e-con e-child\" data-id=\"a8ba6cb\" data-element_type=\"container\" data-e-type=\"container\">\n\t\t\t\t<div class=\"elementor-element elementor-element-872fb3e elementor-widget elementor-widget-heading\" data-id=\"872fb3e\" data-element_type=\"widget\" data-e-type=\"widget\" data-widget_type=\"heading.default\">\n\t\t\t\t\t<h2 class=\"elementor-heading-title elementor-size-default\">Atelier d'assemblage<\/h2>\t\t\t\t<\/div>\n\t\t\t\t<div class=\"elementor-element elementor-element-faf81fa elementor-widget elementor-widget-text-editor\" data-id=\"faf81fa\" data-element_type=\"widget\" data-e-type=\"widget\" data-widget_type=\"text-editor.default\">\n\t\t\t\t\t\t\t\t\t<p>Con\u00e7ues pour une production \u00e9volutive en grande quantit\u00e9, nos lignes d'assemblage associent la pr\u00e9cision des robots \u00e0 une supervision humaine experte afin de fabriquer vos produits de mani\u00e8re irr\u00e9prochable.<\/p><ul><li><p data-path-to-node=\"26,1,1,0,0\" data-imt-p=\"1\"><b data-path-to-node=\"26,1,1,0,0\" data-index-in-node=\"0\">Contr\u00f4le strict de la qualit\u00e9 (QC) :<\/b> Essais fonctionnels 100%, contr\u00f4les du bruit acoustique et v\u00e9rification de l'\u00e9tanch\u00e9it\u00e9 IPX7 sur la ligne.<\/p><\/li><li><p data-path-to-node=\"26,1,1,1,0\" data-imt-p=\"1\"><b data-path-to-node=\"26,1,1,1,0\" data-index-in-node=\"0\">Sortie modulable :<\/b> Des \u00e9tapes flexibles, capables de g\u00e9rer toutes les situations, depuis les premiers essais pilotes jusqu'\u00e0 la distribution de masse \u00e0 l'\u00e9chelle mondiale.<\/p><\/li><\/ul>\t\t\t\t\t\t\t\t<\/div>\n\t\t\t\t<\/div>\n\t\t<div class=\"elementor-element elementor-element-62c6a5b e-con-full e-flex e-con e-child\" data-id=\"62c6a5b\" data-element_type=\"container\" data-e-type=\"container\">\n\t\t\t\t<div class=\"elementor-element elementor-element-0a77213 elementor-widget elementor-widget-heading\" data-id=\"0a77213\" data-element_type=\"widget\" data-e-type=\"widget\" data-widget_type=\"heading.default\">\n\t\t\t\t\t<h2 class=\"elementor-heading-title elementor-size-default\">Atelier sur l'emballage<\/h2>\t\t\t\t<\/div>\n\t\t\t\t<div class=\"elementor-element elementor-element-bbb964f elementor-widget elementor-widget-text-editor\" data-id=\"bbb964f\" data-element_type=\"widget\" data-e-type=\"widget\" data-widget_type=\"text-editor.default\">\n\t\t\t\t\t\t\t\t\t<p>Nous veillons \u00e0 ce que vos produits arrivent en parfait \u00e9tat et pr\u00eats pour la vente au d\u00e9tail. Notre centre d'emballage sp\u00e9cialis\u00e9 s'occupe de tout, des bo\u00eetes-cadeaux haut de gamme aux kits de vente au d\u00e9tail \u00e9cologiques.<\/p><ul><li><p data-path-to-node=\"28,1,1,0,0\" data-imt-p=\"1\"><b data-path-to-node=\"28,1,1,0,0\" data-index-in-node=\"0\">Assemblage pr\u00eat pour la vente au d\u00e9tail :<\/b> Emballage sous blister sur mesure, emballage sous film r\u00e9tractable et mise en kit de plusieurs unit\u00e9s.<\/p><\/li><li><p data-path-to-node=\"28,1,1,1,0\" data-imt-p=\"1\"><b data-path-to-node=\"28,1,1,1,0\" data-index-in-node=\"0\">Pr\u00e9paration \u00e0 la logistique mondiale :<\/b> Emballage et palettisation s\u00e9curis\u00e9s des cartons, enti\u00e8rement optimis\u00e9s pour l'exp\u00e9dition internationale vers Amazon FBA ou vos entrep\u00f4ts locaux.<\/p><\/li><\/ul>\t\t\t\t\t\t\t\t<\/div>\n\t\t\t\t<\/div>\n\t\t<div class=\"elementor-element elementor-element-57dd131 e-con-full e-flex e-con e-child\" data-id=\"57dd131\" data-element_type=\"container\" data-e-type=\"container\">\n\t\t\t\t<div class=\"elementor-element elementor-element-d9c5695 elementor-invisible elementor-widget elementor-widget-image\" data-id=\"d9c5695\" data-element_type=\"widget\" data-e-type=\"widget\" data-settings=\"{&quot;_animation&quot;:&quot;fadeInUp&quot;}\" data-widget_type=\"image.default\">\n\t\t\t\t\t\t\t\t\t\t\t\t\t\t\t<img loading=\"lazy\" decoding=\"async\" width=\"800\" height=\"550\" src=\"https:\/\/relish-tech.com\/wp-content\/uploads\/2026\/03\/relish-tech-global-footprint-map-partners-across-continents.webp\" class=\"attachment-large size-large wp-image-4435\" alt=\"A world map displaying Relish Tech&#039;s global footprint and diversity, highlighting regions served including Europe, North America, South America, Australia, and China, demonstrating their global reach and ability to serve partners across continents and understand varied markets.\" srcset=\"https:\/\/relish-tech.com\/wp-content\/uploads\/2026\/03\/relish-tech-global-footprint-map-partners-across-continents.webp 800w, https:\/\/relish-tech.com\/wp-content\/uploads\/2026\/03\/relish-tech-global-footprint-map-partners-across-continents-300x206.webp 300w, https:\/\/relish-tech.com\/wp-content\/uploads\/2026\/03\/relish-tech-global-footprint-map-partners-across-continents-768x528.webp 768w, https:\/\/relish-tech.com\/wp-content\/uploads\/2026\/03\/relish-tech-global-footprint-map-partners-across-continents-18x12.webp 18w\" sizes=\"(max-width: 800px) 100vw, 800px\" title=\"\">\t\t\t\t\t\t\t\t\t\t\t\t\t\t\t<\/div>\n\t\t\t\t<\/div>\n\t\t\t\t\t<\/div>\n\t\t\t\t<\/div>\n\t\t\t\t<\/div>","protected":false},"excerpt":{"rendered":"<p>Advanced Manufacturing &amp; Production Capabilities We combine precision engineering, scalable automated production, and rigorous quality control to bring your oral [&hellip;]<\/p>\n","protected":false},"author":1,"featured_media":0,"parent":0,"menu_order":0,"comment_status":"closed","ping_status":"closed","template":"","meta":{"footnotes":""},"class_list":["post-1614","page","type-page","status-publish","hentry"],"blocksy_meta":{"has_hero_section":"disabled","vertical_spacing_source":"custom","content_area_spacing":"none","styles_descriptor":{"styles":{"desktop":"","tablet":"","mobile":""},"google_fonts":[],"version":6}},"_links":{"self":[{"href":"https:\/\/relish-tech.com\/fr\/wp-json\/wp\/v2\/pages\/1614","targetHints":{"allow":["GET"]}}],"collection":[{"href":"https:\/\/relish-tech.com\/fr\/wp-json\/wp\/v2\/pages"}],"about":[{"href":"https:\/\/relish-tech.com\/fr\/wp-json\/wp\/v2\/types\/page"}],"author":[{"embeddable":true,"href":"https:\/\/relish-tech.com\/fr\/wp-json\/wp\/v2\/users\/1"}],"replies":[{"embeddable":true,"href":"https:\/\/relish-tech.com\/fr\/wp-json\/wp\/v2\/comments?post=1614"}],"version-history":[{"count":19,"href":"https:\/\/relish-tech.com\/fr\/wp-json\/wp\/v2\/pages\/1614\/revisions"}],"predecessor-version":[{"id":4453,"href":"https:\/\/relish-tech.com\/fr\/wp-json\/wp\/v2\/pages\/1614\/revisions\/4453"}],"wp:attachment":[{"href":"https:\/\/relish-tech.com\/fr\/wp-json\/wp\/v2\/media?parent=1614"}],"curies":[{"name":"wp","href":"https:\/\/api.w.org\/{rel}","templated":true}]}}