{"id":1605,"date":"2025-11-20T02:03:20","date_gmt":"2025-11-20T02:03:20","guid":{"rendered":"https:\/\/relish.quhenet.com\/?page_id=1605"},"modified":"2026-03-11T08:01:38","modified_gmt":"2026-03-11T08:01:38","slug":"developpement-de-la-recherche","status":"publish","type":"page","link":"https:\/\/relish-tech.com\/fr\/research-development\/","title":{"rendered":"Capacit\u00e9s de R&amp;D"},"content":{"rendered":"<div data-elementor-type=\"wp-page\" data-elementor-id=\"1605\" class=\"elementor elementor-1605\" data-elementor-post-type=\"page\">\n\t\t\t\t<div class=\"elementor-element elementor-element-3bb91bd7 e-flex e-con-boxed e-con e-parent\" data-id=\"3bb91bd7\" data-element_type=\"container\" data-e-type=\"container\" data-settings=\"{&quot;background_background&quot;:&quot;classic&quot;}\">\n\t\t\t\t\t<div class=\"e-con-inner\">\n\t\t\t\t<div class=\"elementor-element elementor-element-506cfa66 elementor-widget elementor-widget-heading\" data-id=\"506cfa66\" data-element_type=\"widget\" data-e-type=\"widget\" data-widget_type=\"heading.default\">\n\t\t\t\t\t<h1 class=\"elementor-heading-title elementor-size-default\">R&amp;D de pr\u00e9cision : concevoir l'avenir des soins bucco-dentaires professionnels<\/h1>\t\t\t\t<\/div>\n\t\t\t\t<div class=\"elementor-element elementor-element-240b0899 elementor-widget elementor-widget-heading\" data-id=\"240b0899\" data-element_type=\"widget\" data-e-type=\"widget\" data-widget_type=\"heading.default\">\n\t\t\t\t\t<div class=\"elementor-heading-title elementor-size-default\">Relish associe une R&amp;D interne avanc\u00e9e \u00e0 plus de 15 ans d'expertise des mat\u00e9riaux pour fournir des solutions dentaires \u00e9volutives, certifi\u00e9es et innovantes adapt\u00e9es aux demandes du march\u00e9 mondial.<\/div>\t\t\t\t<\/div>\n\t\t\t\t\t<\/div>\n\t\t\t\t<\/div>\n\t\t<div class=\"elementor-element elementor-element-eb0657f e-flex e-con-boxed e-con e-parent\" data-id=\"eb0657f\" data-element_type=\"container\" data-e-type=\"container\" data-settings=\"{&quot;background_background&quot;:&quot;classic&quot;}\">\n\t\t\t\t\t<div class=\"e-con-inner\">\n\t\t<div class=\"elementor-element elementor-element-de96351 e-con-full e-flex e-con e-child\" data-id=\"de96351\" data-element_type=\"container\" data-e-type=\"container\">\n\t\t\t\t<div class=\"elementor-element elementor-element-df84de6 elementor-widget elementor-widget-heading\" data-id=\"df84de6\" data-element_type=\"widget\" data-e-type=\"widget\" data-widget_type=\"heading.default\">\n\t\t\t\t\t<h2 class=\"elementor-heading-title elementor-size-default\">2025 Innovation\nLa premi\u00e8re brosse \u00e0 dents Spinsonic 3-en-1 au monde<\/h2>\t\t\t\t<\/div>\n\t\t\t\t<div class=\"elementor-element elementor-element-d6ccd4d elementor-widget elementor-widget-text-editor\" data-id=\"d6ccd4d\" data-element_type=\"widget\" data-e-type=\"widget\" data-widget_type=\"text-editor.default\">\n\t\t\t\t\t\t\t\t\t<ul><li><p data-path-to-node=\"10,1,1,0,0\" data-imt-p=\"1\"><b data-path-to-node=\"10,1,1,0,0\" data-index-in-node=\"0\">Int\u00e9gration rotative, sonore et vibrosonique :<\/b> Une technologie hybride r\u00e9volutionnaire offrant une efficacit\u00e9 de nettoyage in\u00e9gal\u00e9e.<\/p><\/li><li><p data-path-to-node=\"10,1,1,1,0\" data-imt-p=\"1\"><b data-path-to-node=\"10,1,1,1,0\" data-index-in-node=\"0\">Servocommande intelligente :<\/b> Aliment\u00e9 par un moteur vibrosonique silencieux avec reconnaissance de la t\u00eate de brosse et d\u00e9tection de la pression par l'IA.<\/p><\/li><li><p data-path-to-node=\"10,1,1,2,0\" data-imt-p=\"1\"><b data-path-to-node=\"10,1,1,2,0\" data-index-in-node=\"0\">Proposition recommand\u00e9e par le dentiste :<\/b> Combine la puissance de nettoyage d'Oral-B et le confort de Philips dans un appareil unifi\u00e9.<\/p><\/li><\/ul>\t\t\t\t\t\t\t\t<\/div>\n\t\t\t\t<\/div>\n\t\t<div class=\"elementor-element elementor-element-ede9b7b e-con-full e-flex e-con e-child\" data-id=\"ede9b7b\" data-element_type=\"container\" data-e-type=\"container\">\n\t\t\t\t<div class=\"elementor-element elementor-element-24d7f7c elementor-invisible elementor-widget elementor-widget-image\" data-id=\"24d7f7c\" data-element_type=\"widget\" data-e-type=\"widget\" data-settings=\"{&quot;_animation&quot;:&quot;fadeInUp&quot;}\" data-widget_type=\"image.default\">\n\t\t\t\t\t\t\t\t\t\t\t\t\t\t\t<img fetchpriority=\"high\" decoding=\"async\" width=\"800\" height=\"550\" src=\"https:\/\/relish-tech.com\/wp-content\/uploads\/2026\/01\/worlds-first-3-in-1-spinsonic-electric-toothbrush.webp\" class=\"attachment-large size-large wp-image-2179\" alt=\"The world&#039;s first 3-in-1 Spinsonic toothbrush featuring 31000 sonic vibration, 360-degree spin, and 60-degree sweep for unparalleled cleaning.\" srcset=\"https:\/\/relish-tech.com\/wp-content\/uploads\/2026\/01\/worlds-first-3-in-1-spinsonic-electric-toothbrush.webp 800w, https:\/\/relish-tech.com\/wp-content\/uploads\/2026\/01\/worlds-first-3-in-1-spinsonic-electric-toothbrush-300x206.webp 300w, https:\/\/relish-tech.com\/wp-content\/uploads\/2026\/01\/worlds-first-3-in-1-spinsonic-electric-toothbrush-768x528.webp 768w, https:\/\/relish-tech.com\/wp-content\/uploads\/2026\/01\/worlds-first-3-in-1-spinsonic-electric-toothbrush-18x12.webp 18w\" sizes=\"(max-width: 800px) 100vw, 800px\" title=\"\">\t\t\t\t\t\t\t\t\t\t\t\t\t\t\t<\/div>\n\t\t\t\t<\/div>\n\t\t\t\t\t<\/div>\n\t\t\t\t<\/div>\n\t\t<div class=\"elementor-element elementor-element-1b8b51c e-flex e-con-boxed e-con e-parent\" data-id=\"1b8b51c\" data-element_type=\"container\" data-e-type=\"container\">\n\t\t\t\t\t<div class=\"e-con-inner\">\n\t\t<div class=\"elementor-element elementor-element-8e06b3b e-con-full e-flex e-con e-child\" data-id=\"8e06b3b\" data-element_type=\"container\" data-e-type=\"container\">\n\t\t\t\t<div class=\"elementor-element elementor-element-7ee1ca2 elementor-invisible elementor-widget elementor-widget-image\" data-id=\"7ee1ca2\" data-element_type=\"widget\" data-e-type=\"widget\" data-settings=\"{&quot;_animation&quot;:&quot;fadeInUp&quot;}\" data-widget_type=\"image.default\">\n\t\t\t\t\t\t\t\t\t\t\t\t\t\t\t<img decoding=\"async\" width=\"2560\" height=\"1582\" src=\"https:\/\/relish-tech.com\/wp-content\/uploads\/2026\/02\/integrated-engineering-partner-oral-care-rd-team-scaled.webp\" class=\"attachment-full size-full wp-image-2533\" alt=\"Relish Tech&#039;s cross-functional team of 30+ structural, hardware, and software engineers for oral care product development.\" srcset=\"https:\/\/relish-tech.com\/wp-content\/uploads\/2026\/02\/integrated-engineering-partner-oral-care-rd-team-scaled.webp 2560w, https:\/\/relish-tech.com\/wp-content\/uploads\/2026\/02\/integrated-engineering-partner-oral-care-rd-team-300x185.webp 300w, https:\/\/relish-tech.com\/wp-content\/uploads\/2026\/02\/integrated-engineering-partner-oral-care-rd-team-1024x633.webp 1024w, https:\/\/relish-tech.com\/wp-content\/uploads\/2026\/02\/integrated-engineering-partner-oral-care-rd-team-768x475.webp 768w, https:\/\/relish-tech.com\/wp-content\/uploads\/2026\/02\/integrated-engineering-partner-oral-care-rd-team-1536x949.webp 1536w, https:\/\/relish-tech.com\/wp-content\/uploads\/2026\/02\/integrated-engineering-partner-oral-care-rd-team-2048x1266.webp 2048w, https:\/\/relish-tech.com\/wp-content\/uploads\/2026\/02\/integrated-engineering-partner-oral-care-rd-team-18x12.webp 18w\" sizes=\"(max-width: 2560px) 100vw, 2560px\" title=\"\">\t\t\t\t\t\t\t\t\t\t\t\t\t\t\t<\/div>\n\t\t\t\t<\/div>\n\t\t<div class=\"elementor-element elementor-element-74fe9bc e-con-full e-flex e-con e-child\" data-id=\"74fe9bc\" data-element_type=\"container\" data-e-type=\"container\" data-settings=\"{&quot;background_background&quot;:&quot;classic&quot;}\">\n\t\t\t\t<div class=\"elementor-element elementor-element-140c9af elementor-widget elementor-widget-heading\" data-id=\"140c9af\" data-element_type=\"widget\" data-e-type=\"widget\" data-widget_type=\"heading.default\">\n\t\t\t\t\t<h2 class=\"elementor-heading-title elementor-size-default\">Suivre les tendances orales<\/h2>\t\t\t\t<\/div>\n\t\t\t\t<div class=\"elementor-element elementor-element-02ed229 elementor-widget elementor-widget-text-editor\" data-id=\"02ed229\" data-element_type=\"widget\" data-e-type=\"widget\" data-widget_type=\"text-editor.default\">\n\t\t\t\t\t\t\t\t\t<p data-path-to-node=\"12,1,0\" data-imt-p=\"1\"><b data-path-to-node=\"12,1,0\" data-index-in-node=\"4\">Votre partenaire en ing\u00e9nierie int\u00e9gr\u00e9e<\/b> Notre \u00e9quipe interfonctionnelle de <b data-path-to-node=\"12,1,0\" data-index-in-node=\"69\">Plus de 30 ing\u00e9nieurs structurels, mat\u00e9riels et logiciels<\/b> transforme votre vision en produits fonctionnels et pr\u00eats \u00e0 \u00eatre commercialis\u00e9s.<\/p><ul data-path-to-node=\"12,1,1\"><li><p data-path-to-node=\"12,1,1,0,0\" data-imt-p=\"1\"><b data-path-to-node=\"12,1,1,0,0\" data-index-in-node=\"0\">Prototypage rapide :<\/b> Mod\u00e9lisation CAO 3D et prototypage CNC pr\u00eats \u00e0 l'emploi <b data-path-to-node=\"12,1,1,0,0\" data-index-in-node=\"64\">3-7 jours<\/b>.<\/p><\/li><li><p data-path-to-node=\"12,1,1,1,0\" data-imt-p=\"1\"><b data-path-to-node=\"12,1,1,1,0\" data-index-in-node=\"0\">Conception ax\u00e9e sur la conformit\u00e9 :<\/b> Des processus de R&amp;D enti\u00e8rement align\u00e9s sur les <b data-path-to-node=\"12,1,1,1,0\" data-index-in-node=\"58\">ISO 13485<\/b> les normes relatives aux dispositifs m\u00e9dicaux.<\/p><\/li><\/ul>\t\t\t\t\t\t\t\t<\/div>\n\t\t\t\t<div class=\"elementor-element elementor-element-ba79f97 elementor-widget elementor-widget-button\" data-id=\"ba79f97\" data-element_type=\"widget\" data-e-type=\"widget\" data-widget_type=\"button.default\">\n\t\t\t\t\t\t\t\t\t\t<a class=\"elementor-button elementor-button-link elementor-size-sm\" href=\"#\">\n\t\t\t\t\t\t<span class=\"elementor-button-content-wrapper\">\n\t\t\t\t\t\t\t\t\t<span class=\"elementor-button-text\">Demander une consultation R&amp;D<\/span>\n\t\t\t\t\t<\/span>\n\t\t\t\t\t<\/a>\n\t\t\t\t\t\t\t\t<\/div>\n\t\t\t\t<\/div>\n\t\t\t\t\t<\/div>\n\t\t\t\t<\/div>\n\t\t<div class=\"elementor-element elementor-element-ac285cb e-flex e-con-boxed e-con e-parent\" data-id=\"ac285cb\" data-element_type=\"container\" data-e-type=\"container\" data-settings=\"{&quot;background_background&quot;:&quot;classic&quot;}\">\n\t\t\t\t\t<div class=\"e-con-inner\">\n\t\t<div class=\"elementor-element elementor-element-e29c4ed e-con-full e-flex e-con e-child\" data-id=\"e29c4ed\" data-element_type=\"container\" data-e-type=\"container\" data-settings=\"{&quot;background_background&quot;:&quot;classic&quot;}\">\n\t\t\t\t<div class=\"elementor-element elementor-element-2cdec50 elementor-widget elementor-widget-heading\" data-id=\"2cdec50\" data-element_type=\"widget\" data-e-type=\"widget\" data-widget_type=\"heading.default\">\n\t\t\t\t\t<h2 class=\"elementor-heading-title elementor-size-default\">Nous avons une longueur d'avance. Et vous aussi.<\/h2>\t\t\t\t<\/div>\n\t\t\t\t<div class=\"elementor-element elementor-element-3b6d665 elementor-widget elementor-widget-text-editor\" data-id=\"3b6d665\" data-element_type=\"widget\" data-e-type=\"widget\" data-widget_type=\"text-editor.default\">\n\t\t\t\t\t\t\t\t\t<h4 data-path-to-node=\"4\"><b data-path-to-node=\"4\" data-index-in-node=\"0\" data-imt-p=\"1\">Au-del\u00e0 du nettoyage - intelligent, durable et strat\u00e9gique.<\/b><\/h4><p data-path-to-node=\"5\" data-imt-p=\"1\">Le march\u00e9 des soins bucco-dentaires \u00e9volue rapidement. Les consommateurs d'aujourd'hui attendent plus qu'un simple sourire propre ; ils exigent <b data-path-to-node=\"5\" data-index-in-node=\"104\">technologie intelligente, mat\u00e9riaux respectueux de l'environnement et exp\u00e9riences personnalis\u00e9es<\/b>. Il ne suffit pas de suivre le mouvement. Pour dominer le rayon, vous devez <b data-path-to-node=\"5\" data-index-in-node=\"241\">perturber le statu quo<\/b>.<\/p><p data-path-to-node=\"6\" data-imt-p=\"1\">Chez Relish, nous ne nous contentons pas de suivre les tendances...<b data-path-to-node=\"6\" data-index-in-node=\"39\">nous les d\u00e9finissons<\/b>.<\/p><p data-path-to-node=\"8,3,0\" data-imt-p=\"1\">\u00a0<\/p>\t\t\t\t\t\t\t\t<\/div>\n\t\t\t\t<div class=\"elementor-element elementor-element-468a6a5 elementor-widget elementor-widget-button\" data-id=\"468a6a5\" data-element_type=\"widget\" data-e-type=\"widget\" data-widget_type=\"button.default\">\n\t\t\t\t\t\t\t\t\t\t<a class=\"elementor-button elementor-button-link elementor-size-sm\" href=\"#\">\n\t\t\t\t\t\t<span class=\"elementor-button-content-wrapper\">\n\t\t\t\t\t\t\t\t\t<span class=\"elementor-button-text\">Demander une consultation R&amp;D<\/span>\n\t\t\t\t\t<\/span>\n\t\t\t\t\t<\/a>\n\t\t\t\t\t\t\t\t<\/div>\n\t\t\t\t<\/div>\n\t\t<div class=\"elementor-element elementor-element-d854592 e-con-full e-flex e-con e-child\" data-id=\"d854592\" data-element_type=\"container\" data-e-type=\"container\">\n\t\t\t\t<div class=\"elementor-element elementor-element-7629c07 elementor-invisible elementor-widget elementor-widget-image\" data-id=\"7629c07\" data-element_type=\"widget\" data-e-type=\"widget\" data-settings=\"{&quot;_animation&quot;:&quot;fadeInUp&quot;}\" data-widget_type=\"image.default\">\n\t\t\t\t\t\t\t\t\t\t\t\t\t\t\t<img decoding=\"async\" width=\"800\" height=\"550\" src=\"https:\/\/relish-tech.com\/wp-content\/uploads\/2026\/01\/smart-sustainable-oral-care-rd-innovation.webp\" class=\"attachment-large size-large wp-image-2180\" alt=\"Relish R&amp;D expert researching eco-conscious materials and smart technology to disrupt the status quo in the oral care market.\" srcset=\"https:\/\/relish-tech.com\/wp-content\/uploads\/2026\/01\/smart-sustainable-oral-care-rd-innovation.webp 800w, https:\/\/relish-tech.com\/wp-content\/uploads\/2026\/01\/smart-sustainable-oral-care-rd-innovation-300x206.webp 300w, https:\/\/relish-tech.com\/wp-content\/uploads\/2026\/01\/smart-sustainable-oral-care-rd-innovation-768x528.webp 768w, https:\/\/relish-tech.com\/wp-content\/uploads\/2026\/01\/smart-sustainable-oral-care-rd-innovation-18x12.webp 18w\" sizes=\"(max-width: 800px) 100vw, 800px\" title=\"\">\t\t\t\t\t\t\t\t\t\t\t\t\t\t\t<\/div>\n\t\t\t\t<\/div>\n\t\t\t\t\t<\/div>\n\t\t\t\t<\/div>\n\t\t<div class=\"elementor-element elementor-element-cae6379 e-flex e-con-boxed e-con e-parent\" data-id=\"cae6379\" data-element_type=\"container\" data-e-type=\"container\">\n\t\t\t\t\t<div class=\"e-con-inner\">\n\t\t<div class=\"elementor-element elementor-element-2254bdc e-con-full e-flex e-con e-child\" data-id=\"2254bdc\" data-element_type=\"container\" data-e-type=\"container\">\n\t\t\t\t<div class=\"elementor-element elementor-element-019e4f1 elementor-invisible elementor-widget elementor-widget-image\" data-id=\"019e4f1\" data-element_type=\"widget\" data-e-type=\"widget\" data-settings=\"{&quot;_animation&quot;:&quot;fadeInUp&quot;}\" data-widget_type=\"image.default\">\n\t\t\t\t\t\t\t\t\t\t\t\t\t\t\t<img loading=\"lazy\" decoding=\"async\" width=\"1024\" height=\"559\" src=\"https:\/\/relish-tech.com\/wp-content\/uploads\/2026\/02\/advanced-electric-toothbrush-motor-design-innovation.webp\" class=\"attachment-full size-full wp-image-2546\" alt=\"Cross-section of an advanced electric toothbrush motor design featuring a high-torque neodymium rotor, intelligent servo driver PCB, and patented vibrosonic mechanism.\" srcset=\"https:\/\/relish-tech.com\/wp-content\/uploads\/2026\/02\/advanced-electric-toothbrush-motor-design-innovation.webp 1024w, https:\/\/relish-tech.com\/wp-content\/uploads\/2026\/02\/advanced-electric-toothbrush-motor-design-innovation-300x164.webp 300w, https:\/\/relish-tech.com\/wp-content\/uploads\/2026\/02\/advanced-electric-toothbrush-motor-design-innovation-768x419.webp 768w, https:\/\/relish-tech.com\/wp-content\/uploads\/2026\/02\/advanced-electric-toothbrush-motor-design-innovation-18x10.webp 18w\" sizes=\"(max-width: 1024px) 100vw, 1024px\" title=\"\">\t\t\t\t\t\t\t\t\t\t\t\t\t\t\t<\/div>\n\t\t\t\t<\/div>\n\t\t<div class=\"elementor-element elementor-element-bd0ff2b e-con-full e-flex e-con e-child\" data-id=\"bd0ff2b\" data-element_type=\"container\" data-e-type=\"container\" data-settings=\"{&quot;background_background&quot;:&quot;classic&quot;}\">\n\t\t\t\t<div class=\"elementor-element elementor-element-b1a346a elementor-widget elementor-widget-heading\" data-id=\"b1a346a\" data-element_type=\"widget\" data-e-type=\"widget\" data-widget_type=\"heading.default\">\n\t\t\t\t\t<h2 class=\"elementor-heading-title elementor-size-default\">Pourquoi s'associer \u00e0 Relish R&amp;D ?<\/h2>\t\t\t\t<\/div>\n\t\t\t\t<div class=\"elementor-element elementor-element-93f1bbc elementor-widget elementor-widget-text-editor\" data-id=\"93f1bbc\" data-element_type=\"widget\" data-e-type=\"widget\" data-widget_type=\"text-editor.default\">\n\t\t\t\t\t\t\t\t\t<ul data-path-to-node=\"8\"><li><p data-path-to-node=\"8,0,0\" data-imt-p=\"1\"><b data-path-to-node=\"8,0,0\" data-index-in-node=\"0\">Innovation de pointe :<\/b> Il est dot\u00e9 d'un moteur de conception avanc\u00e9e, de mat\u00e9riaux biod\u00e9gradables et d'un emballage intelligent et connect\u00e9.<\/p><\/li><li><p data-path-to-node=\"8,1,0\" data-imt-p=\"1\"><b data-path-to-node=\"8,1,0\" data-index-in-node=\"0\">Expertise transversale :<\/b> Notre \u00e9quipe allie la pr\u00e9cision de l'ing\u00e9nierie, le design industriel et la connaissance approfondie des consommateurs.<\/p><\/li><li><p data-path-to-node=\"8,2,0\" data-imt-p=\"1\"><b data-path-to-node=\"8,2,0\" data-index-in-node=\"0\">Rapidit\u00e9 de mise sur le march\u00e9 :<\/b> Nous transformons votre vision en r\u00e9alit\u00e9 plus rapidement et plus intelligemment, gr\u00e2ce \u00e0 <b data-path-to-node=\"8,2,0\" data-index-in-node=\"75\">un soutien complet en mati\u00e8re de conformit\u00e9 r\u00e9glementaire<\/b> int\u00e9gr\u00e9.<\/p><\/li><li><p data-path-to-node=\"8,3,0\" data-imt-p=\"1\"><b data-path-to-node=\"8,3,0\" data-index-in-node=\"0\">Diff\u00e9renciation prouv\u00e9e :<\/b> Des syst\u00e8mes de bambou durables \u00e0 l'hygi\u00e8ne aliment\u00e9e par l'IA, nous fabriquons des produits qui se distinguent dans les habitudes quotidiennes et dans la vente au d\u00e9tail mondiale.<\/p><\/li><\/ul>\t\t\t\t\t\t\t\t<\/div>\n\t\t\t\t<div class=\"elementor-element elementor-element-98d1975 elementor-widget elementor-widget-button\" data-id=\"98d1975\" data-element_type=\"widget\" data-e-type=\"widget\" data-widget_type=\"button.default\">\n\t\t\t\t\t\t\t\t\t\t<a class=\"elementor-button elementor-button-link elementor-size-sm\" href=\"#\">\n\t\t\t\t\t\t<span class=\"elementor-button-content-wrapper\">\n\t\t\t\t\t\t\t\t\t<span class=\"elementor-button-text\">Demander une consultation R&amp;D<\/span>\n\t\t\t\t\t<\/span>\n\t\t\t\t\t<\/a>\n\t\t\t\t\t\t\t\t<\/div>\n\t\t\t\t<\/div>\n\t\t\t\t\t<\/div>\n\t\t\t\t<\/div>\n\t\t<div class=\"elementor-element elementor-element-df41498 e-flex e-con-boxed e-con e-parent\" data-id=\"df41498\" data-element_type=\"container\" data-e-type=\"container\" data-settings=\"{&quot;background_background&quot;:&quot;classic&quot;}\">\n\t\t\t\t\t<div class=\"e-con-inner\">\n\t\t<div class=\"elementor-element elementor-element-188f428 e-con-full e-flex e-con e-child\" data-id=\"188f428\" data-element_type=\"container\" data-e-type=\"container\" data-settings=\"{&quot;background_background&quot;:&quot;classic&quot;}\">\n\t\t\t\t<div class=\"elementor-element elementor-element-e21b74a elementor-widget elementor-widget-heading\" data-id=\"e21b74a\" data-element_type=\"widget\" data-e-type=\"widget\" data-widget_type=\"heading.default\">\n\t\t\t\t\t<h2 class=\"elementor-heading-title elementor-size-default\">Une innovation durable, con\u00e7ue pour \u00eatre performante<\/h2>\t\t\t\t<\/div>\n\t\t\t\t<div class=\"elementor-element elementor-element-564e595 elementor-widget elementor-widget-text-editor\" data-id=\"564e595\" data-element_type=\"widget\" data-e-type=\"widget\" data-widget_type=\"text-editor.default\">\n\t\t\t\t\t\t\t\t\t<p>Chez Relish, nous pensons que performances \u00e9lev\u00e9es et conception respectueuse de la plan\u00e8te vont de pair. Notre derni\u00e8re innovation, la brosse \u00e0 dents Spinsonic 3-en-1, associe un nettoyage sonique avanc\u00e9 \u00e0 une ing\u00e9nierie respectueuse de l'environnement : des moteurs \u00e9conomes en \u00e9nergie, des t\u00eates rempla\u00e7ables pour r\u00e9duire les d\u00e9chets et un emballage fabriqu\u00e9 \u00e0 partir de mat\u00e9riaux recycl\u00e9s.<\/p><p>D\u00e9velopp\u00e9 en interne par notre \u00e9quipe de R&amp;D, il est la preuve que l'innovation en mati\u00e8re de soins bucco-dentaires peut \u00eatre puissante, responsable et pr\u00eate pour le consommateur conscient d'aujourd'hui.<\/p><p>Con\u00e7u par Relish. Construit pour l'avenir.<\/p>\t\t\t\t\t\t\t\t<\/div>\n\t\t\t\t<div class=\"elementor-element elementor-element-020e1f6 elementor-widget elementor-widget-button\" data-id=\"020e1f6\" data-element_type=\"widget\" data-e-type=\"widget\" data-widget_type=\"button.default\">\n\t\t\t\t\t\t\t\t\t\t<a class=\"elementor-button elementor-button-link elementor-size-sm\" href=\"#\">\n\t\t\t\t\t\t<span class=\"elementor-button-content-wrapper\">\n\t\t\t\t\t\t\t\t\t<span class=\"elementor-button-text\">Explorer les solutions durables<\/span>\n\t\t\t\t\t<\/span>\n\t\t\t\t\t<\/a>\n\t\t\t\t\t\t\t\t<\/div>\n\t\t\t\t<\/div>\n\t\t<div class=\"elementor-element elementor-element-f696e9f e-con-full e-flex e-con e-child\" data-id=\"f696e9f\" data-element_type=\"container\" data-e-type=\"container\" data-settings=\"{&quot;background_background&quot;:&quot;classic&quot;}\">\n\t\t\t\t<div class=\"elementor-element elementor-element-af502f0 elementor-invisible elementor-widget elementor-widget-image\" data-id=\"af502f0\" data-element_type=\"widget\" data-e-type=\"widget\" data-settings=\"{&quot;_animation&quot;:&quot;fadeInUp&quot;}\" data-widget_type=\"image.default\">\n\t\t\t\t\t\t\t\t\t\t\t\t\t\t\t<img loading=\"lazy\" decoding=\"async\" width=\"800\" height=\"550\" src=\"https:\/\/relish-tech.com\/wp-content\/uploads\/2026\/01\/sustainable-innovation-3-in-1-spinsonic-toothbrush.webp\" class=\"attachment-large size-large wp-image-2181\" alt=\"The 3-in-1 Spinsonic Toothbrush demonstrating 60-degree sweep, 360-degree spin, and 31000 sonic vibration, engineered for high performance and eco-conscious sustainable innovation.\" srcset=\"https:\/\/relish-tech.com\/wp-content\/uploads\/2026\/01\/sustainable-innovation-3-in-1-spinsonic-toothbrush.webp 800w, https:\/\/relish-tech.com\/wp-content\/uploads\/2026\/01\/sustainable-innovation-3-in-1-spinsonic-toothbrush-300x206.webp 300w, https:\/\/relish-tech.com\/wp-content\/uploads\/2026\/01\/sustainable-innovation-3-in-1-spinsonic-toothbrush-768x528.webp 768w, https:\/\/relish-tech.com\/wp-content\/uploads\/2026\/01\/sustainable-innovation-3-in-1-spinsonic-toothbrush-18x12.webp 18w\" sizes=\"(max-width: 800px) 100vw, 800px\" title=\"\">\t\t\t\t\t\t\t\t\t\t\t\t\t\t\t<\/div>\n\t\t\t\t<\/div>\n\t\t\t\t\t<\/div>\n\t\t\t\t<\/div>\n\t\t\t\t<\/div>","protected":false},"excerpt":{"rendered":"<p>Precision R&amp;D: Engineering the Future of Professional Oral Care Relish combines advanced in-house R&amp;D with 15+ years of materials expertise [&hellip;]<\/p>\n","protected":false},"author":1,"featured_media":0,"parent":0,"menu_order":0,"comment_status":"closed","ping_status":"closed","template":"","meta":{"footnotes":""},"class_list":["post-1605","page","type-page","status-publish","hentry"],"blocksy_meta":{"has_hero_section":"disabled","vertical_spacing_source":"custom","content_area_spacing":"none","styles_descriptor":{"styles":{"desktop":"","tablet":"","mobile":""},"google_fonts":[],"version":6}},"_links":{"self":[{"href":"https:\/\/relish-tech.com\/fr\/wp-json\/wp\/v2\/pages\/1605","targetHints":{"allow":["GET"]}}],"collection":[{"href":"https:\/\/relish-tech.com\/fr\/wp-json\/wp\/v2\/pages"}],"about":[{"href":"https:\/\/relish-tech.com\/fr\/wp-json\/wp\/v2\/types\/page"}],"author":[{"embeddable":true,"href":"https:\/\/relish-tech.com\/fr\/wp-json\/wp\/v2\/users\/1"}],"replies":[{"embeddable":true,"href":"https:\/\/relish-tech.com\/fr\/wp-json\/wp\/v2\/comments?post=1605"}],"version-history":[{"count":46,"href":"https:\/\/relish-tech.com\/fr\/wp-json\/wp\/v2\/pages\/1605\/revisions"}],"predecessor-version":[{"id":2702,"href":"https:\/\/relish-tech.com\/fr\/wp-json\/wp\/v2\/pages\/1605\/revisions\/2702"}],"wp:attachment":[{"href":"https:\/\/relish-tech.com\/fr\/wp-json\/wp\/v2\/media?parent=1605"}],"curies":[{"name":"wp","href":"https:\/\/api.w.org\/{rel}","templated":true}]}}