{"id":1581,"date":"2025-11-15T02:47:06","date_gmt":"2025-11-15T02:47:06","guid":{"rendered":"https:\/\/relish.quhenet.com\/?page_id=1581"},"modified":"2026-03-11T06:58:56","modified_gmt":"2026-03-11T06:58:56","slug":"emballage-sur-mesure","status":"publish","type":"page","link":"https:\/\/relish-tech.com\/fr\/custom-packaging\/","title":{"rendered":"Emballage sur mesure"},"content":{"rendered":"<div data-elementor-type=\"wp-page\" data-elementor-id=\"1581\" class=\"elementor elementor-1581\" data-elementor-post-type=\"page\">\n\t\t\t\t<div class=\"elementor-element elementor-element-3da04f74 e-flex e-con-boxed e-con e-parent\" data-id=\"3da04f74\" data-element_type=\"container\" data-e-type=\"container\" data-settings=\"{&quot;background_background&quot;:&quot;classic&quot;}\">\n\t\t\t\t\t<div class=\"e-con-inner\">\n\t\t\t\t<div class=\"elementor-element elementor-element-aebf0b6 elementor-widget elementor-widget-heading\" data-id=\"aebf0b6\" data-element_type=\"widget\" data-e-type=\"widget\" data-widget_type=\"heading.default\">\n\t\t\t\t\t<h1 class=\"elementor-heading-title elementor-size-default\">Emballage personnalis\u00e9 pr\u00eat pour la vente au d\u00e9tail : Am\u00e9liorez la pr\u00e9sence de votre marque<\/h1>\t\t\t\t<\/div>\n\t\t\t\t<div class=\"elementor-element elementor-element-660bf9e2 elementor-widget elementor-widget-heading\" data-id=\"660bf9e2\" data-element_type=\"widget\" data-e-type=\"widget\" data-widget_type=\"heading.default\">\n\t\t\t\t\t<div class=\"elementor-heading-title elementor-size-default\">Des bo\u00eetes kraft respectueuses de l'environnement aux pr\u00e9sentoirs magn\u00e9tiques haut de gamme pour la vente au d\u00e9tail, nous fournissons des solutions d'emballage de bout en bout qui prot\u00e8gent vos produits et captivent vos clients.<\/div>\t\t\t\t<\/div>\n\t\t\t\t\t<\/div>\n\t\t\t\t<\/div>\n\t\t<div class=\"elementor-element elementor-element-8c1887c e-grid e-con-boxed e-con e-parent\" data-id=\"8c1887c\" data-element_type=\"container\" data-e-type=\"container\">\n\t\t\t\t\t<div class=\"e-con-inner\">\n\t\t\t\t<div class=\"elementor-element elementor-element-cf27b01 elementor-position-left elementor-vertical-align-middle elementor-widget elementor-widget-image-box\" data-id=\"cf27b01\" data-element_type=\"widget\" data-e-type=\"widget\" data-widget_type=\"image-box.default\">\n\t\t\t\t\t<div class=\"elementor-image-box-wrapper\"><figure class=\"elementor-image-box-img\"><img decoding=\"async\" width=\"150\" height=\"150\" src=\"https:\/\/relish-tech.com\/wp-content\/uploads\/2025\/11\/united-150x150-1.png\" class=\"attachment-full size-full wp-image-1584\" alt=\"\" title=\"\"><\/figure><div class=\"elementor-image-box-content\"><h5 class=\"elementor-image-box-title\">Int\u00e9gration de la cha\u00eene d'approvisionnement \u00e0 guichet unique<\/h5><p class=\"elementor-image-box-description\">Gagnez du temps et r\u00e9duisez vos co\u00fbts en achetant vos emballages personnalis\u00e9s en m\u00eame temps que vos produits d'hygi\u00e8ne bucco-dentaire, le tout sous un m\u00eame toit. Rationalisez votre cha\u00eene d'approvisionnement gr\u00e2ce \u00e0 un soutien int\u00e9gr\u00e9, de la conception initiale \u00e0 l'assemblage final.<\/p><\/div><\/div>\t\t\t\t<\/div>\n\t\t\t\t<div class=\"elementor-element elementor-element-3cca9fd elementor-position-left elementor-vertical-align-middle elementor-widget elementor-widget-image-box\" data-id=\"3cca9fd\" data-element_type=\"widget\" data-e-type=\"widget\" data-widget_type=\"image-box.default\">\n\t\t\t\t\t<div class=\"elementor-image-box-wrapper\"><figure class=\"elementor-image-box-img\"><img decoding=\"async\" width=\"150\" height=\"150\" src=\"https:\/\/relish-tech.com\/wp-content\/uploads\/2025\/11\/warehouse-150x150-1.png\" class=\"attachment-full size-full wp-image-1585\" alt=\"\" title=\"\"><\/figure><div class=\"elementor-image-box-content\"><h5 class=\"elementor-image-box-title\">Prix \u00e9volutifs et moindres MOQs<\/h5><p class=\"elementor-image-box-description\">Nos co\u00fbts d'emballage sont clairement d\u00e9taill\u00e9s, sans frais cach\u00e9s. B\u00e9n\u00e9ficiez d'options d'entreposage gratuites et de plans de tarification flexibles con\u00e7us pour \u00e9voluer avec votre marque, que vous soyez une startup ou un leader mondial.<\/p><\/div><\/div>\t\t\t\t<\/div>\n\t\t\t\t<div class=\"elementor-element elementor-element-1b43af1 elementor-position-left elementor-vertical-align-middle elementor-widget elementor-widget-image-box\" data-id=\"1b43af1\" data-element_type=\"widget\" data-e-type=\"widget\" data-widget_type=\"image-box.default\">\n\t\t\t\t\t<div class=\"elementor-image-box-wrapper\"><figure class=\"elementor-image-box-img\"><img decoding=\"async\" width=\"150\" height=\"150\" src=\"https:\/\/relish-tech.com\/wp-content\/uploads\/2025\/11\/quotation-150x150-1.png\" class=\"attachment-full size-full wp-image-1586\" alt=\"\" title=\"\"><\/figure><div class=\"elementor-image-box-content\"><h5 class=\"elementor-image-box-title\">Plus de 15 ans d'expertise en emballage B2B<\/h5><p class=\"elementor-image-box-description\">Avec plus de 15 ans d'exp\u00e9rience dans la fabrication de produits d'hygi\u00e8ne bucco-dentaire, nous ma\u00eetrisons tous les d\u00e9tails de l'emballage, des normes internationales de d\u00e9veloppement durable \u00e0 l'esth\u00e9tique des rayons.<\/p><\/div><\/div>\t\t\t\t<\/div>\n\t\t\t\t<div class=\"elementor-element elementor-element-3862c4b elementor-position-left elementor-vertical-align-middle elementor-widget elementor-widget-image-box\" data-id=\"3862c4b\" data-element_type=\"widget\" data-e-type=\"widget\" data-widget_type=\"image-box.default\">\n\t\t\t\t\t<div class=\"elementor-image-box-wrapper\"><figure class=\"elementor-image-box-img\"><img loading=\"lazy\" decoding=\"async\" width=\"150\" height=\"150\" src=\"https:\/\/relish-tech.com\/wp-content\/uploads\/2025\/11\/rating-150x150-1.png\" class=\"attachment-full size-full wp-image-1587\" alt=\"\" title=\"\"><\/figure><div class=\"elementor-image-box-content\"><h5 class=\"elementor-image-box-title\">Prix transparents et estimations rapides<\/h5><p class=\"elementor-image-box-description\">Obtenez des prix rapides et transparents adapt\u00e9s \u00e0 votre volume, \u00e0 vos mat\u00e9riaux et \u00e0 vos exigences en mati\u00e8re d'image de marque. Nous \u00e9liminons les retards gr\u00e2ce \u00e0 des estimations de co\u00fbts instantan\u00e9es et pr\u00e9cises afin de respecter le calendrier de votre projet.<\/p><\/div><\/div>\t\t\t\t<\/div>\n\t\t\t\t\t<\/div>\n\t\t\t\t<\/div>\n\t\t<div class=\"elementor-element elementor-element-b40e3a6 e-flex e-con-boxed e-con e-parent\" data-id=\"b40e3a6\" data-element_type=\"container\" data-e-type=\"container\" data-settings=\"{&quot;background_background&quot;:&quot;classic&quot;}\">\n\t\t\t\t\t<div class=\"e-con-inner\">\n\t\t\t\t<div class=\"elementor-element elementor-element-864db17 elementor-widget elementor-widget-heading\" data-id=\"864db17\" data-element_type=\"widget\" data-e-type=\"widget\" data-widget_type=\"heading.default\">\n\t\t\t\t\t<h2 class=\"elementor-heading-title elementor-size-default\">Service d'emballage \"coup de foudre<\/h2>\t\t\t\t<\/div>\n\t\t\t\t<div class=\"elementor-element elementor-element-c37ea55 elementor-widget elementor-widget-heading\" data-id=\"c37ea55\" data-element_type=\"widget\" data-e-type=\"widget\" data-widget_type=\"heading.default\">\n\t\t\t\t\t<div class=\"elementor-heading-title elementor-size-default\">Personnalisez votre emballage de marque en quelques \u00e9tapes simples - con\u00e7u pour impressionner les clients avant m\u00eame qu'ils n'ouvrent la bo\u00eete.<\/div>\t\t\t\t<\/div>\n\t\t\t\t\t<\/div>\n\t\t\t\t<\/div>\n\t\t<div class=\"elementor-element elementor-element-7c24df2 e-flex e-con-boxed e-con e-parent\" data-id=\"7c24df2\" data-element_type=\"container\" data-e-type=\"container\" data-settings=\"{&quot;background_background&quot;:&quot;classic&quot;}\">\n\t\t\t\t\t<div class=\"e-con-inner\">\n\t\t<div class=\"elementor-element elementor-element-9d391e4 e-con-full e-flex e-con e-child\" data-id=\"9d391e4\" data-element_type=\"container\" data-e-type=\"container\">\n\t\t\t\t<div class=\"elementor-element elementor-element-78743b4 elementor-invisible elementor-widget elementor-widget-image\" data-id=\"78743b4\" data-element_type=\"widget\" data-e-type=\"widget\" data-settings=\"{&quot;_animation&quot;:&quot;fadeInUp&quot;}\" data-widget_type=\"image.default\">\n\t\t\t\t\t\t\t\t\t\t\t\t\t\t\t<img loading=\"lazy\" decoding=\"async\" width=\"800\" height=\"500\" src=\"https:\/\/relish-tech.com\/wp-content\/uploads\/2026\/01\/relish-tech-electric-toothbrush-international-compliance-waterproof-demonstration.webp\" class=\"attachment-large size-large wp-image-2063\" alt=\"Une paire de brosses \u00e0 dents \u00e9lectriques roses et bleues immerg\u00e9es dans des r\u00e9servoirs d&#039;eau, soumises \u00e0 une d\u00e9monstration d&#039;\u00e9tanch\u00e9it\u00e9 physique et de conformit\u00e9 aux normes m\u00e9dicales pour la pr\u00e9paration de la cha\u00eene d&#039;approvisionnement mondiale.\" srcset=\"https:\/\/relish-tech.com\/wp-content\/uploads\/2026\/01\/relish-tech-electric-toothbrush-international-compliance-waterproof-demonstration.webp 800w, https:\/\/relish-tech.com\/wp-content\/uploads\/2026\/01\/relish-tech-electric-toothbrush-international-compliance-waterproof-demonstration-300x188.webp 300w, https:\/\/relish-tech.com\/wp-content\/uploads\/2026\/01\/relish-tech-electric-toothbrush-international-compliance-waterproof-demonstration-768x480.webp 768w, https:\/\/relish-tech.com\/wp-content\/uploads\/2026\/01\/relish-tech-electric-toothbrush-international-compliance-waterproof-demonstration-18x12.webp 18w\" sizes=\"(max-width: 800px) 100vw, 800px\" title=\"\">\t\t\t\t\t\t\t\t\t\t\t\t\t\t\t<\/div>\n\t\t\t\t<\/div>\n\t\t<div class=\"elementor-element elementor-element-4d3c535 e-con-full e-flex e-con e-child\" data-id=\"4d3c535\" data-element_type=\"container\" data-e-type=\"container\">\n\t\t\t\t<div class=\"elementor-element elementor-element-21f9b97 elementor-widget elementor-widget-heading\" data-id=\"21f9b97\" data-element_type=\"widget\" data-e-type=\"widget\" data-widget_type=\"heading.default\">\n\t\t\t\t\t<h3 class=\"elementor-heading-title elementor-size-default\">\u00c9tape 1 : Consultation sur l'identit\u00e9 de la marque et le dossier<\/h3>\t\t\t\t<\/div>\n\t\t\t\t<div class=\"elementor-element elementor-element-f22a861 elementor-widget elementor-widget-text-editor\" data-id=\"f22a861\" data-element_type=\"widget\" data-e-type=\"widget\" data-widget_type=\"text-editor.default\">\n\t\t\t\t\t\t\t\t\t<p>Votre emballage de marque commence par votre identit\u00e9. Envoyez-nous votre logo ou vos fichiers de conception dans n'importe quel format, et nos experts internes cr\u00e9eront une maquette professionnelle pour visualiser la personnalit\u00e9 de votre marque.<\/p>\t\t\t\t\t\t\t\t<\/div>\n\t\t\t\t<div class=\"elementor-element elementor-element-23927e1 elementor-widget elementor-widget-button\" data-id=\"23927e1\" data-element_type=\"widget\" data-e-type=\"widget\" data-widget_type=\"button.default\">\n\t\t\t\t\t\t\t\t\t\t<a class=\"elementor-button elementor-button-link elementor-size-sm\" href=\"\/fr\/contact\/\">\n\t\t\t\t\t\t<span class=\"elementor-button-content-wrapper\">\n\t\t\t\t\t\t\t\t\t<span class=\"elementor-button-text\">Contact pour l'envoi du logo<\/span>\n\t\t\t\t\t<\/span>\n\t\t\t\t\t<\/a>\n\t\t\t\t\t\t\t\t<\/div>\n\t\t\t\t<\/div>\n\t\t\t\t\t<\/div>\n\t\t\t\t<\/div>\n\t\t<div class=\"elementor-element elementor-element-465eef9 e-flex e-con-boxed e-con e-parent\" data-id=\"465eef9\" data-element_type=\"container\" data-e-type=\"container\" data-settings=\"{&quot;background_background&quot;:&quot;classic&quot;}\">\n\t\t\t\t\t<div class=\"e-con-inner\">\n\t\t<div class=\"elementor-element elementor-element-27e3752 e-con-full e-flex e-con e-child\" data-id=\"27e3752\" data-element_type=\"container\" data-e-type=\"container\" data-settings=\"{&quot;background_background&quot;:&quot;classic&quot;}\">\n\t\t\t\t<div class=\"elementor-element elementor-element-7a3164d elementor-widget elementor-widget-heading\" data-id=\"7a3164d\" data-element_type=\"widget\" data-e-type=\"widget\" data-widget_type=\"heading.default\">\n\t\t\t\t\t<h3 class=\"elementor-heading-title elementor-size-default\">\u00c9tape 2 : Prototypage physique et maquettes<\/h3>\t\t\t\t<\/div>\n\t\t\t\t<div class=\"elementor-element elementor-element-33c0c8d elementor-widget elementor-widget-text-editor\" data-id=\"33c0c8d\" data-element_type=\"widget\" data-e-type=\"widget\" data-widget_type=\"text-editor.default\">\n\t\t\t\t\t\t\t\t\t<p>Nous proposons deux options de d\u00e9monstration :<\/p><ul><li><p data-path-to-node=\"5,1,1,0,0\"><b data-path-to-node=\"5,1,1,0,0\" data-index-in-node=\"0\">Bo\u00eetes d'\u00e9chantillons imprim\u00e9es<\/b> - une marque \u00e0 part enti\u00e8re.<\/p><\/li><li><p data-path-to-node=\"5,1,1,1,0\"><b data-path-to-node=\"5,1,1,1,0\" data-index-in-node=\"0\">Bo\u00eetes \u00e0 \u00e9tiquettes blanches<\/b> - non imprim\u00e9, pr\u00eat pour votre examen final.<\/p><\/li><\/ul><p>Cela permet de s'assurer que l'ajustement et la finition sont parfaits avant le d\u00e9but de la production en s\u00e9rie.<\/p>\t\t\t\t\t\t\t\t<\/div>\n\t\t\t\t<\/div>\n\t\t<div class=\"elementor-element elementor-element-842cac9 e-con-full e-flex e-con e-child\" data-id=\"842cac9\" data-element_type=\"container\" data-e-type=\"container\">\n\t\t\t\t<div class=\"elementor-element elementor-element-306197e elementor-invisible elementor-widget elementor-widget-image\" data-id=\"306197e\" data-element_type=\"widget\" data-e-type=\"widget\" data-settings=\"{&quot;_animation&quot;:&quot;fadeInUp&quot;}\" data-widget_type=\"image.default\">\n\t\t\t\t\t\t\t\t\t\t\t\t\t\t\t<img loading=\"lazy\" decoding=\"async\" width=\"800\" height=\"500\" src=\"https:\/\/relish-tech.com\/wp-content\/uploads\/2026\/01\/electric-toothbrush-physical-prototyping-packaging-mockups.webp\" class=\"attachment-large size-large wp-image-2064\" alt=\"Impression de bo\u00eetes d&#039;\u00e9chantillons et de maquettes d&#039;\u00e9tiquettes blanches pour le prototypage physique de la brosse \u00e0 dents \u00e9lectrique avant la production en s\u00e9rie.\" srcset=\"https:\/\/relish-tech.com\/wp-content\/uploads\/2026\/01\/electric-toothbrush-physical-prototyping-packaging-mockups.webp 800w, https:\/\/relish-tech.com\/wp-content\/uploads\/2026\/01\/electric-toothbrush-physical-prototyping-packaging-mockups-300x188.webp 300w, https:\/\/relish-tech.com\/wp-content\/uploads\/2026\/01\/electric-toothbrush-physical-prototyping-packaging-mockups-768x480.webp 768w, https:\/\/relish-tech.com\/wp-content\/uploads\/2026\/01\/electric-toothbrush-physical-prototyping-packaging-mockups-18x12.webp 18w\" sizes=\"(max-width: 800px) 100vw, 800px\" title=\"\">\t\t\t\t\t\t\t\t\t\t\t\t\t\t\t<\/div>\n\t\t\t\t<\/div>\n\t\t\t\t\t<\/div>\n\t\t\t\t<\/div>\n\t\t<div class=\"elementor-element elementor-element-9ef487a e-flex e-con-boxed e-con e-parent\" data-id=\"9ef487a\" data-element_type=\"container\" data-e-type=\"container\" data-settings=\"{&quot;background_background&quot;:&quot;classic&quot;}\">\n\t\t\t\t\t<div class=\"e-con-inner\">\n\t\t<div class=\"elementor-element elementor-element-b37dfaa e-con-full e-flex e-con e-child\" data-id=\"b37dfaa\" data-element_type=\"container\" data-e-type=\"container\">\n\t\t\t\t<div class=\"elementor-element elementor-element-543ce6f elementor-invisible elementor-widget elementor-widget-image\" data-id=\"543ce6f\" data-element_type=\"widget\" data-e-type=\"widget\" data-settings=\"{&quot;_animation&quot;:&quot;fadeInUp&quot;}\" data-widget_type=\"image.default\">\n\t\t\t\t\t\t\t\t\t\t\t\t\t\t\t<img loading=\"lazy\" decoding=\"async\" width=\"800\" height=\"500\" src=\"https:\/\/relish-tech.com\/wp-content\/uploads\/2026\/01\/electric-toothbrush-oem-competitive-bulk-pricing-roi.webp\" class=\"attachment-large size-large wp-image-2065\" alt=\"Partenaires commerciaux discutant d&#039;une liste de prix d\u00e9taill\u00e9e et de prix de gros comp\u00e9titifs pour les commandes de brosses \u00e0 dents \u00e9lectriques personnalis\u00e9es.\" srcset=\"https:\/\/relish-tech.com\/wp-content\/uploads\/2026\/01\/electric-toothbrush-oem-competitive-bulk-pricing-roi.webp 800w, https:\/\/relish-tech.com\/wp-content\/uploads\/2026\/01\/electric-toothbrush-oem-competitive-bulk-pricing-roi-300x188.webp 300w, https:\/\/relish-tech.com\/wp-content\/uploads\/2026\/01\/electric-toothbrush-oem-competitive-bulk-pricing-roi-768x480.webp 768w, https:\/\/relish-tech.com\/wp-content\/uploads\/2026\/01\/electric-toothbrush-oem-competitive-bulk-pricing-roi-18x12.webp 18w\" sizes=\"(max-width: 800px) 100vw, 800px\" title=\"\">\t\t\t\t\t\t\t\t\t\t\t\t\t\t\t<\/div>\n\t\t\t\t<\/div>\n\t\t<div class=\"elementor-element elementor-element-c4cf8e4 e-con-full e-flex e-con e-child\" data-id=\"c4cf8e4\" data-element_type=\"container\" data-e-type=\"container\">\n\t\t\t\t<div class=\"elementor-element elementor-element-cf2382b elementor-widget elementor-widget-heading\" data-id=\"cf2382b\" data-element_type=\"widget\" data-e-type=\"widget\" data-widget_type=\"heading.default\">\n\t\t\t\t\t<h3 class=\"elementor-heading-title elementor-size-default\">\u00c9tape 3 : Prix de gros comp\u00e9titifs<\/h3>\t\t\t\t<\/div>\n\t\t\t\t<div class=\"elementor-element elementor-element-e36475d elementor-widget elementor-widget-text-editor\" data-id=\"e36475d\" data-element_type=\"widget\" data-e-type=\"widget\" data-widget_type=\"text-editor.default\">\n\t\t\t\t\t\t\t\t\t<p>Apr\u00e8s approbation du prototype, nous fournissons une liste de prix d\u00e9taill\u00e9e adapt\u00e9e \u00e0 votre volume. Nous vous proposons \u00e9galement des conseils pour r\u00e9duire les co\u00fbts des mat\u00e9riaux et des QMOS afin de vous aider \u00e0 maximiser votre retour sur investissement.<\/p>\t\t\t\t\t\t\t\t<\/div>\n\t\t\t\t<\/div>\n\t\t\t\t\t<\/div>\n\t\t\t\t<\/div>\n\t\t<div class=\"elementor-element elementor-element-4d34177 e-flex e-con-boxed e-con e-parent\" data-id=\"4d34177\" data-element_type=\"container\" data-e-type=\"container\" data-settings=\"{&quot;background_background&quot;:&quot;classic&quot;}\">\n\t\t\t\t\t<div class=\"e-con-inner\">\n\t\t<div class=\"elementor-element elementor-element-9940b1c e-con-full e-flex e-con e-child\" data-id=\"9940b1c\" data-element_type=\"container\" data-e-type=\"container\">\n\t\t\t\t<div class=\"elementor-element elementor-element-e185046 elementor-widget elementor-widget-heading\" data-id=\"e185046\" data-element_type=\"widget\" data-e-type=\"widget\" data-widget_type=\"heading.default\">\n\t\t\t\t\t<h3 class=\"elementor-heading-title elementor-size-default\">\u00c9tape 4 : Assemblage complet et logistique mondiale<\/h3>\t\t\t\t<\/div>\n\t\t\t\t<div class=\"elementor-element elementor-element-5311b65 elementor-widget elementor-widget-text-editor\" data-id=\"5311b65\" data-element_type=\"widget\" data-e-type=\"widget\" data-widget_type=\"text-editor.default\">\n\t\t\t\t\t\t\t\t\t<p>Nous assemblons les produits dans votre emballage personnalis\u00e9 dans nos installations certifi\u00e9es ISO afin de garantir une qualit\u00e9 \u201cpr\u00eate \u00e0 la vente\u201d. Chaque envoi est emball\u00e9 en toute s\u00e9curit\u00e9 et exp\u00e9di\u00e9 dans le monde entier avec une couverture d'assurance compl\u00e8te.<\/p><p>Vous b\u00e9n\u00e9ficiez d'une pr\u00e9sentation de premi\u00e8re qualit\u00e9, garantie.<\/p>\t\t\t\t\t\t\t\t<\/div>\n\t\t\t\t<\/div>\n\t\t<div class=\"elementor-element elementor-element-7ed6a14 e-con-full e-flex e-con e-child\" data-id=\"7ed6a14\" data-element_type=\"container\" data-e-type=\"container\">\n\t\t\t\t<div class=\"elementor-element elementor-element-658c7d2 elementor-invisible elementor-widget elementor-widget-image\" data-id=\"658c7d2\" data-element_type=\"widget\" data-e-type=\"widget\" data-settings=\"{&quot;_animation&quot;:&quot;fadeInUp&quot;}\" data-widget_type=\"image.default\">\n\t\t\t\t\t\t\t\t\t\t\t\t\t\t\t<img loading=\"lazy\" decoding=\"async\" width=\"800\" height=\"500\" src=\"https:\/\/relish-tech.com\/wp-content\/uploads\/2026\/01\/electric-toothbrush-full-assembly-global-logistics.webp\" class=\"attachment-large size-large wp-image-2066\" alt=\"Bras robotique automatis\u00e9 assemblant des brosses \u00e0 dents \u00e9lectriques dans des emballages pr\u00eats pour la vente au d\u00e9tail sur le tapis roulant d&#039;une usine certifi\u00e9e ISO.\" srcset=\"https:\/\/relish-tech.com\/wp-content\/uploads\/2026\/01\/electric-toothbrush-full-assembly-global-logistics.webp 800w, https:\/\/relish-tech.com\/wp-content\/uploads\/2026\/01\/electric-toothbrush-full-assembly-global-logistics-300x188.webp 300w, https:\/\/relish-tech.com\/wp-content\/uploads\/2026\/01\/electric-toothbrush-full-assembly-global-logistics-768x480.webp 768w, https:\/\/relish-tech.com\/wp-content\/uploads\/2026\/01\/electric-toothbrush-full-assembly-global-logistics-18x12.webp 18w\" sizes=\"(max-width: 800px) 100vw, 800px\" title=\"\">\t\t\t\t\t\t\t\t\t\t\t\t\t\t\t<\/div>\n\t\t\t\t<\/div>\n\t\t\t\t\t<\/div>\n\t\t\t\t<\/div>\n\t\t<div class=\"elementor-element elementor-element-57d04bf e-flex e-con-boxed e-con e-parent\" data-id=\"57d04bf\" data-element_type=\"container\" data-e-type=\"container\">\n\t\t\t\t\t<div class=\"e-con-inner\">\n\t\t<div class=\"elementor-element elementor-element-f086e5c e-con-full e-flex e-con e-child\" data-id=\"f086e5c\" data-element_type=\"container\" data-e-type=\"container\">\n\t\t\t\t<div class=\"elementor-element elementor-element-72b88c3 elementor-invisible elementor-widget elementor-widget-image\" data-id=\"72b88c3\" data-element_type=\"widget\" data-e-type=\"widget\" data-settings=\"{&quot;_animation&quot;:&quot;fadeInUp&quot;}\" data-widget_type=\"image.default\">\n\t\t\t\t\t\t\t\t\t\t\t\t\t\t\t<img loading=\"lazy\" decoding=\"async\" width=\"704\" height=\"384\" src=\"https:\/\/relish-tech.com\/wp-content\/uploads\/2026\/03\/eco-conscious-electric-toothbrush-packaging-fsc-certified.webp\" class=\"attachment-full size-full wp-image-2595\" alt=\"Emballage durable pour brosse \u00e0 dents \u00e9lectrique compos\u00e9 de mat\u00e9riaux certifi\u00e9s FSC, d&#039;encres \u00e0 base de soja et d&#039;inserts en papier sans plastique, charg\u00e9 par des bras robotis\u00e9s.\" srcset=\"https:\/\/relish-tech.com\/wp-content\/uploads\/2026\/03\/eco-conscious-electric-toothbrush-packaging-fsc-certified.webp 704w, https:\/\/relish-tech.com\/wp-content\/uploads\/2026\/03\/eco-conscious-electric-toothbrush-packaging-fsc-certified-300x164.webp 300w, https:\/\/relish-tech.com\/wp-content\/uploads\/2026\/03\/eco-conscious-electric-toothbrush-packaging-fsc-certified-18x10.webp 18w\" sizes=\"(max-width: 704px) 100vw, 704px\" title=\"\">\t\t\t\t\t\t\t\t\t\t\t\t\t\t\t<\/div>\n\t\t\t\t<\/div>\n\t\t<div class=\"elementor-element elementor-element-8475fc9 e-con-full e-flex e-con e-child\" data-id=\"8475fc9\" data-element_type=\"container\" data-e-type=\"container\">\n\t\t\t\t<div class=\"elementor-element elementor-element-f3c0eb0 elementor-widget elementor-widget-heading\" data-id=\"f3c0eb0\" data-element_type=\"widget\" data-e-type=\"widget\" data-widget_type=\"heading.default\">\n\t\t\t\t\t<h3 class=\"elementor-heading-title elementor-size-default\">Innovation durable et \u00e9co-conformit\u00e9<\/h3>\t\t\t\t<\/div>\n\t\t\t\t<div class=\"elementor-element elementor-element-c5bcf7b elementor-widget elementor-widget-text-editor\" data-id=\"c5bcf7b\" data-element_type=\"widget\" data-e-type=\"widget\" data-widget_type=\"text-editor.default\">\n\t\t\t\t\t\t\t\t\t<p>Nous fournissons des emballages respectueux de l'environnement en utilisant <b data-path-to-node=\"2\" data-index-in-node=\"45\">Mat\u00e9riaux certifi\u00e9s FSC, encres \u00e0 base de soja et encarts en papier sans plastique<\/b> pour r\u00e9pondre aux normes mondiales de durabilit\u00e9. Notre \u00e9quipe int\u00e8gre des solutions biod\u00e9gradables et recyclables dans votre projet afin de garantir un d\u00e9veloppement durable. <b data-path-to-node=\"2\" data-index-in-node=\"247\">une exp\u00e9rience de d\u00e9ballage respectueuse de l'environnement<\/b> sans compromettre la qualit\u00e9 sup\u00e9rieure.<\/p>\t\t\t\t\t\t\t\t<\/div>\n\t\t\t\t<\/div>\n\t\t\t\t\t<\/div>\n\t\t\t\t<\/div>\n\t\t<div class=\"elementor-element elementor-element-3be7dce e-flex e-con-boxed e-con e-parent\" data-id=\"3be7dce\" data-element_type=\"container\" data-e-type=\"container\">\n\t\t\t\t\t<div class=\"e-con-inner\">\n\t\t\t\t<div class=\"elementor-element elementor-element-844888a elementor-widget elementor-widget-heading\" data-id=\"844888a\" data-element_type=\"widget\" data-e-type=\"widget\" data-widget_type=\"heading.default\">\n\t\t\t\t\t<h3 class=\"elementor-heading-title elementor-size-default\">Pr\u00eat \u00e0 voir le logo de votre marque sur nos bo\u00eetes premium ?<\/h3>\t\t\t\t<\/div>\n\t\t\t\t<div class=\"elementor-element elementor-element-6daf47e elementor-widget elementor-widget-text-editor\" data-id=\"6daf47e\" data-element_type=\"widget\" data-e-type=\"widget\" data-widget_type=\"text-editor.default\">\n\t\t\t\t\t\t\t\t\t<p style=\"text-align: center;\">Obtenez un devis d'emballage instantan\u00e9 ou demandez une maquette num\u00e9rique gratuite d\u00e8s aujourd'hui.<\/p>\t\t\t\t\t\t\t\t<\/div>\n\t\t\t\t<div class=\"elementor-element elementor-element-2eccde4 elementor-align-center elementor-widget elementor-widget-button\" data-id=\"2eccde4\" data-element_type=\"widget\" data-e-type=\"widget\" data-widget_type=\"button.default\">\n\t\t\t\t\t\t\t\t\t\t<a class=\"elementor-button elementor-button-link elementor-size-sm\" href=\"\/fr\/contact\/\">\n\t\t\t\t\t\t<span class=\"elementor-button-content-wrapper\">\n\t\t\t\t\t\t\t\t\t<span class=\"elementor-button-text\">Demander une maquette d'emballage<\/span>\n\t\t\t\t\t<\/span>\n\t\t\t\t\t<\/a>\n\t\t\t\t\t\t\t\t<\/div>\n\t\t\t\t\t<\/div>\n\t\t\t\t<\/div>\n\t\t\t\t<\/div>","protected":false},"excerpt":{"rendered":"<p>Retail-Ready Custom Packaging: Elevate Your Brand Presence From eco-friendly kraft boxes to premium magnetic retail displays, we provide end-to-end packaging [&hellip;]<\/p>\n","protected":false},"author":1,"featured_media":0,"parent":0,"menu_order":0,"comment_status":"closed","ping_status":"closed","template":"","meta":{"footnotes":""},"class_list":["post-1581","page","type-page","status-publish","hentry"],"blocksy_meta":{"has_hero_section":"disabled","vertical_spacing_source":"custom","content_area_spacing":"none","styles_descriptor":{"styles":{"desktop":"","tablet":"","mobile":""},"google_fonts":[],"version":6}},"_links":{"self":[{"href":"https:\/\/relish-tech.com\/fr\/wp-json\/wp\/v2\/pages\/1581","targetHints":{"allow":["GET"]}}],"collection":[{"href":"https:\/\/relish-tech.com\/fr\/wp-json\/wp\/v2\/pages"}],"about":[{"href":"https:\/\/relish-tech.com\/fr\/wp-json\/wp\/v2\/types\/page"}],"author":[{"embeddable":true,"href":"https:\/\/relish-tech.com\/fr\/wp-json\/wp\/v2\/users\/1"}],"replies":[{"embeddable":true,"href":"https:\/\/relish-tech.com\/fr\/wp-json\/wp\/v2\/comments?post=1581"}],"version-history":[{"count":34,"href":"https:\/\/relish-tech.com\/fr\/wp-json\/wp\/v2\/pages\/1581\/revisions"}],"predecessor-version":[{"id":3929,"href":"https:\/\/relish-tech.com\/fr\/wp-json\/wp\/v2\/pages\/1581\/revisions\/3929"}],"wp:attachment":[{"href":"https:\/\/relish-tech.com\/fr\/wp-json\/wp\/v2\/media?parent=1581"}],"curies":[{"name":"wp","href":"https:\/\/api.w.org\/{rel}","templated":true}]}}