{"id":1614,"date":"2025-11-20T02:25:30","date_gmt":"2025-11-20T02:25:30","guid":{"rendered":"https:\/\/relish.quhenet.com\/?page_id=1614"},"modified":"2026-03-26T07:22:47","modified_gmt":"2026-03-26T07:22:47","slug":"fabricacion","status":"publish","type":"page","link":"https:\/\/relish-tech.com\/es\/manufacturing\/","title":{"rendered":"Capacidades de fabricaci\u00f3n y llenado"},"content":{"rendered":"<div data-elementor-type=\"wp-page\" data-elementor-id=\"1614\" class=\"elementor elementor-1614\" data-elementor-post-type=\"page\">\n\t\t\t\t<div class=\"elementor-element elementor-element-10aa918 e-flex e-con-boxed e-con e-parent\" data-id=\"10aa918\" data-element_type=\"container\" data-e-type=\"container\" data-settings=\"{&quot;background_background&quot;:&quot;classic&quot;}\">\n\t\t\t\t\t<div class=\"e-con-inner\">\n\t\t\t\t<div class=\"elementor-element elementor-element-ac23ce4 elementor-widget elementor-widget-heading\" data-id=\"ac23ce4\" data-element_type=\"widget\" data-e-type=\"widget\" data-widget_type=\"heading.default\">\n\t\t\t\t\t<h1 class=\"elementor-heading-title elementor-size-default\">Capacidades avanzadas de fabricaci\u00f3n y producci\u00f3n<\/h1>\t\t\t\t<\/div>\n\t\t\t\t<div class=\"elementor-element elementor-element-ead60ca elementor-widget elementor-widget-heading\" data-id=\"ead60ca\" data-element_type=\"widget\" data-e-type=\"widget\" data-widget_type=\"heading.default\">\n\t\t\t\t\t<div class=\"elementor-heading-title elementor-size-default\">Combinamos ingenier\u00eda de precisi\u00f3n, producci\u00f3n automatizada escalable y un riguroso control de calidad para dar vida a sus productos de cuidado bucal a tiempo, seg\u00fan las especificaciones y listos para el mercado mundial.<\/div>\t\t\t\t<\/div>\n\t\t\t\t\t<\/div>\n\t\t\t\t<\/div>\n\t\t<div class=\"elementor-element elementor-element-790a3c4 e-flex e-con-boxed e-con e-parent\" data-id=\"790a3c4\" data-element_type=\"container\" data-e-type=\"container\">\n\t\t\t\t\t<div class=\"e-con-inner\">\n\t\t\t\t<div class=\"elementor-element elementor-element-fd1042c elementor-widget elementor-widget-heading\" data-id=\"fd1042c\" data-element_type=\"widget\" data-e-type=\"widget\" data-widget_type=\"heading.default\">\n\t\t\t\t\t<h2 class=\"elementor-heading-title elementor-size-default\">Ventajas de nuestra fabricaci\u00f3n por contrato<\/h2>\t\t\t\t<\/div>\n\t\t<div class=\"elementor-element elementor-element-eb119fa e-grid e-con-full e-con e-child\" data-id=\"eb119fa\" data-element_type=\"container\" data-e-type=\"container\">\n\t\t\t\t<div class=\"elementor-element elementor-element-c421535 elementor-widget elementor-widget-image-box\" data-id=\"c421535\" data-element_type=\"widget\" data-e-type=\"widget\" data-widget_type=\"image-box.default\">\n\t\t\t\t\t<div class=\"elementor-image-box-wrapper\"><div class=\"elementor-image-box-content\"><h5 class=\"elementor-image-box-title\">Plazos de entrega r\u00e1pidos<\/h5><p class=\"elementor-image-box-description\">Rapidez gracias a l\u00edneas de producci\u00f3n totalmente internas. Eliminamos los retrasos de terceros para que sus productos lleguen antes al mercado.<\/p><\/div><\/div>\t\t\t\t<\/div>\n\t\t\t\t<div class=\"elementor-element elementor-element-1659d38 elementor-widget elementor-widget-image-box\" data-id=\"1659d38\" data-element_type=\"widget\" data-e-type=\"widget\" data-widget_type=\"image-box.default\">\n\t\t\t\t\t<div class=\"elementor-image-box-wrapper\"><div class=\"elementor-image-box-content\"><h5 class=\"elementor-image-box-title\">Importante reducci\u00f3n de costes<\/h5><p class=\"elementor-image-box-description\">Aproveche nuestras econom\u00edas de escala. Elimine sus gastos de capital en instalaciones, equipos y gastos generales de mano de obra.<\/p><\/div><\/div>\t\t\t\t<\/div>\n\t\t\t\t<div class=\"elementor-element elementor-element-af68350 elementor-widget elementor-widget-image-box\" data-id=\"af68350\" data-element_type=\"widget\" data-e-type=\"widget\" data-widget_type=\"image-box.default\">\n\t\t\t\t\t<div class=\"elementor-image-box-wrapper\"><div class=\"elementor-image-box-content\"><h5 class=\"elementor-image-box-title\">Cadena de suministro racionalizada<\/h5><p class=\"elementor-image-box-description\">Desde el abastecimiento de materias primas hasta el envasado final, todo se gestiona bajo un mismo techo con certificaci\u00f3n ISO para mitigar sus riesgos operativos.<\/p><\/div><\/div>\t\t\t\t<\/div>\n\t\t\t\t<\/div>\n\t\t\t\t\t<\/div>\n\t\t\t\t<\/div>\n\t\t<div class=\"elementor-element elementor-element-58e5caa e-flex e-con-boxed e-con e-parent\" data-id=\"58e5caa\" data-element_type=\"container\" data-e-type=\"container\">\n\t\t\t\t\t<div class=\"e-con-inner\">\n\t\t<div class=\"elementor-element elementor-element-0bba441 e-con-full e-flex e-con e-child\" data-id=\"0bba441\" data-element_type=\"container\" data-e-type=\"container\">\n\t\t\t\t<div class=\"elementor-element elementor-element-de438e0 elementor-invisible elementor-widget elementor-widget-image\" data-id=\"de438e0\" data-element_type=\"widget\" data-e-type=\"widget\" data-settings=\"{&quot;_animation&quot;:&quot;fadeInUp&quot;}\" data-widget_type=\"image.default\">\n\t\t\t\t\t\t\t\t\t\t\t\t\t\t\t<img fetchpriority=\"high\" decoding=\"async\" width=\"800\" height=\"550\" src=\"https:\/\/relish-tech.com\/wp-content\/uploads\/2026\/01\/iso-certified-premium-oral-care-manufacturing-facilities.webp\" class=\"attachment-large size-large wp-image-2071\" alt=\"Relish operates a 20,000-square-meter, ISO-certified electric toothbrush factory in China\" srcset=\"https:\/\/relish-tech.com\/wp-content\/uploads\/2026\/01\/iso-certified-premium-oral-care-manufacturing-facilities.webp 800w, https:\/\/relish-tech.com\/wp-content\/uploads\/2026\/01\/iso-certified-premium-oral-care-manufacturing-facilities-300x206.webp 300w, https:\/\/relish-tech.com\/wp-content\/uploads\/2026\/01\/iso-certified-premium-oral-care-manufacturing-facilities-768x528.webp 768w, https:\/\/relish-tech.com\/wp-content\/uploads\/2026\/01\/iso-certified-premium-oral-care-manufacturing-facilities-18x12.webp 18w\" sizes=\"(max-width: 800px) 100vw, 800px\" title=\"\">\t\t\t\t\t\t\t\t\t\t\t\t\t\t\t<\/div>\n\t\t\t\t<\/div>\n\t\t<div class=\"elementor-element elementor-element-dc57b31 e-con-full e-flex e-con e-child\" data-id=\"dc57b31\" data-element_type=\"container\" data-e-type=\"container\">\n\t\t\t\t<div class=\"elementor-element elementor-element-0c60185 elementor-widget elementor-widget-heading\" data-id=\"0c60185\" data-element_type=\"widget\" data-e-type=\"widget\" data-widget_type=\"heading.default\">\n\t\t\t\t\t<h2 class=\"elementor-heading-title elementor-size-default\">C\u00e9ntrese en su marca. D\u00e9jenos la producci\u00f3n a nosotros.<\/h2>\t\t\t\t<\/div>\n\t\t\t\t<div class=\"elementor-element elementor-element-4691f34 elementor-widget elementor-widget-text-editor\" data-id=\"4691f34\" data-element_type=\"widget\" data-e-type=\"widget\" data-widget_type=\"text-editor.default\">\n\t\t\t\t\t\t\t\t\t<p>Con l\u00edneas de producci\u00f3n totalmente automatizadas e instalaciones de fabricaci\u00f3n avanzadas, gestionamos los procesos de montaje m\u00e1s complejos con eficacia y a gran escala.<\/p><p>Al asociarse con Relish, evitar\u00e1 los cuellos de botella en la cadena de suministro y acelerar\u00e1 su comercializaci\u00f3n.<\/p><p>Su visi\u00f3n. Nuestra ejecuci\u00f3n impecable.<\/p>\t\t\t\t\t\t\t\t<\/div>\n\t\t\t\t<div class=\"elementor-element elementor-element-22cf33f elementor-widget elementor-widget-button\" data-id=\"22cf33f\" data-element_type=\"widget\" data-e-type=\"widget\" data-widget_type=\"button.default\">\n\t\t\t\t\t\t\t\t\t\t<a class=\"elementor-button elementor-button-link elementor-size-sm\" href=\"https:\/\/relish-tech.com\/es\/pongase-en-contacto-con\/\">\n\t\t\t\t\t\t<span class=\"elementor-button-content-wrapper\">\n\t\t\t\t\t\t\t\t\t<span class=\"elementor-button-text\">Programar una visita virtual a la f\u00e1brica<\/span>\n\t\t\t\t\t<\/span>\n\t\t\t\t\t<\/a>\n\t\t\t\t\t\t\t\t<\/div>\n\t\t\t\t<\/div>\n\t\t\t\t\t<\/div>\n\t\t\t\t<\/div>\n\t\t<div class=\"elementor-element elementor-element-78b771b e-flex e-con-boxed e-con e-parent\" data-id=\"78b771b\" data-element_type=\"container\" data-e-type=\"container\">\n\t\t\t\t\t<div class=\"e-con-inner\">\n\t\t<div class=\"elementor-element elementor-element-d163460 e-con-full e-flex e-con e-child\" data-id=\"d163460\" data-element_type=\"container\" data-e-type=\"container\">\n\t\t\t\t<div class=\"elementor-element elementor-element-347a36a elementor-widget elementor-widget-heading\" data-id=\"347a36a\" data-element_type=\"widget\" data-e-type=\"widget\" data-widget_type=\"heading.default\">\n\t\t\t\t\t<h2 class=\"elementor-heading-title elementor-size-default\">Producido conforme a normas mundiales: GMP, ISO y sostenibilidad<\/h2>\t\t\t\t<\/div>\n\t\t\t\t<div class=\"elementor-element elementor-element-f22bfba elementor-widget elementor-widget-text-editor\" data-id=\"f22bfba\" data-element_type=\"widget\" data-e-type=\"widget\" data-widget_type=\"text-editor.default\">\n\t\t\t\t\t\t\t\t\t<p>La excelencia en la fabricaci\u00f3n implica no comprometer la seguridad ni el impacto medioambiental. Operando bajo estrictas <b data-path-to-node=\"18,1,0\" data-index-in-node=\"111\">ISO 9001 e ISO 13485 (Productos sanitarios)<\/b> nuestras instalaciones garantizan que sus productos cumplan <b data-path-to-node=\"18,1,0\" data-index-in-node=\"217\">FDA (EE.UU.), CE (Europa), PSE (Jap\u00f3n) y KC (Corea)<\/b> requisitos reglamentarios.<\/p><p>M\u00e1s all\u00e1 del cumplimiento, estamos comprometidos con la innovaci\u00f3n sostenible, utilizando materiales biodegradables, envases reciclables y procesos energ\u00e9ticamente eficientes para construir un futuro mejor para su marca y el planeta.<\/p>\t\t\t\t\t\t\t\t<\/div>\n\t\t\t\t<\/div>\n\t\t<div class=\"elementor-element elementor-element-aefa9bd e-con-full e-flex e-con e-child\" data-id=\"aefa9bd\" data-element_type=\"container\" data-e-type=\"container\">\n\t\t\t\t<div class=\"elementor-element elementor-element-c75a2be elementor-invisible elementor-widget elementor-widget-image\" data-id=\"c75a2be\" data-element_type=\"widget\" data-e-type=\"widget\" data-settings=\"{&quot;_animation&quot;:&quot;fadeInUp&quot;}\" data-widget_type=\"image.default\">\n\t\t\t\t\t\t\t\t\t\t\t\t\t\t\t<img decoding=\"async\" width=\"800\" height=\"550\" src=\"https:\/\/relish-tech.com\/wp-content\/uploads\/2026\/01\/recyclable-biodegradable-materials-sustainable-manufacturing.webp\" class=\"attachment-large size-large wp-image-2127\" alt=\"Clear recyclable and biodegradable material pellets used in our sustainable oral care manufacturing process, ensuring zero compromises on environmental impact.\" srcset=\"https:\/\/relish-tech.com\/wp-content\/uploads\/2026\/01\/recyclable-biodegradable-materials-sustainable-manufacturing.webp 800w, https:\/\/relish-tech.com\/wp-content\/uploads\/2026\/01\/recyclable-biodegradable-materials-sustainable-manufacturing-300x206.webp 300w, https:\/\/relish-tech.com\/wp-content\/uploads\/2026\/01\/recyclable-biodegradable-materials-sustainable-manufacturing-768x528.webp 768w, https:\/\/relish-tech.com\/wp-content\/uploads\/2026\/01\/recyclable-biodegradable-materials-sustainable-manufacturing-18x12.webp 18w\" sizes=\"(max-width: 800px) 100vw, 800px\" title=\"\">\t\t\t\t\t\t\t\t\t\t\t\t\t\t\t<\/div>\n\t\t\t\t<\/div>\n\t\t\t\t\t<\/div>\n\t\t\t\t<\/div>\n\t\t<div class=\"elementor-element elementor-element-0d9515d e-flex e-con-boxed e-con e-parent\" data-id=\"0d9515d\" data-element_type=\"container\" data-e-type=\"container\">\n\t\t\t\t\t<div class=\"e-con-inner\">\n\t\t<div class=\"elementor-element elementor-element-359186b e-con-full e-flex e-con e-child\" data-id=\"359186b\" data-element_type=\"container\" data-e-type=\"container\">\n\t\t\t\t<div class=\"elementor-element elementor-element-02ad7d3 elementor-invisible elementor-widget elementor-widget-image\" data-id=\"02ad7d3\" data-element_type=\"widget\" data-e-type=\"widget\" data-settings=\"{&quot;_animation&quot;:&quot;fadeInUp&quot;}\" data-widget_type=\"image.default\">\n\t\t\t\t\t\t\t\t\t\t\t\t\t\t\t<img decoding=\"async\" width=\"800\" height=\"550\" src=\"https:\/\/relish-tech.com\/wp-content\/uploads\/2026\/01\/advanced-smt-workshop-smart-electric-toothbrush-pcb-manufacturing.webp\" class=\"attachment-large size-large wp-image-2126\" alt=\"High-speed automated SMT machine placing components onto an intelligent servo driver PCB for smart electric toothbrushes.\" srcset=\"https:\/\/relish-tech.com\/wp-content\/uploads\/2026\/01\/advanced-smt-workshop-smart-electric-toothbrush-pcb-manufacturing.webp 800w, https:\/\/relish-tech.com\/wp-content\/uploads\/2026\/01\/advanced-smt-workshop-smart-electric-toothbrush-pcb-manufacturing-300x206.webp 300w, https:\/\/relish-tech.com\/wp-content\/uploads\/2026\/01\/advanced-smt-workshop-smart-electric-toothbrush-pcb-manufacturing-768x528.webp 768w, https:\/\/relish-tech.com\/wp-content\/uploads\/2026\/01\/advanced-smt-workshop-smart-electric-toothbrush-pcb-manufacturing-18x12.webp 18w\" sizes=\"(max-width: 800px) 100vw, 800px\" title=\"\">\t\t\t\t\t\t\t\t\t\t\t\t\t\t\t<\/div>\n\t\t\t\t<\/div>\n\t\t<div class=\"elementor-element elementor-element-49b94ce e-con-full e-flex e-con e-child\" data-id=\"49b94ce\" data-element_type=\"container\" data-e-type=\"container\">\n\t\t\t\t<div class=\"elementor-element elementor-element-51cf4b1 elementor-widget elementor-widget-heading\" data-id=\"51cf4b1\" data-element_type=\"widget\" data-e-type=\"widget\" data-widget_type=\"heading.default\">\n\t\t\t\t\t<h2 class=\"elementor-heading-title elementor-size-default\">Taller SMT<\/h2>\t\t\t\t<\/div>\n\t\t\t\t<div class=\"elementor-element elementor-element-61fa5ae elementor-widget elementor-widget-text-editor\" data-id=\"61fa5ae\" data-element_type=\"widget\" data-e-type=\"widget\" data-widget_type=\"text-editor.default\">\n\t\t\t\t\t\t\t\t\t<p>Nuestro avanzado taller de tecnolog\u00eda de montaje superficial (SMT) es el cerebro de sus dispositivos inteligentes para el cuidado bucal. Fabricamos componentes electr\u00f3nicos llave en mano para cepillos de dientes inteligentes e hilo dental.<\/p><ul><li data-path-to-node=\"22,1,1,0,0\" data-imt-p=\"1\"><b data-path-to-node=\"22,1,1,0,0\" data-index-in-node=\"0\">Precisi\u00f3n y fiabilidad:<\/b> Colocaci\u00f3n automatizada de alta velocidad que garantiza placas de circuito impreso de servocontroladores inteligentes sin defectos.<\/li><li data-path-to-node=\"22,1,1,1,0\" data-imt-p=\"1\"><b data-path-to-node=\"22,1,1,1,0\" data-index-in-node=\"0\">Integraci\u00f3n inteligente:<\/b> Integraci\u00f3n perfecta de reconocimiento de cabezales de cepillos, sensores de presi\u00f3n y m\u00f3dulos Bluetooth en dise\u00f1os compactos.<\/li><\/ul>\t\t\t\t\t\t\t\t<\/div>\n\t\t\t\t<\/div>\n\t\t<div class=\"elementor-element elementor-element-f230151 e-con-full e-flex e-con e-child\" data-id=\"f230151\" data-element_type=\"container\" data-e-type=\"container\">\n\t\t\t\t<div class=\"elementor-element elementor-element-384ddc4 elementor-widget elementor-widget-heading\" data-id=\"384ddc4\" data-element_type=\"widget\" data-e-type=\"widget\" data-widget_type=\"heading.default\">\n\t\t\t\t\t<h2 class=\"elementor-heading-title elementor-size-default\">Taller de moldeo por inyecci\u00f3n<\/h2>\t\t\t\t<\/div>\n\t\t\t\t<div class=\"elementor-element elementor-element-9bd7d37 elementor-widget elementor-widget-text-editor\" data-id=\"9bd7d37\" data-element_type=\"widget\" data-e-type=\"widget\" data-widget_type=\"text-editor.default\">\n\t\t\t\t\t\t\t\t\t<p>La sensaci\u00f3n t\u00e1ctil y la durabilidad de un producto definen su posicionamiento en el mercado. Nuestras instalaciones de moldeo por inyecci\u00f3n de \u00faltima generaci\u00f3n producen componentes impecables y de alta tolerancia.<\/p><ul><li><p data-path-to-node=\"24,1,1,0,0\" data-imt-p=\"1\"><b data-path-to-node=\"24,1,1,0,0\" data-index-in-node=\"0\">Calidad constante:<\/b> Fabricamos mangos ergon\u00f3micos para cepillos de dientes, carcasas estancas y estuches de viaje sin destellos ni marcas de hundimiento.<\/p><\/li><li><p data-path-to-node=\"24,1,1,1,0\" data-imt-p=\"1\"><b data-path-to-node=\"24,1,1,1,0\" data-index-in-node=\"0\">Materiales avanzados:<\/b> Experiencia en el trabajo con ABS de calidad alimentaria, PC y alternativas de PLA ecol\u00f3gicas.<\/p><\/li><\/ul>\t\t\t\t\t\t\t\t<\/div>\n\t\t\t\t<\/div>\n\t\t<div class=\"elementor-element elementor-element-0d3fa7f e-con-full e-flex e-con e-child\" data-id=\"0d3fa7f\" data-element_type=\"container\" data-e-type=\"container\">\n\t\t\t\t<div class=\"elementor-element elementor-element-bf52044 elementor-invisible elementor-widget elementor-widget-image\" data-id=\"bf52044\" data-element_type=\"widget\" data-e-type=\"widget\" data-settings=\"{&quot;_animation&quot;:&quot;fadeInUp&quot;}\" data-widget_type=\"image.default\">\n\t\t\t\t\t\t\t\t\t\t\t\t\t\t\t<img loading=\"lazy\" decoding=\"async\" width=\"800\" height=\"550\" src=\"https:\/\/relish-tech.com\/wp-content\/uploads\/2026\/03\/custom-oral-care-tooling-production-on-time-delivery.webp\" class=\"attachment-large size-large wp-image-4443\" alt=\"Advanced injection molding and tooling machinery inside our factory, ensuring customized solutions and on-time delivery for oral care brands.\" srcset=\"https:\/\/relish-tech.com\/wp-content\/uploads\/2026\/03\/custom-oral-care-tooling-production-on-time-delivery.webp 800w, https:\/\/relish-tech.com\/wp-content\/uploads\/2026\/03\/custom-oral-care-tooling-production-on-time-delivery-300x206.webp 300w, https:\/\/relish-tech.com\/wp-content\/uploads\/2026\/03\/custom-oral-care-tooling-production-on-time-delivery-768x528.webp 768w, https:\/\/relish-tech.com\/wp-content\/uploads\/2026\/03\/custom-oral-care-tooling-production-on-time-delivery-18x12.webp 18w\" sizes=\"(max-width: 800px) 100vw, 800px\" title=\"\">\t\t\t\t\t\t\t\t\t\t\t\t\t\t\t<\/div>\n\t\t\t\t<\/div>\n\t\t<div class=\"elementor-element elementor-element-9dd2370 e-con-full e-flex e-con e-child\" data-id=\"9dd2370\" data-element_type=\"container\" data-e-type=\"container\">\n\t\t\t\t<div class=\"elementor-element elementor-element-685a390 elementor-invisible elementor-widget elementor-widget-image\" data-id=\"685a390\" data-element_type=\"widget\" data-e-type=\"widget\" data-settings=\"{&quot;_animation&quot;:&quot;fadeInUp&quot;}\" data-widget_type=\"image.default\">\n\t\t\t\t\t\t\t\t\t\t\t\t\t\t\t<img loading=\"lazy\" decoding=\"async\" width=\"800\" height=\"550\" src=\"https:\/\/relish-tech.com\/wp-content\/uploads\/2026\/01\/high-volume-electric-toothbrush-assembly-workshop.webp\" class=\"attachment-large size-large wp-image-2124\" alt=\"Cleanroom workers and robotic machinery assembling electric toothbrushes, conducting strict quality control and IPX7 waterproof verification.\" srcset=\"https:\/\/relish-tech.com\/wp-content\/uploads\/2026\/01\/high-volume-electric-toothbrush-assembly-workshop.webp 800w, https:\/\/relish-tech.com\/wp-content\/uploads\/2026\/01\/high-volume-electric-toothbrush-assembly-workshop-300x206.webp 300w, https:\/\/relish-tech.com\/wp-content\/uploads\/2026\/01\/high-volume-electric-toothbrush-assembly-workshop-768x528.webp 768w, https:\/\/relish-tech.com\/wp-content\/uploads\/2026\/01\/high-volume-electric-toothbrush-assembly-workshop-18x12.webp 18w\" sizes=\"(max-width: 800px) 100vw, 800px\" title=\"\">\t\t\t\t\t\t\t\t\t\t\t\t\t\t\t<\/div>\n\t\t\t\t<\/div>\n\t\t<div class=\"elementor-element elementor-element-a8ba6cb e-con-full e-flex e-con e-child\" data-id=\"a8ba6cb\" data-element_type=\"container\" data-e-type=\"container\">\n\t\t\t\t<div class=\"elementor-element elementor-element-872fb3e elementor-widget elementor-widget-heading\" data-id=\"872fb3e\" data-element_type=\"widget\" data-e-type=\"widget\" data-widget_type=\"heading.default\">\n\t\t\t\t\t<h2 class=\"elementor-heading-title elementor-size-default\">Taller de montaje<\/h2>\t\t\t\t<\/div>\n\t\t\t\t<div class=\"elementor-element elementor-element-faf81fa elementor-widget elementor-widget-text-editor\" data-id=\"faf81fa\" data-element_type=\"widget\" data-e-type=\"widget\" data-widget_type=\"text-editor.default\">\n\t\t\t\t\t\t\t\t\t<p>Dise\u00f1adas para una producci\u00f3n escalable de gran volumen, nuestras l\u00edneas de montaje combinan la precisi\u00f3n rob\u00f3tica con la supervisi\u00f3n humana experta para fabricar sus productos a la perfecci\u00f3n.<\/p><ul><li><p data-path-to-node=\"26,1,1,0,0\" data-imt-p=\"1\"><b data-path-to-node=\"26,1,1,0,0\" data-index-in-node=\"0\">Estricto control de calidad (CC):<\/b> 100% pruebas funcionales, comprobaciones de ruido ac\u00fastico y verificaci\u00f3n de estanqueidad IPX7 en la l\u00ednea.<\/p><\/li><li><p data-path-to-node=\"26,1,1,1,0\" data-imt-p=\"1\"><b data-path-to-node=\"26,1,1,1,0\" data-index-in-node=\"0\">Salida escalable:<\/b> Puesta en escena flexible capaz de gestionar desde tiradas piloto iniciales hasta la distribuci\u00f3n mundial masiva.<\/p><\/li><\/ul>\t\t\t\t\t\t\t\t<\/div>\n\t\t\t\t<\/div>\n\t\t<div class=\"elementor-element elementor-element-62c6a5b e-con-full e-flex e-con e-child\" data-id=\"62c6a5b\" data-element_type=\"container\" data-e-type=\"container\">\n\t\t\t\t<div class=\"elementor-element elementor-element-0a77213 elementor-widget elementor-widget-heading\" data-id=\"0a77213\" data-element_type=\"widget\" data-e-type=\"widget\" data-widget_type=\"heading.default\">\n\t\t\t\t\t<h2 class=\"elementor-heading-title elementor-size-default\">Taller de envasado<\/h2>\t\t\t\t<\/div>\n\t\t\t\t<div class=\"elementor-element elementor-element-bbb964f elementor-widget elementor-widget-text-editor\" data-id=\"bbb964f\" data-element_type=\"widget\" data-e-type=\"widget\" data-widget_type=\"text-editor.default\">\n\t\t\t\t\t\t\t\t\t<p>Nos aseguramos de que sus productos lleguen impecables y listos para la venta. Nuestro centro de embalaje especializado se encarga de todo, desde cajas de regalo premium hasta kits de venta ecol\u00f3gicos.<\/p><ul><li><p data-path-to-node=\"28,1,1,0,0\" data-imt-p=\"1\"><b data-path-to-node=\"28,1,1,0,0\" data-index-in-node=\"0\">Montaje listo para la venta:<\/b> Embalaje en bl\u00edster a medida, retractilado y kit de varias unidades.<\/p><\/li><li><p data-path-to-node=\"28,1,1,1,0\" data-imt-p=\"1\"><b data-path-to-node=\"28,1,1,1,0\" data-index-in-node=\"0\">Preparaci\u00f3n para la log\u00edstica global:<\/b> Empaquetado y paletizado seguro de cajas maestras, totalmente optimizado para env\u00edos internacionales a Amazon FBA o a sus almacenes locales.<\/p><\/li><\/ul>\t\t\t\t\t\t\t\t<\/div>\n\t\t\t\t<\/div>\n\t\t<div class=\"elementor-element elementor-element-57dd131 e-con-full e-flex e-con e-child\" data-id=\"57dd131\" data-element_type=\"container\" data-e-type=\"container\">\n\t\t\t\t<div class=\"elementor-element elementor-element-d9c5695 elementor-invisible elementor-widget elementor-widget-image\" data-id=\"d9c5695\" data-element_type=\"widget\" data-e-type=\"widget\" data-settings=\"{&quot;_animation&quot;:&quot;fadeInUp&quot;}\" data-widget_type=\"image.default\">\n\t\t\t\t\t\t\t\t\t\t\t\t\t\t\t<img loading=\"lazy\" decoding=\"async\" width=\"800\" height=\"550\" src=\"https:\/\/relish-tech.com\/wp-content\/uploads\/2026\/03\/relish-tech-global-footprint-map-partners-across-continents.webp\" class=\"attachment-large size-large wp-image-4435\" alt=\"A world map displaying Relish Tech&#039;s global footprint and diversity, highlighting regions served including Europe, North America, South America, Australia, and China, demonstrating their global reach and ability to serve partners across continents and understand varied markets.\" srcset=\"https:\/\/relish-tech.com\/wp-content\/uploads\/2026\/03\/relish-tech-global-footprint-map-partners-across-continents.webp 800w, https:\/\/relish-tech.com\/wp-content\/uploads\/2026\/03\/relish-tech-global-footprint-map-partners-across-continents-300x206.webp 300w, https:\/\/relish-tech.com\/wp-content\/uploads\/2026\/03\/relish-tech-global-footprint-map-partners-across-continents-768x528.webp 768w, https:\/\/relish-tech.com\/wp-content\/uploads\/2026\/03\/relish-tech-global-footprint-map-partners-across-continents-18x12.webp 18w\" sizes=\"(max-width: 800px) 100vw, 800px\" title=\"\">\t\t\t\t\t\t\t\t\t\t\t\t\t\t\t<\/div>\n\t\t\t\t<\/div>\n\t\t\t\t\t<\/div>\n\t\t\t\t<\/div>\n\t\t\t\t<\/div>","protected":false},"excerpt":{"rendered":"<p>Advanced Manufacturing &amp; Production Capabilities We combine precision engineering, scalable automated production, and rigorous quality control to bring your oral [&hellip;]<\/p>\n","protected":false},"author":1,"featured_media":0,"parent":0,"menu_order":0,"comment_status":"closed","ping_status":"closed","template":"","meta":{"footnotes":""},"class_list":["post-1614","page","type-page","status-publish","hentry"],"blocksy_meta":{"has_hero_section":"disabled","vertical_spacing_source":"custom","content_area_spacing":"none","styles_descriptor":{"styles":{"desktop":"","tablet":"","mobile":""},"google_fonts":[],"version":6}},"_links":{"self":[{"href":"https:\/\/relish-tech.com\/es\/wp-json\/wp\/v2\/pages\/1614","targetHints":{"allow":["GET"]}}],"collection":[{"href":"https:\/\/relish-tech.com\/es\/wp-json\/wp\/v2\/pages"}],"about":[{"href":"https:\/\/relish-tech.com\/es\/wp-json\/wp\/v2\/types\/page"}],"author":[{"embeddable":true,"href":"https:\/\/relish-tech.com\/es\/wp-json\/wp\/v2\/users\/1"}],"replies":[{"embeddable":true,"href":"https:\/\/relish-tech.com\/es\/wp-json\/wp\/v2\/comments?post=1614"}],"version-history":[{"count":19,"href":"https:\/\/relish-tech.com\/es\/wp-json\/wp\/v2\/pages\/1614\/revisions"}],"predecessor-version":[{"id":4453,"href":"https:\/\/relish-tech.com\/es\/wp-json\/wp\/v2\/pages\/1614\/revisions\/4453"}],"wp:attachment":[{"href":"https:\/\/relish-tech.com\/es\/wp-json\/wp\/v2\/media?parent=1614"}],"curies":[{"name":"wp","href":"https:\/\/api.w.org\/{rel}","templated":true}]}}