{"id":1605,"date":"2025-11-20T02:03:20","date_gmt":"2025-11-20T02:03:20","guid":{"rendered":"https:\/\/relish.quhenet.com\/?page_id=1605"},"modified":"2026-03-11T08:01:38","modified_gmt":"2026-03-11T08:01:38","slug":"desarrollo-de-la-investigacion","status":"publish","type":"page","link":"https:\/\/relish-tech.com\/es\/research-development\/","title":{"rendered":"Capacidades de I+D"},"content":{"rendered":"<div data-elementor-type=\"wp-page\" data-elementor-id=\"1605\" class=\"elementor elementor-1605\" data-elementor-post-type=\"page\">\n\t\t\t\t<div class=\"elementor-element elementor-element-3bb91bd7 e-flex e-con-boxed e-con e-parent\" data-id=\"3bb91bd7\" data-element_type=\"container\" data-e-type=\"container\" data-settings=\"{&quot;background_background&quot;:&quot;classic&quot;}\">\n\t\t\t\t\t<div class=\"e-con-inner\">\n\t\t\t\t<div class=\"elementor-element elementor-element-506cfa66 elementor-widget elementor-widget-heading\" data-id=\"506cfa66\" data-element_type=\"widget\" data-e-type=\"widget\" data-widget_type=\"heading.default\">\n\t\t\t\t\t<h1 class=\"elementor-heading-title elementor-size-default\">I+D de precisi\u00f3n: la ingenier\u00eda del futuro del cuidado bucal profesional<\/h1>\t\t\t\t<\/div>\n\t\t\t\t<div class=\"elementor-element elementor-element-240b0899 elementor-widget elementor-widget-heading\" data-id=\"240b0899\" data-element_type=\"widget\" data-e-type=\"widget\" data-widget_type=\"heading.default\">\n\t\t\t\t\t<div class=\"elementor-heading-title elementor-size-default\">Relish combina una avanzada I+D interna con m\u00e1s de 15 a\u00f1os de experiencia en materiales para ofrecer soluciones dentales escalables, certificadas e innovadoras adaptadas a las demandas del mercado mundial.<\/div>\t\t\t\t<\/div>\n\t\t\t\t\t<\/div>\n\t\t\t\t<\/div>\n\t\t<div class=\"elementor-element elementor-element-eb0657f e-flex e-con-boxed e-con e-parent\" data-id=\"eb0657f\" data-element_type=\"container\" data-e-type=\"container\" data-settings=\"{&quot;background_background&quot;:&quot;classic&quot;}\">\n\t\t\t\t\t<div class=\"e-con-inner\">\n\t\t<div class=\"elementor-element elementor-element-de96351 e-con-full e-flex e-con e-child\" data-id=\"de96351\" data-element_type=\"container\" data-e-type=\"container\">\n\t\t\t\t<div class=\"elementor-element elementor-element-df84de6 elementor-widget elementor-widget-heading\" data-id=\"df84de6\" data-element_type=\"widget\" data-e-type=\"widget\" data-widget_type=\"heading.default\">\n\t\t\t\t\t<h2 class=\"elementor-heading-title elementor-size-default\">2025 Innovaci\u00f3n\nEl primer cepillo de dientes Spinsonic 3 en 1 del mundo<\/h2>\t\t\t\t<\/div>\n\t\t\t\t<div class=\"elementor-element elementor-element-d6ccd4d elementor-widget elementor-widget-text-editor\" data-id=\"d6ccd4d\" data-element_type=\"widget\" data-e-type=\"widget\" data-widget_type=\"text-editor.default\">\n\t\t\t\t\t\t\t\t\t<ul><li><p data-path-to-node=\"10,1,1,0,0\" data-imt-p=\"1\"><b data-path-to-node=\"10,1,1,0,0\" data-index-in-node=\"0\">Integraci\u00f3n rotativa, s\u00f3nica y vibros\u00f3nica:<\/b> Una innovadora tecnolog\u00eda h\u00edbrida que proporciona una eficacia de limpieza sin precedentes.<\/p><\/li><li><p data-path-to-node=\"10,1,1,1,0\" data-imt-p=\"1\"><b data-path-to-node=\"10,1,1,1,0\" data-index-in-node=\"0\">Servocontrol inteligente:<\/b> Funciona con un silencioso motor vibros\u00f3nico que reconoce el cabezal del cepillo y detecta la presi\u00f3n.<\/p><\/li><li><p data-path-to-node=\"10,1,1,2,0\" data-imt-p=\"1\"><b data-path-to-node=\"10,1,1,2,0\" data-index-in-node=\"0\">Moci\u00f3n recomendada por los dentistas:<\/b> Combina la potencia de limpieza de Oral-B y la comodidad de Philips en un \u00fanico dispositivo.<\/p><\/li><\/ul>\t\t\t\t\t\t\t\t<\/div>\n\t\t\t\t<\/div>\n\t\t<div class=\"elementor-element elementor-element-ede9b7b e-con-full e-flex e-con e-child\" data-id=\"ede9b7b\" data-element_type=\"container\" data-e-type=\"container\">\n\t\t\t\t<div class=\"elementor-element elementor-element-24d7f7c elementor-invisible elementor-widget elementor-widget-image\" data-id=\"24d7f7c\" data-element_type=\"widget\" data-e-type=\"widget\" data-settings=\"{&quot;_animation&quot;:&quot;fadeInUp&quot;}\" data-widget_type=\"image.default\">\n\t\t\t\t\t\t\t\t\t\t\t\t\t\t\t<img fetchpriority=\"high\" decoding=\"async\" width=\"800\" height=\"550\" src=\"https:\/\/relish-tech.com\/wp-content\/uploads\/2026\/01\/worlds-first-3-in-1-spinsonic-electric-toothbrush.webp\" class=\"attachment-large size-large wp-image-2179\" alt=\"El primer cepillo dental Spinsonic 3 en 1 del mundo con 31000 vibraciones s\u00f3nicas, giro de 360 grados y barrido de 60 grados para una limpieza sin igual.\" srcset=\"https:\/\/relish-tech.com\/wp-content\/uploads\/2026\/01\/worlds-first-3-in-1-spinsonic-electric-toothbrush.webp 800w, https:\/\/relish-tech.com\/wp-content\/uploads\/2026\/01\/worlds-first-3-in-1-spinsonic-electric-toothbrush-300x206.webp 300w, https:\/\/relish-tech.com\/wp-content\/uploads\/2026\/01\/worlds-first-3-in-1-spinsonic-electric-toothbrush-768x528.webp 768w, https:\/\/relish-tech.com\/wp-content\/uploads\/2026\/01\/worlds-first-3-in-1-spinsonic-electric-toothbrush-18x12.webp 18w\" sizes=\"(max-width: 800px) 100vw, 800px\" title=\"\">\t\t\t\t\t\t\t\t\t\t\t\t\t\t\t<\/div>\n\t\t\t\t<\/div>\n\t\t\t\t\t<\/div>\n\t\t\t\t<\/div>\n\t\t<div class=\"elementor-element elementor-element-1b8b51c e-flex e-con-boxed e-con e-parent\" data-id=\"1b8b51c\" data-element_type=\"container\" data-e-type=\"container\">\n\t\t\t\t\t<div class=\"e-con-inner\">\n\t\t<div class=\"elementor-element elementor-element-8e06b3b e-con-full e-flex e-con e-child\" data-id=\"8e06b3b\" data-element_type=\"container\" data-e-type=\"container\">\n\t\t\t\t<div class=\"elementor-element elementor-element-7ee1ca2 elementor-invisible elementor-widget elementor-widget-image\" data-id=\"7ee1ca2\" data-element_type=\"widget\" data-e-type=\"widget\" data-settings=\"{&quot;_animation&quot;:&quot;fadeInUp&quot;}\" data-widget_type=\"image.default\">\n\t\t\t\t\t\t\t\t\t\t\t\t\t\t\t<img decoding=\"async\" width=\"2560\" height=\"1582\" src=\"https:\/\/relish-tech.com\/wp-content\/uploads\/2026\/02\/integrated-engineering-partner-oral-care-rd-team-scaled.webp\" class=\"attachment-full size-full wp-image-2533\" alt=\"El equipo multifuncional de Relish Tech est\u00e1 formado por m\u00e1s de 30 ingenieros de estructuras, hardware y software para el desarrollo de productos de cuidado bucal.\" srcset=\"https:\/\/relish-tech.com\/wp-content\/uploads\/2026\/02\/integrated-engineering-partner-oral-care-rd-team-scaled.webp 2560w, https:\/\/relish-tech.com\/wp-content\/uploads\/2026\/02\/integrated-engineering-partner-oral-care-rd-team-300x185.webp 300w, https:\/\/relish-tech.com\/wp-content\/uploads\/2026\/02\/integrated-engineering-partner-oral-care-rd-team-1024x633.webp 1024w, https:\/\/relish-tech.com\/wp-content\/uploads\/2026\/02\/integrated-engineering-partner-oral-care-rd-team-768x475.webp 768w, https:\/\/relish-tech.com\/wp-content\/uploads\/2026\/02\/integrated-engineering-partner-oral-care-rd-team-1536x949.webp 1536w, https:\/\/relish-tech.com\/wp-content\/uploads\/2026\/02\/integrated-engineering-partner-oral-care-rd-team-2048x1266.webp 2048w, https:\/\/relish-tech.com\/wp-content\/uploads\/2026\/02\/integrated-engineering-partner-oral-care-rd-team-18x12.webp 18w\" sizes=\"(max-width: 2560px) 100vw, 2560px\" title=\"\">\t\t\t\t\t\t\t\t\t\t\t\t\t\t\t<\/div>\n\t\t\t\t<\/div>\n\t\t<div class=\"elementor-element elementor-element-74fe9bc e-con-full e-flex e-con e-child\" data-id=\"74fe9bc\" data-element_type=\"container\" data-e-type=\"container\" data-settings=\"{&quot;background_background&quot;:&quot;classic&quot;}\">\n\t\t\t\t<div class=\"elementor-element elementor-element-140c9af elementor-widget elementor-widget-heading\" data-id=\"140c9af\" data-element_type=\"widget\" data-e-type=\"widget\" data-widget_type=\"heading.default\">\n\t\t\t\t\t<h2 class=\"elementor-heading-title elementor-size-default\">Siga las tendencias orales<\/h2>\t\t\t\t<\/div>\n\t\t\t\t<div class=\"elementor-element elementor-element-02ed229 elementor-widget elementor-widget-text-editor\" data-id=\"02ed229\" data-element_type=\"widget\" data-e-type=\"widget\" data-widget_type=\"text-editor.default\">\n\t\t\t\t\t\t\t\t\t<p data-path-to-node=\"12,1,0\" data-imt-p=\"1\"><b data-path-to-node=\"12,1,0\" data-index-in-node=\"4\">Su socio de ingenier\u00eda integrada<\/b> Nuestro equipo multifuncional de <b data-path-to-node=\"12,1,0\" data-index-in-node=\"69\">M\u00e1s de 30 ingenieros de estructuras, hardware y software<\/b> transforma su visi\u00f3n en productos funcionales y listos para el mercado.<\/p><ul data-path-to-node=\"12,1,1\"><li><p data-path-to-node=\"12,1,1,0,0\" data-imt-p=\"1\"><b data-path-to-node=\"12,1,1,0,0\" data-index-in-node=\"0\">Creaci\u00f3n r\u00e1pida de prototipos:<\/b> Modelado CAD 3D y creaci\u00f3n de prototipos CNC listos en <b data-path-to-node=\"12,1,1,0,0\" data-index-in-node=\"64\">3-7 d\u00edas<\/b>.<\/p><\/li><li><p data-path-to-node=\"12,1,1,1,0\" data-imt-p=\"1\"><b data-path-to-node=\"12,1,1,1,0\" data-index-in-node=\"0\">Dise\u00f1o que da prioridad al cumplimiento:<\/b> Procesos de I+D plenamente alineados con <b data-path-to-node=\"12,1,1,1,0\" data-index-in-node=\"58\">ISO 13485<\/b> normas sobre productos sanitarios.<\/p><\/li><\/ul>\t\t\t\t\t\t\t\t<\/div>\n\t\t\t\t<div class=\"elementor-element elementor-element-ba79f97 elementor-widget elementor-widget-button\" data-id=\"ba79f97\" data-element_type=\"widget\" data-e-type=\"widget\" data-widget_type=\"button.default\">\n\t\t\t\t\t\t\t\t\t\t<a class=\"elementor-button elementor-button-link elementor-size-sm\" href=\"#\">\n\t\t\t\t\t\t<span class=\"elementor-button-content-wrapper\">\n\t\t\t\t\t\t\t\t\t<span class=\"elementor-button-text\">Solicitar una consulta sobre I+D<\/span>\n\t\t\t\t\t<\/span>\n\t\t\t\t\t<\/a>\n\t\t\t\t\t\t\t\t<\/div>\n\t\t\t\t<\/div>\n\t\t\t\t\t<\/div>\n\t\t\t\t<\/div>\n\t\t<div class=\"elementor-element elementor-element-ac285cb e-flex e-con-boxed e-con e-parent\" data-id=\"ac285cb\" data-element_type=\"container\" data-e-type=\"container\" data-settings=\"{&quot;background_background&quot;:&quot;classic&quot;}\">\n\t\t\t\t\t<div class=\"e-con-inner\">\n\t\t<div class=\"elementor-element elementor-element-e29c4ed e-con-full e-flex e-con e-child\" data-id=\"e29c4ed\" data-element_type=\"container\" data-e-type=\"container\" data-settings=\"{&quot;background_background&quot;:&quot;classic&quot;}\">\n\t\t\t\t<div class=\"elementor-element elementor-element-2cdec50 elementor-widget elementor-widget-heading\" data-id=\"2cdec50\" data-element_type=\"widget\" data-e-type=\"widget\" data-widget_type=\"heading.default\">\n\t\t\t\t\t<h2 class=\"elementor-heading-title elementor-size-default\">Vamos por delante. Y usted tambi\u00e9n.<\/h2>\t\t\t\t<\/div>\n\t\t\t\t<div class=\"elementor-element elementor-element-3b6d665 elementor-widget elementor-widget-text-editor\" data-id=\"3b6d665\" data-element_type=\"widget\" data-e-type=\"widget\" data-widget_type=\"text-editor.default\">\n\t\t\t\t\t\t\t\t\t<h4 data-path-to-node=\"4\"><b data-path-to-node=\"4\" data-index-in-node=\"0\" data-imt-p=\"1\">M\u00e1s all\u00e1 de la limpieza: inteligente, sostenible y estrat\u00e9gica.<\/b><\/h4><p data-path-to-node=\"5\" data-imt-p=\"1\">El mercado del cuidado bucal avanza r\u00e1pidamente. Los consumidores de hoy esperan algo m\u00e1s que una sonrisa limpia; exigen <b data-path-to-node=\"5\" data-index-in-node=\"104\">tecnolog\u00eda inteligente, materiales ecol\u00f3gicos y experiencias personalizadas<\/b>. No basta con estar a la altura. Para dominar la estanter\u00eda, debe <b data-path-to-node=\"5\" data-index-in-node=\"241\">alterar el statu quo<\/b>.<\/p><p data-path-to-node=\"6\" data-imt-p=\"1\">En Relish, no nos limitamos a seguir las tendencias...<b data-path-to-node=\"6\" data-index-in-node=\"39\">los definimos<\/b>.<\/p><p data-path-to-node=\"8,3,0\" data-imt-p=\"1\">\u00a0<\/p>\t\t\t\t\t\t\t\t<\/div>\n\t\t\t\t<div class=\"elementor-element elementor-element-468a6a5 elementor-widget elementor-widget-button\" data-id=\"468a6a5\" data-element_type=\"widget\" data-e-type=\"widget\" data-widget_type=\"button.default\">\n\t\t\t\t\t\t\t\t\t\t<a class=\"elementor-button elementor-button-link elementor-size-sm\" href=\"#\">\n\t\t\t\t\t\t<span class=\"elementor-button-content-wrapper\">\n\t\t\t\t\t\t\t\t\t<span class=\"elementor-button-text\">Solicitar una consulta sobre I+D<\/span>\n\t\t\t\t\t<\/span>\n\t\t\t\t\t<\/a>\n\t\t\t\t\t\t\t\t<\/div>\n\t\t\t\t<\/div>\n\t\t<div class=\"elementor-element elementor-element-d854592 e-con-full e-flex e-con e-child\" data-id=\"d854592\" data-element_type=\"container\" data-e-type=\"container\">\n\t\t\t\t<div class=\"elementor-element elementor-element-7629c07 elementor-invisible elementor-widget elementor-widget-image\" data-id=\"7629c07\" data-element_type=\"widget\" data-e-type=\"widget\" data-settings=\"{&quot;_animation&quot;:&quot;fadeInUp&quot;}\" data-widget_type=\"image.default\">\n\t\t\t\t\t\t\t\t\t\t\t\t\t\t\t<img decoding=\"async\" width=\"800\" height=\"550\" src=\"https:\/\/relish-tech.com\/wp-content\/uploads\/2026\/01\/smart-sustainable-oral-care-rd-innovation.webp\" class=\"attachment-large size-large wp-image-2180\" alt=\"Relish es un experto en I+D que investiga materiales ecol\u00f3gicos y tecnolog\u00eda inteligente para romper el statu quo del mercado del cuidado bucal.\" srcset=\"https:\/\/relish-tech.com\/wp-content\/uploads\/2026\/01\/smart-sustainable-oral-care-rd-innovation.webp 800w, https:\/\/relish-tech.com\/wp-content\/uploads\/2026\/01\/smart-sustainable-oral-care-rd-innovation-300x206.webp 300w, https:\/\/relish-tech.com\/wp-content\/uploads\/2026\/01\/smart-sustainable-oral-care-rd-innovation-768x528.webp 768w, https:\/\/relish-tech.com\/wp-content\/uploads\/2026\/01\/smart-sustainable-oral-care-rd-innovation-18x12.webp 18w\" sizes=\"(max-width: 800px) 100vw, 800px\" title=\"\">\t\t\t\t\t\t\t\t\t\t\t\t\t\t\t<\/div>\n\t\t\t\t<\/div>\n\t\t\t\t\t<\/div>\n\t\t\t\t<\/div>\n\t\t<div class=\"elementor-element elementor-element-cae6379 e-flex e-con-boxed e-con e-parent\" data-id=\"cae6379\" data-element_type=\"container\" data-e-type=\"container\">\n\t\t\t\t\t<div class=\"e-con-inner\">\n\t\t<div class=\"elementor-element elementor-element-2254bdc e-con-full e-flex e-con e-child\" data-id=\"2254bdc\" data-element_type=\"container\" data-e-type=\"container\">\n\t\t\t\t<div class=\"elementor-element elementor-element-019e4f1 elementor-invisible elementor-widget elementor-widget-image\" data-id=\"019e4f1\" data-element_type=\"widget\" data-e-type=\"widget\" data-settings=\"{&quot;_animation&quot;:&quot;fadeInUp&quot;}\" data-widget_type=\"image.default\">\n\t\t\t\t\t\t\t\t\t\t\t\t\t\t\t<img loading=\"lazy\" decoding=\"async\" width=\"1024\" height=\"559\" src=\"https:\/\/relish-tech.com\/wp-content\/uploads\/2026\/02\/advanced-electric-toothbrush-motor-design-innovation.webp\" class=\"attachment-full size-full wp-image-2546\" alt=\"Secci\u00f3n transversal de un avanzado dise\u00f1o de motor de cepillo de dientes el\u00e9ctrico que incorpora un rotor de neodimio de alto par, una placa de circuito impreso de servo controlador inteligente y un mecanismo vibros\u00f3nico patentado.\" srcset=\"https:\/\/relish-tech.com\/wp-content\/uploads\/2026\/02\/advanced-electric-toothbrush-motor-design-innovation.webp 1024w, https:\/\/relish-tech.com\/wp-content\/uploads\/2026\/02\/advanced-electric-toothbrush-motor-design-innovation-300x164.webp 300w, https:\/\/relish-tech.com\/wp-content\/uploads\/2026\/02\/advanced-electric-toothbrush-motor-design-innovation-768x419.webp 768w, https:\/\/relish-tech.com\/wp-content\/uploads\/2026\/02\/advanced-electric-toothbrush-motor-design-innovation-18x10.webp 18w\" sizes=\"(max-width: 1024px) 100vw, 1024px\" title=\"\">\t\t\t\t\t\t\t\t\t\t\t\t\t\t\t<\/div>\n\t\t\t\t<\/div>\n\t\t<div class=\"elementor-element elementor-element-bd0ff2b e-con-full e-flex e-con e-child\" data-id=\"bd0ff2b\" data-element_type=\"container\" data-e-type=\"container\" data-settings=\"{&quot;background_background&quot;:&quot;classic&quot;}\">\n\t\t\t\t<div class=\"elementor-element elementor-element-b1a346a elementor-widget elementor-widget-heading\" data-id=\"b1a346a\" data-element_type=\"widget\" data-e-type=\"widget\" data-widget_type=\"heading.default\">\n\t\t\t\t\t<h2 class=\"elementor-heading-title elementor-size-default\">\u00bfPor qu\u00e9 asociarse con Relish R&amp;D?<\/h2>\t\t\t\t<\/div>\n\t\t\t\t<div class=\"elementor-element elementor-element-93f1bbc elementor-widget elementor-widget-text-editor\" data-id=\"93f1bbc\" data-element_type=\"widget\" data-e-type=\"widget\" data-widget_type=\"text-editor.default\">\n\t\t\t\t\t\t\t\t\t<ul data-path-to-node=\"8\"><li><p data-path-to-node=\"8,0,0\" data-imt-p=\"1\"><b data-path-to-node=\"8,0,0\" data-index-in-node=\"0\">Innovaci\u00f3n de vanguardia:<\/b> Presenta un dise\u00f1o de motor avanzado, materiales biodegradables y un envase inteligente y conectado.<\/p><\/li><li><p data-path-to-node=\"8,1,0\" data-imt-p=\"1\"><b data-path-to-node=\"8,1,0\" data-index-in-node=\"0\">Experiencia interfuncional:<\/b> Nuestro equipo combina la precisi\u00f3n de la ingenier\u00eda, el dise\u00f1o industrial y un profundo conocimiento del consumidor.<\/p><\/li><li><p data-path-to-node=\"8,2,0\" data-imt-p=\"1\"><b data-path-to-node=\"8,2,0\" data-index-in-node=\"0\">Velocidad de comercializaci\u00f3n:<\/b> Convertimos su visi\u00f3n en realidad de forma m\u00e1s r\u00e1pida e inteligente, con <b data-path-to-node=\"8,2,0\" data-index-in-node=\"75\">pleno apoyo al cumplimiento de la normativa<\/b> incorporado.<\/p><\/li><li><p data-path-to-node=\"8,3,0\" data-imt-p=\"1\"><b data-path-to-node=\"8,3,0\" data-index-in-node=\"0\">Diferenciaci\u00f3n probada:<\/b> Desde sistemas de bamb\u00fa sostenibles hasta higiene impulsada por inteligencia artificial, creamos productos que destacan en las rutinas diarias y en el comercio minorista mundial.<\/p><\/li><\/ul>\t\t\t\t\t\t\t\t<\/div>\n\t\t\t\t<div class=\"elementor-element elementor-element-98d1975 elementor-widget elementor-widget-button\" data-id=\"98d1975\" data-element_type=\"widget\" data-e-type=\"widget\" data-widget_type=\"button.default\">\n\t\t\t\t\t\t\t\t\t\t<a class=\"elementor-button elementor-button-link elementor-size-sm\" href=\"#\">\n\t\t\t\t\t\t<span class=\"elementor-button-content-wrapper\">\n\t\t\t\t\t\t\t\t\t<span class=\"elementor-button-text\">Solicitar una consulta sobre I+D<\/span>\n\t\t\t\t\t<\/span>\n\t\t\t\t\t<\/a>\n\t\t\t\t\t\t\t\t<\/div>\n\t\t\t\t<\/div>\n\t\t\t\t\t<\/div>\n\t\t\t\t<\/div>\n\t\t<div class=\"elementor-element elementor-element-df41498 e-flex e-con-boxed e-con e-parent\" data-id=\"df41498\" data-element_type=\"container\" data-e-type=\"container\" data-settings=\"{&quot;background_background&quot;:&quot;classic&quot;}\">\n\t\t\t\t\t<div class=\"e-con-inner\">\n\t\t<div class=\"elementor-element elementor-element-188f428 e-con-full e-flex e-con e-child\" data-id=\"188f428\" data-element_type=\"container\" data-e-type=\"container\" data-settings=\"{&quot;background_background&quot;:&quot;classic&quot;}\">\n\t\t\t\t<div class=\"elementor-element elementor-element-e21b74a elementor-widget elementor-widget-heading\" data-id=\"e21b74a\" data-element_type=\"widget\" data-e-type=\"widget\" data-widget_type=\"heading.default\">\n\t\t\t\t\t<h2 class=\"elementor-heading-title elementor-size-default\">Innovaci\u00f3n sostenible, dise\u00f1ada para rendir<\/h2>\t\t\t\t<\/div>\n\t\t\t\t<div class=\"elementor-element elementor-element-564e595 elementor-widget elementor-widget-text-editor\" data-id=\"564e595\" data-element_type=\"widget\" data-e-type=\"widget\" data-widget_type=\"text-editor.default\">\n\t\t\t\t\t\t\t\t\t<p>En Relish, creemos que el alto rendimiento y el dise\u00f1o respetuoso con el planeta van de la mano. Nuestro \u00faltimo avance, el cepillo dental Spinsonic 3 en 1, combina la limpieza s\u00f3nica avanzada con una ingenier\u00eda respetuosa con el medio ambiente: motores energ\u00e9ticamente eficientes, cabezales reemplazables para reducir los residuos y envases fabricados con materiales reciclados.<\/p><p>Desarrollado internamente por nuestro equipo de I+D, es la prueba de que la innovaci\u00f3n en el cuidado bucal puede ser potente, responsable y estar preparada para el consumidor consciente de hoy en d\u00eda.<\/p><p>Dise\u00f1ado por Relish. Creado para el futuro.<\/p>\t\t\t\t\t\t\t\t<\/div>\n\t\t\t\t<div class=\"elementor-element elementor-element-020e1f6 elementor-widget elementor-widget-button\" data-id=\"020e1f6\" data-element_type=\"widget\" data-e-type=\"widget\" data-widget_type=\"button.default\">\n\t\t\t\t\t\t\t\t\t\t<a class=\"elementor-button elementor-button-link elementor-size-sm\" href=\"#\">\n\t\t\t\t\t\t<span class=\"elementor-button-content-wrapper\">\n\t\t\t\t\t\t\t\t\t<span class=\"elementor-button-text\">Explorar soluciones sostenibles<\/span>\n\t\t\t\t\t<\/span>\n\t\t\t\t\t<\/a>\n\t\t\t\t\t\t\t\t<\/div>\n\t\t\t\t<\/div>\n\t\t<div class=\"elementor-element elementor-element-f696e9f e-con-full e-flex e-con e-child\" data-id=\"f696e9f\" data-element_type=\"container\" data-e-type=\"container\" data-settings=\"{&quot;background_background&quot;:&quot;classic&quot;}\">\n\t\t\t\t<div class=\"elementor-element elementor-element-af502f0 elementor-invisible elementor-widget elementor-widget-image\" data-id=\"af502f0\" data-element_type=\"widget\" data-e-type=\"widget\" data-settings=\"{&quot;_animation&quot;:&quot;fadeInUp&quot;}\" data-widget_type=\"image.default\">\n\t\t\t\t\t\t\t\t\t\t\t\t\t\t\t<img loading=\"lazy\" decoding=\"async\" width=\"800\" height=\"550\" src=\"https:\/\/relish-tech.com\/wp-content\/uploads\/2026\/01\/sustainable-innovation-3-in-1-spinsonic-toothbrush.webp\" class=\"attachment-large size-large wp-image-2181\" alt=\"El cepillo de dientes 3 en 1 Spinsonic demuestra un barrido de 60 grados, un giro de 360 grados y 31000 vibraciones s\u00f3nicas, dise\u00f1ado para un alto rendimiento y una innovaci\u00f3n sostenible respetuosa con el medio ambiente.\" srcset=\"https:\/\/relish-tech.com\/wp-content\/uploads\/2026\/01\/sustainable-innovation-3-in-1-spinsonic-toothbrush.webp 800w, https:\/\/relish-tech.com\/wp-content\/uploads\/2026\/01\/sustainable-innovation-3-in-1-spinsonic-toothbrush-300x206.webp 300w, https:\/\/relish-tech.com\/wp-content\/uploads\/2026\/01\/sustainable-innovation-3-in-1-spinsonic-toothbrush-768x528.webp 768w, https:\/\/relish-tech.com\/wp-content\/uploads\/2026\/01\/sustainable-innovation-3-in-1-spinsonic-toothbrush-18x12.webp 18w\" sizes=\"(max-width: 800px) 100vw, 800px\" title=\"\">\t\t\t\t\t\t\t\t\t\t\t\t\t\t\t<\/div>\n\t\t\t\t<\/div>\n\t\t\t\t\t<\/div>\n\t\t\t\t<\/div>\n\t\t\t\t<\/div>","protected":false},"excerpt":{"rendered":"<p>Precision R&amp;D: Engineering the Future of Professional Oral Care Relish combines advanced in-house R&amp;D with 15+ years of materials expertise [&hellip;]<\/p>\n","protected":false},"author":1,"featured_media":0,"parent":0,"menu_order":0,"comment_status":"closed","ping_status":"closed","template":"","meta":{"footnotes":""},"class_list":["post-1605","page","type-page","status-publish","hentry"],"blocksy_meta":{"has_hero_section":"disabled","vertical_spacing_source":"custom","content_area_spacing":"none","styles_descriptor":{"styles":{"desktop":"","tablet":"","mobile":""},"google_fonts":[],"version":6}},"_links":{"self":[{"href":"https:\/\/relish-tech.com\/es\/wp-json\/wp\/v2\/pages\/1605","targetHints":{"allow":["GET"]}}],"collection":[{"href":"https:\/\/relish-tech.com\/es\/wp-json\/wp\/v2\/pages"}],"about":[{"href":"https:\/\/relish-tech.com\/es\/wp-json\/wp\/v2\/types\/page"}],"author":[{"embeddable":true,"href":"https:\/\/relish-tech.com\/es\/wp-json\/wp\/v2\/users\/1"}],"replies":[{"embeddable":true,"href":"https:\/\/relish-tech.com\/es\/wp-json\/wp\/v2\/comments?post=1605"}],"version-history":[{"count":46,"href":"https:\/\/relish-tech.com\/es\/wp-json\/wp\/v2\/pages\/1605\/revisions"}],"predecessor-version":[{"id":2702,"href":"https:\/\/relish-tech.com\/es\/wp-json\/wp\/v2\/pages\/1605\/revisions\/2702"}],"wp:attachment":[{"href":"https:\/\/relish-tech.com\/es\/wp-json\/wp\/v2\/media?parent=1605"}],"curies":[{"name":"wp","href":"https:\/\/api.w.org\/{rel}","templated":true}]}}