{"id":1581,"date":"2025-11-15T02:47:06","date_gmt":"2025-11-15T02:47:06","guid":{"rendered":"https:\/\/relish.quhenet.com\/?page_id=1581"},"modified":"2026-03-11T06:58:56","modified_gmt":"2026-03-11T06:58:56","slug":"envases-personalizados","status":"publish","type":"page","link":"https:\/\/relish-tech.com\/es\/custom-packaging\/","title":{"rendered":"Envases a medida"},"content":{"rendered":"<div data-elementor-type=\"wp-page\" data-elementor-id=\"1581\" class=\"elementor elementor-1581\" data-elementor-post-type=\"page\">\n\t\t\t\t<div class=\"elementor-element elementor-element-3da04f74 e-flex e-con-boxed e-con e-parent\" data-id=\"3da04f74\" data-element_type=\"container\" data-e-type=\"container\" data-settings=\"{&quot;background_background&quot;:&quot;classic&quot;}\">\n\t\t\t\t\t<div class=\"e-con-inner\">\n\t\t\t\t<div class=\"elementor-element elementor-element-aebf0b6 elementor-widget elementor-widget-heading\" data-id=\"aebf0b6\" data-element_type=\"widget\" data-e-type=\"widget\" data-widget_type=\"heading.default\">\n\t\t\t\t\t<h1 class=\"elementor-heading-title elementor-size-default\">Envases personalizados listos para la venta: Mejore la presencia de su marca<\/h1>\t\t\t\t<\/div>\n\t\t\t\t<div class=\"elementor-element elementor-element-660bf9e2 elementor-widget elementor-widget-heading\" data-id=\"660bf9e2\" data-element_type=\"widget\" data-e-type=\"widget\" data-widget_type=\"heading.default\">\n\t\t\t\t\t<div class=\"elementor-heading-title elementor-size-default\">Desde cajas kraft ecol\u00f3gicas hasta expositores magn\u00e9ticos premium para minoristas, ofrecemos soluciones de envasado integrales que protegen sus productos y cautivan a sus clientes.<\/div>\t\t\t\t<\/div>\n\t\t\t\t\t<\/div>\n\t\t\t\t<\/div>\n\t\t<div class=\"elementor-element elementor-element-8c1887c e-grid e-con-boxed e-con e-parent\" data-id=\"8c1887c\" data-element_type=\"container\" data-e-type=\"container\">\n\t\t\t\t\t<div class=\"e-con-inner\">\n\t\t\t\t<div class=\"elementor-element elementor-element-cf27b01 elementor-position-left elementor-vertical-align-middle elementor-widget elementor-widget-image-box\" data-id=\"cf27b01\" data-element_type=\"widget\" data-e-type=\"widget\" data-widget_type=\"image-box.default\">\n\t\t\t\t\t<div class=\"elementor-image-box-wrapper\"><figure class=\"elementor-image-box-img\"><img decoding=\"async\" width=\"150\" height=\"150\" src=\"https:\/\/relish-tech.com\/wp-content\/uploads\/2025\/11\/united-150x150-1.png\" class=\"attachment-full size-full wp-image-1584\" alt=\"\" title=\"\"><\/figure><div class=\"elementor-image-box-content\"><h5 class=\"elementor-image-box-title\">Integraci\u00f3n \u00fanica de la cadena de suministro<\/h5><p class=\"elementor-image-box-description\">Ahorre tiempo y reduzca costes adquiriendo sus envases personalizados junto con sus productos de cuidado bucal, todo bajo un mismo techo. Agilice su cadena de suministro con asistencia integrada desde el dise\u00f1o inicial hasta el montaje final.<\/p><\/div><\/div>\t\t\t\t<\/div>\n\t\t\t\t<div class=\"elementor-element elementor-element-3cca9fd elementor-position-left elementor-vertical-align-middle elementor-widget elementor-widget-image-box\" data-id=\"3cca9fd\" data-element_type=\"widget\" data-e-type=\"widget\" data-widget_type=\"image-box.default\">\n\t\t\t\t\t<div class=\"elementor-image-box-wrapper\"><figure class=\"elementor-image-box-img\"><img decoding=\"async\" width=\"150\" height=\"150\" src=\"https:\/\/relish-tech.com\/wp-content\/uploads\/2025\/11\/warehouse-150x150-1.png\" class=\"attachment-full size-full wp-image-1585\" alt=\"\" title=\"\"><\/figure><div class=\"elementor-image-box-content\"><h5 class=\"elementor-image-box-title\">Precios escalables y menores cantidades m\u00e1ximas de producci\u00f3n<\/h5><p class=\"elementor-image-box-description\">Nuestros costes de embalaje est\u00e1n claramente desglosados, sin cargos ocultos. Benef\u00edciese de opciones de almacenamiento gratuitas y planes de precios flexibles dise\u00f1ados para crecer con su marca, ya sea una empresa emergente o un l\u00edder mundial.<\/p><\/div><\/div>\t\t\t\t<\/div>\n\t\t\t\t<div class=\"elementor-element elementor-element-1b43af1 elementor-position-left elementor-vertical-align-middle elementor-widget elementor-widget-image-box\" data-id=\"1b43af1\" data-element_type=\"widget\" data-e-type=\"widget\" data-widget_type=\"image-box.default\">\n\t\t\t\t\t<div class=\"elementor-image-box-wrapper\"><figure class=\"elementor-image-box-img\"><img decoding=\"async\" width=\"150\" height=\"150\" src=\"https:\/\/relish-tech.com\/wp-content\/uploads\/2025\/11\/quotation-150x150-1.png\" class=\"attachment-full size-full wp-image-1586\" alt=\"\" title=\"\"><\/figure><div class=\"elementor-image-box-content\"><h5 class=\"elementor-image-box-title\">M\u00e1s de 15 a\u00f1os de experiencia en envasado B2B<\/h5><p class=\"elementor-image-box-description\">Con m\u00e1s de 15 a\u00f1os de experiencia en la fabricaci\u00f3n de productos para el cuidado bucal, dominamos todos los detalles del envasado, desde las normas internacionales de sostenibilidad hasta la est\u00e9tica de gran impacto en los estantes.<\/p><\/div><\/div>\t\t\t\t<\/div>\n\t\t\t\t<div class=\"elementor-element elementor-element-3862c4b elementor-position-left elementor-vertical-align-middle elementor-widget elementor-widget-image-box\" data-id=\"3862c4b\" data-element_type=\"widget\" data-e-type=\"widget\" data-widget_type=\"image-box.default\">\n\t\t\t\t\t<div class=\"elementor-image-box-wrapper\"><figure class=\"elementor-image-box-img\"><img loading=\"lazy\" decoding=\"async\" width=\"150\" height=\"150\" src=\"https:\/\/relish-tech.com\/wp-content\/uploads\/2025\/11\/rating-150x150-1.png\" class=\"attachment-full size-full wp-image-1587\" alt=\"\" title=\"\"><\/figure><div class=\"elementor-image-box-content\"><h5 class=\"elementor-image-box-title\">Precios transparentes y presupuestos r\u00e1pidos<\/h5><p class=\"elementor-image-box-description\">Obtenga precios r\u00e1pidos y transparentes adaptados a su volumen, materiales y requisitos de marca. Eliminamos los retrasos con estimaciones de costes instant\u00e1neas y precisas para mantener su proyecto dentro de los plazos previstos.<\/p><\/div><\/div>\t\t\t\t<\/div>\n\t\t\t\t\t<\/div>\n\t\t\t\t<\/div>\n\t\t<div class=\"elementor-element elementor-element-b40e3a6 e-flex e-con-boxed e-con e-parent\" data-id=\"b40e3a6\" data-element_type=\"container\" data-e-type=\"container\" data-settings=\"{&quot;background_background&quot;:&quot;classic&quot;}\">\n\t\t\t\t\t<div class=\"e-con-inner\">\n\t\t\t\t<div class=\"elementor-element elementor-element-864db17 elementor-widget elementor-widget-heading\" data-id=\"864db17\" data-element_type=\"widget\" data-e-type=\"widget\" data-widget_type=\"heading.default\">\n\t\t\t\t\t<h2 class=\"elementor-heading-title elementor-size-default\">Servicio de embalaje \"Amor a primera vista<\/h2>\t\t\t\t<\/div>\n\t\t\t\t<div class=\"elementor-element elementor-element-c37ea55 elementor-widget elementor-widget-heading\" data-id=\"c37ea55\" data-element_type=\"widget\" data-e-type=\"widget\" data-widget_type=\"heading.default\">\n\t\t\t\t\t<div class=\"elementor-heading-title elementor-size-default\">Personalice sus envases de marca en unos sencillos pasos, dise\u00f1ados para impresionar a los clientes incluso antes de que abran la caja.<\/div>\t\t\t\t<\/div>\n\t\t\t\t\t<\/div>\n\t\t\t\t<\/div>\n\t\t<div class=\"elementor-element elementor-element-7c24df2 e-flex e-con-boxed e-con e-parent\" data-id=\"7c24df2\" data-element_type=\"container\" data-e-type=\"container\" data-settings=\"{&quot;background_background&quot;:&quot;classic&quot;}\">\n\t\t\t\t\t<div class=\"e-con-inner\">\n\t\t<div class=\"elementor-element elementor-element-9d391e4 e-con-full e-flex e-con e-child\" data-id=\"9d391e4\" data-element_type=\"container\" data-e-type=\"container\">\n\t\t\t\t<div class=\"elementor-element elementor-element-78743b4 elementor-invisible elementor-widget elementor-widget-image\" data-id=\"78743b4\" data-element_type=\"widget\" data-e-type=\"widget\" data-settings=\"{&quot;_animation&quot;:&quot;fadeInUp&quot;}\" data-widget_type=\"image.default\">\n\t\t\t\t\t\t\t\t\t\t\t\t\t\t\t<img loading=\"lazy\" decoding=\"async\" width=\"800\" height=\"500\" src=\"https:\/\/relish-tech.com\/wp-content\/uploads\/2026\/01\/relish-tech-electric-toothbrush-international-compliance-waterproof-demonstration.webp\" class=\"attachment-large size-large wp-image-2063\" alt=\"A pair of pink and blue electric toothbrushes submerged in water tanks, undergoing a physical waterproof and medical-grade compliance demonstration for global supply chain readiness.\" srcset=\"https:\/\/relish-tech.com\/wp-content\/uploads\/2026\/01\/relish-tech-electric-toothbrush-international-compliance-waterproof-demonstration.webp 800w, https:\/\/relish-tech.com\/wp-content\/uploads\/2026\/01\/relish-tech-electric-toothbrush-international-compliance-waterproof-demonstration-300x188.webp 300w, https:\/\/relish-tech.com\/wp-content\/uploads\/2026\/01\/relish-tech-electric-toothbrush-international-compliance-waterproof-demonstration-768x480.webp 768w, https:\/\/relish-tech.com\/wp-content\/uploads\/2026\/01\/relish-tech-electric-toothbrush-international-compliance-waterproof-demonstration-18x12.webp 18w\" sizes=\"(max-width: 800px) 100vw, 800px\" title=\"\">\t\t\t\t\t\t\t\t\t\t\t\t\t\t\t<\/div>\n\t\t\t\t<\/div>\n\t\t<div class=\"elementor-element elementor-element-4d3c535 e-con-full e-flex e-con e-child\" data-id=\"4d3c535\" data-element_type=\"container\" data-e-type=\"container\">\n\t\t\t\t<div class=\"elementor-element elementor-element-21f9b97 elementor-widget elementor-widget-heading\" data-id=\"21f9b97\" data-element_type=\"widget\" data-e-type=\"widget\" data-widget_type=\"heading.default\">\n\t\t\t\t\t<h3 class=\"elementor-heading-title elementor-size-default\">Paso 1: Identidad de marca y consulta de archivos<\/h3>\t\t\t\t<\/div>\n\t\t\t\t<div class=\"elementor-element elementor-element-f22a861 elementor-widget elementor-widget-text-editor\" data-id=\"f22a861\" data-element_type=\"widget\" data-e-type=\"widget\" data-widget_type=\"text-editor.default\">\n\t\t\t\t\t\t\t\t\t<p>Su envase de marca comienza con su identidad. Env\u00edenos su logotipo o archivos de dise\u00f1o en cualquier formato, y nuestros expertos internos crear\u00e1n una maqueta profesional para visualizar la personalidad de su marca.<\/p>\t\t\t\t\t\t\t\t<\/div>\n\t\t\t\t<div class=\"elementor-element elementor-element-23927e1 elementor-widget elementor-widget-button\" data-id=\"23927e1\" data-element_type=\"widget\" data-e-type=\"widget\" data-widget_type=\"button.default\">\n\t\t\t\t\t\t\t\t\t\t<a class=\"elementor-button elementor-button-link elementor-size-sm\" href=\"\/es\/pongase-en-contacto-con\/\">\n\t\t\t\t\t\t<span class=\"elementor-button-content-wrapper\">\n\t\t\t\t\t\t\t\t\t<span class=\"elementor-button-text\">Contacto para enviar logotipo<\/span>\n\t\t\t\t\t<\/span>\n\t\t\t\t\t<\/a>\n\t\t\t\t\t\t\t\t<\/div>\n\t\t\t\t<\/div>\n\t\t\t\t\t<\/div>\n\t\t\t\t<\/div>\n\t\t<div class=\"elementor-element elementor-element-465eef9 e-flex e-con-boxed e-con e-parent\" data-id=\"465eef9\" data-element_type=\"container\" data-e-type=\"container\" data-settings=\"{&quot;background_background&quot;:&quot;classic&quot;}\">\n\t\t\t\t\t<div class=\"e-con-inner\">\n\t\t<div class=\"elementor-element elementor-element-27e3752 e-con-full e-flex e-con e-child\" data-id=\"27e3752\" data-element_type=\"container\" data-e-type=\"container\" data-settings=\"{&quot;background_background&quot;:&quot;classic&quot;}\">\n\t\t\t\t<div class=\"elementor-element elementor-element-7a3164d elementor-widget elementor-widget-heading\" data-id=\"7a3164d\" data-element_type=\"widget\" data-e-type=\"widget\" data-widget_type=\"heading.default\">\n\t\t\t\t\t<h3 class=\"elementor-heading-title elementor-size-default\">Paso 2: Prototipos f\u00edsicos y maquetas<\/h3>\t\t\t\t<\/div>\n\t\t\t\t<div class=\"elementor-element elementor-element-33c0c8d elementor-widget elementor-widget-text-editor\" data-id=\"33c0c8d\" data-element_type=\"widget\" data-e-type=\"widget\" data-widget_type=\"text-editor.default\">\n\t\t\t\t\t\t\t\t\t<p>Ofrecemos dos opciones de demostraci\u00f3n:<\/p><ul><li><p data-path-to-node=\"5,1,1,0,0\"><b data-path-to-node=\"5,1,1,0,0\" data-index-in-node=\"0\">Cajas de muestras impresas<\/b> - de marca.<\/p><\/li><li><p data-path-to-node=\"5,1,1,1,0\"><b data-path-to-node=\"5,1,1,1,0\" data-index-in-node=\"0\">Cajas de marca blanca<\/b> - sin imprimir, listo para su revisi\u00f3n final.<\/p><\/li><\/ul><p>As\u00ed se garantiza que el ajuste y el acabado sean perfectos antes de iniciar la producci\u00f3n en serie.<\/p>\t\t\t\t\t\t\t\t<\/div>\n\t\t\t\t<\/div>\n\t\t<div class=\"elementor-element elementor-element-842cac9 e-con-full e-flex e-con e-child\" data-id=\"842cac9\" data-element_type=\"container\" data-e-type=\"container\">\n\t\t\t\t<div class=\"elementor-element elementor-element-306197e elementor-invisible elementor-widget elementor-widget-image\" data-id=\"306197e\" data-element_type=\"widget\" data-e-type=\"widget\" data-settings=\"{&quot;_animation&quot;:&quot;fadeInUp&quot;}\" data-widget_type=\"image.default\">\n\t\t\t\t\t\t\t\t\t\t\t\t\t\t\t<img loading=\"lazy\" decoding=\"async\" width=\"800\" height=\"500\" src=\"https:\/\/relish-tech.com\/wp-content\/uploads\/2026\/01\/electric-toothbrush-physical-prototyping-packaging-mockups.webp\" class=\"attachment-large size-large wp-image-2064\" alt=\"Printed sample boxes and white label mockups for physical prototyping of the electric toothbrush before mass production.\" srcset=\"https:\/\/relish-tech.com\/wp-content\/uploads\/2026\/01\/electric-toothbrush-physical-prototyping-packaging-mockups.webp 800w, https:\/\/relish-tech.com\/wp-content\/uploads\/2026\/01\/electric-toothbrush-physical-prototyping-packaging-mockups-300x188.webp 300w, https:\/\/relish-tech.com\/wp-content\/uploads\/2026\/01\/electric-toothbrush-physical-prototyping-packaging-mockups-768x480.webp 768w, https:\/\/relish-tech.com\/wp-content\/uploads\/2026\/01\/electric-toothbrush-physical-prototyping-packaging-mockups-18x12.webp 18w\" sizes=\"(max-width: 800px) 100vw, 800px\" title=\"\">\t\t\t\t\t\t\t\t\t\t\t\t\t\t\t<\/div>\n\t\t\t\t<\/div>\n\t\t\t\t\t<\/div>\n\t\t\t\t<\/div>\n\t\t<div class=\"elementor-element elementor-element-9ef487a e-flex e-con-boxed e-con e-parent\" data-id=\"9ef487a\" data-element_type=\"container\" data-e-type=\"container\" data-settings=\"{&quot;background_background&quot;:&quot;classic&quot;}\">\n\t\t\t\t\t<div class=\"e-con-inner\">\n\t\t<div class=\"elementor-element elementor-element-b37dfaa e-con-full e-flex e-con e-child\" data-id=\"b37dfaa\" data-element_type=\"container\" data-e-type=\"container\">\n\t\t\t\t<div class=\"elementor-element elementor-element-543ce6f elementor-invisible elementor-widget elementor-widget-image\" data-id=\"543ce6f\" data-element_type=\"widget\" data-e-type=\"widget\" data-settings=\"{&quot;_animation&quot;:&quot;fadeInUp&quot;}\" data-widget_type=\"image.default\">\n\t\t\t\t\t\t\t\t\t\t\t\t\t\t\t<img loading=\"lazy\" decoding=\"async\" width=\"800\" height=\"500\" src=\"https:\/\/relish-tech.com\/wp-content\/uploads\/2026\/01\/electric-toothbrush-oem-competitive-bulk-pricing-roi.webp\" class=\"attachment-large size-large wp-image-2065\" alt=\"Business partners discussing an itemized price list and competitive bulk pricing for custom electric toothbrush orders.\" srcset=\"https:\/\/relish-tech.com\/wp-content\/uploads\/2026\/01\/electric-toothbrush-oem-competitive-bulk-pricing-roi.webp 800w, https:\/\/relish-tech.com\/wp-content\/uploads\/2026\/01\/electric-toothbrush-oem-competitive-bulk-pricing-roi-300x188.webp 300w, https:\/\/relish-tech.com\/wp-content\/uploads\/2026\/01\/electric-toothbrush-oem-competitive-bulk-pricing-roi-768x480.webp 768w, https:\/\/relish-tech.com\/wp-content\/uploads\/2026\/01\/electric-toothbrush-oem-competitive-bulk-pricing-roi-18x12.webp 18w\" sizes=\"(max-width: 800px) 100vw, 800px\" title=\"\">\t\t\t\t\t\t\t\t\t\t\t\t\t\t\t<\/div>\n\t\t\t\t<\/div>\n\t\t<div class=\"elementor-element elementor-element-c4cf8e4 e-con-full e-flex e-con e-child\" data-id=\"c4cf8e4\" data-element_type=\"container\" data-e-type=\"container\">\n\t\t\t\t<div class=\"elementor-element elementor-element-cf2382b elementor-widget elementor-widget-heading\" data-id=\"cf2382b\" data-element_type=\"widget\" data-e-type=\"widget\" data-widget_type=\"heading.default\">\n\t\t\t\t\t<h3 class=\"elementor-heading-title elementor-size-default\">Paso 3: Precios competitivos por volumen<\/h3>\t\t\t\t<\/div>\n\t\t\t\t<div class=\"elementor-element elementor-element-e36475d elementor-widget elementor-widget-text-editor\" data-id=\"e36475d\" data-element_type=\"widget\" data-e-type=\"widget\" data-widget_type=\"text-editor.default\">\n\t\t\t\t\t\t\t\t\t<p>Tras la aprobaci\u00f3n del prototipo, le proporcionamos una lista de precios detallada y adaptada a su volumen. Tambi\u00e9n ofrecemos consejos para ahorrar costes en materiales y MOQ para ayudarle a maximizar su ROI.<\/p>\t\t\t\t\t\t\t\t<\/div>\n\t\t\t\t<\/div>\n\t\t\t\t\t<\/div>\n\t\t\t\t<\/div>\n\t\t<div class=\"elementor-element elementor-element-4d34177 e-flex e-con-boxed e-con e-parent\" data-id=\"4d34177\" data-element_type=\"container\" data-e-type=\"container\" data-settings=\"{&quot;background_background&quot;:&quot;classic&quot;}\">\n\t\t\t\t\t<div class=\"e-con-inner\">\n\t\t<div class=\"elementor-element elementor-element-9940b1c e-con-full e-flex e-con e-child\" data-id=\"9940b1c\" data-element_type=\"container\" data-e-type=\"container\">\n\t\t\t\t<div class=\"elementor-element elementor-element-e185046 elementor-widget elementor-widget-heading\" data-id=\"e185046\" data-element_type=\"widget\" data-e-type=\"widget\" data-widget_type=\"heading.default\">\n\t\t\t\t\t<h3 class=\"elementor-heading-title elementor-size-default\">Paso 4: Montaje completo y log\u00edstica global<\/h3>\t\t\t\t<\/div>\n\t\t\t\t<div class=\"elementor-element elementor-element-5311b65 elementor-widget elementor-widget-text-editor\" data-id=\"5311b65\" data-element_type=\"widget\" data-e-type=\"widget\" data-widget_type=\"text-editor.default\">\n\t\t\t\t\t\t\t\t\t<p>Montamos los productos en su embalaje personalizado en nuestras instalaciones con certificaci\u00f3n ISO para garantizar una calidad \u201clista para la venta\u201d. Cada env\u00edo se embala de forma segura y se env\u00eda a todo el mundo con cobertura de seguro total.<\/p><p>Obtendr\u00e1 una presentaci\u00f3n de primera calidad, garantizada.<\/p>\t\t\t\t\t\t\t\t<\/div>\n\t\t\t\t<\/div>\n\t\t<div class=\"elementor-element elementor-element-7ed6a14 e-con-full e-flex e-con e-child\" data-id=\"7ed6a14\" data-element_type=\"container\" data-e-type=\"container\">\n\t\t\t\t<div class=\"elementor-element elementor-element-658c7d2 elementor-invisible elementor-widget elementor-widget-image\" data-id=\"658c7d2\" data-element_type=\"widget\" data-e-type=\"widget\" data-settings=\"{&quot;_animation&quot;:&quot;fadeInUp&quot;}\" data-widget_type=\"image.default\">\n\t\t\t\t\t\t\t\t\t\t\t\t\t\t\t<img loading=\"lazy\" decoding=\"async\" width=\"800\" height=\"500\" src=\"https:\/\/relish-tech.com\/wp-content\/uploads\/2026\/01\/electric-toothbrush-full-assembly-global-logistics.webp\" class=\"attachment-large size-large wp-image-2066\" alt=\"Automated robotic arm assembling electric toothbrushes into retail-ready packaging on an ISO-certified factory conveyor belt.\" srcset=\"https:\/\/relish-tech.com\/wp-content\/uploads\/2026\/01\/electric-toothbrush-full-assembly-global-logistics.webp 800w, https:\/\/relish-tech.com\/wp-content\/uploads\/2026\/01\/electric-toothbrush-full-assembly-global-logistics-300x188.webp 300w, https:\/\/relish-tech.com\/wp-content\/uploads\/2026\/01\/electric-toothbrush-full-assembly-global-logistics-768x480.webp 768w, https:\/\/relish-tech.com\/wp-content\/uploads\/2026\/01\/electric-toothbrush-full-assembly-global-logistics-18x12.webp 18w\" sizes=\"(max-width: 800px) 100vw, 800px\" title=\"\">\t\t\t\t\t\t\t\t\t\t\t\t\t\t\t<\/div>\n\t\t\t\t<\/div>\n\t\t\t\t\t<\/div>\n\t\t\t\t<\/div>\n\t\t<div class=\"elementor-element elementor-element-57d04bf e-flex e-con-boxed e-con e-parent\" data-id=\"57d04bf\" data-element_type=\"container\" data-e-type=\"container\">\n\t\t\t\t\t<div class=\"e-con-inner\">\n\t\t<div class=\"elementor-element elementor-element-f086e5c e-con-full e-flex e-con e-child\" data-id=\"f086e5c\" data-element_type=\"container\" data-e-type=\"container\">\n\t\t\t\t<div class=\"elementor-element elementor-element-72b88c3 elementor-invisible elementor-widget elementor-widget-image\" data-id=\"72b88c3\" data-element_type=\"widget\" data-e-type=\"widget\" data-settings=\"{&quot;_animation&quot;:&quot;fadeInUp&quot;}\" data-widget_type=\"image.default\">\n\t\t\t\t\t\t\t\t\t\t\t\t\t\t\t<img loading=\"lazy\" decoding=\"async\" width=\"704\" height=\"384\" src=\"https:\/\/relish-tech.com\/wp-content\/uploads\/2026\/03\/eco-conscious-electric-toothbrush-packaging-fsc-certified.webp\" class=\"attachment-full size-full wp-image-2595\" alt=\"Sustainable electric toothbrush packaging setup featuring FSC-certified materials, soy-based inks, and plastic-free paper inserts, loaded by robotic arms.\" srcset=\"https:\/\/relish-tech.com\/wp-content\/uploads\/2026\/03\/eco-conscious-electric-toothbrush-packaging-fsc-certified.webp 704w, https:\/\/relish-tech.com\/wp-content\/uploads\/2026\/03\/eco-conscious-electric-toothbrush-packaging-fsc-certified-300x164.webp 300w, https:\/\/relish-tech.com\/wp-content\/uploads\/2026\/03\/eco-conscious-electric-toothbrush-packaging-fsc-certified-18x10.webp 18w\" sizes=\"(max-width: 704px) 100vw, 704px\" title=\"\">\t\t\t\t\t\t\t\t\t\t\t\t\t\t\t<\/div>\n\t\t\t\t<\/div>\n\t\t<div class=\"elementor-element elementor-element-8475fc9 e-con-full e-flex e-con e-child\" data-id=\"8475fc9\" data-element_type=\"container\" data-e-type=\"container\">\n\t\t\t\t<div class=\"elementor-element elementor-element-f3c0eb0 elementor-widget elementor-widget-heading\" data-id=\"f3c0eb0\" data-element_type=\"widget\" data-e-type=\"widget\" data-widget_type=\"heading.default\">\n\t\t\t\t\t<h3 class=\"elementor-heading-title elementor-size-default\">Innovaci\u00f3n sostenible y ecoconformidad<\/h3>\t\t\t\t<\/div>\n\t\t\t\t<div class=\"elementor-element elementor-element-c5bcf7b elementor-widget elementor-widget-text-editor\" data-id=\"c5bcf7b\" data-element_type=\"widget\" data-e-type=\"widget\" data-widget_type=\"text-editor.default\">\n\t\t\t\t\t\t\t\t\t<p>Proporcionamos envases respetuosos con el medio ambiente utilizando <b data-path-to-node=\"2\" data-index-in-node=\"45\">Materiales con certificaci\u00f3n FSC, tintas a base de soja e inserciones de papel sin pl\u00e1stico<\/b> para cumplir las normas mundiales de sostenibilidad. Nuestro equipo integra soluciones biodegradables y reciclables en su dise\u00f1o para garantizar un <b data-path-to-node=\"2\" data-index-in-node=\"247\">unboxing respetuoso con el medio ambiente<\/b> sin renunciar a la m\u00e1xima calidad.<\/p>\t\t\t\t\t\t\t\t<\/div>\n\t\t\t\t<\/div>\n\t\t\t\t\t<\/div>\n\t\t\t\t<\/div>\n\t\t<div class=\"elementor-element elementor-element-3be7dce e-flex e-con-boxed e-con e-parent\" data-id=\"3be7dce\" data-element_type=\"container\" data-e-type=\"container\">\n\t\t\t\t\t<div class=\"e-con-inner\">\n\t\t\t\t<div class=\"elementor-element elementor-element-844888a elementor-widget elementor-widget-heading\" data-id=\"844888a\" data-element_type=\"widget\" data-e-type=\"widget\" data-widget_type=\"heading.default\">\n\t\t\t\t\t<h3 class=\"elementor-heading-title elementor-size-default\">\u00bfListo para ver el logotipo de su marca en nuestras cajas premium?<\/h3>\t\t\t\t<\/div>\n\t\t\t\t<div class=\"elementor-element elementor-element-6daf47e elementor-widget elementor-widget-text-editor\" data-id=\"6daf47e\" data-element_type=\"widget\" data-e-type=\"widget\" data-widget_type=\"text-editor.default\">\n\t\t\t\t\t\t\t\t\t<p style=\"text-align: center;\">Obtenga un presupuesto de envasado instant\u00e1neo o solicite una maqueta digital gratuita hoy mismo.<\/p>\t\t\t\t\t\t\t\t<\/div>\n\t\t\t\t<div class=\"elementor-element elementor-element-2eccde4 elementor-align-center elementor-widget elementor-widget-button\" data-id=\"2eccde4\" data-element_type=\"widget\" data-e-type=\"widget\" data-widget_type=\"button.default\">\n\t\t\t\t\t\t\t\t\t\t<a class=\"elementor-button elementor-button-link elementor-size-sm\" href=\"\/es\/pongase-en-contacto-con\/\">\n\t\t\t\t\t\t<span class=\"elementor-button-content-wrapper\">\n\t\t\t\t\t\t\t\t\t<span class=\"elementor-button-text\">Solicite una maqueta de embalaje<\/span>\n\t\t\t\t\t<\/span>\n\t\t\t\t\t<\/a>\n\t\t\t\t\t\t\t\t<\/div>\n\t\t\t\t\t<\/div>\n\t\t\t\t<\/div>\n\t\t\t\t<\/div>","protected":false},"excerpt":{"rendered":"<p>Retail-Ready Custom Packaging: Elevate Your Brand Presence From eco-friendly kraft boxes to premium magnetic retail displays, we provide end-to-end packaging [&hellip;]<\/p>\n","protected":false},"author":1,"featured_media":0,"parent":0,"menu_order":0,"comment_status":"closed","ping_status":"closed","template":"","meta":{"footnotes":""},"class_list":["post-1581","page","type-page","status-publish","hentry"],"blocksy_meta":{"has_hero_section":"disabled","vertical_spacing_source":"custom","content_area_spacing":"none","styles_descriptor":{"styles":{"desktop":"","tablet":"","mobile":""},"google_fonts":[],"version":6}},"_links":{"self":[{"href":"https:\/\/relish-tech.com\/es\/wp-json\/wp\/v2\/pages\/1581","targetHints":{"allow":["GET"]}}],"collection":[{"href":"https:\/\/relish-tech.com\/es\/wp-json\/wp\/v2\/pages"}],"about":[{"href":"https:\/\/relish-tech.com\/es\/wp-json\/wp\/v2\/types\/page"}],"author":[{"embeddable":true,"href":"https:\/\/relish-tech.com\/es\/wp-json\/wp\/v2\/users\/1"}],"replies":[{"embeddable":true,"href":"https:\/\/relish-tech.com\/es\/wp-json\/wp\/v2\/comments?post=1581"}],"version-history":[{"count":34,"href":"https:\/\/relish-tech.com\/es\/wp-json\/wp\/v2\/pages\/1581\/revisions"}],"predecessor-version":[{"id":3929,"href":"https:\/\/relish-tech.com\/es\/wp-json\/wp\/v2\/pages\/1581\/revisions\/3929"}],"wp:attachment":[{"href":"https:\/\/relish-tech.com\/es\/wp-json\/wp\/v2\/media?parent=1581"}],"curies":[{"name":"wp","href":"https:\/\/api.w.org\/{rel}","templated":true}]}}