{"id":2792,"date":"2026-03-07T02:36:03","date_gmt":"2026-03-07T02:36:03","guid":{"rendered":"https:\/\/relish.quhenet.com\/?page_id=2792"},"modified":"2026-03-16T03:03:08","modified_gmt":"2026-03-16T03:03:08","slug":"zahnarztliche-einweg-kits","status":"publish","type":"page","link":"https:\/\/relish-tech.com\/de\/disposable-dental-kits\/","title":{"rendered":"Hotel-Zahnarztsets\/zahn\u00e4rztliches Verbrauchsmaterial"},"content":{"rendered":"<div data-elementor-type=\"wp-page\" data-elementor-id=\"2792\" class=\"elementor elementor-2792\" data-elementor-post-type=\"page\">\n\t\t\t\t<div class=\"elementor-element elementor-element-ebb1754 e-flex e-con-boxed e-con e-parent\" data-id=\"ebb1754\" data-element_type=\"container\" data-e-type=\"container\">\n\t\t\t\t\t<div class=\"e-con-inner\">\n\t\t<div class=\"elementor-element elementor-element-6c98fb96 e-con-full e-flex e-con e-child\" data-id=\"6c98fb96\" data-element_type=\"container\" data-e-type=\"container\">\n\t\t\t\t<div class=\"elementor-element elementor-element-513432a0 elementor-widget elementor-widget-heading\" data-id=\"513432a0\" data-element_type=\"widget\" data-e-type=\"widget\" data-widget_type=\"heading.default\">\n\t\t\t\t\t<h2 class=\"elementor-heading-title elementor-size-default\">Hotel Dental Kits &amp; Mundpflegeartikel<\/h2>\t\t\t\t<\/div>\n\t\t\t\t<div class=\"elementor-element elementor-element-39d6aa32 elementor-widget elementor-widget-text-editor\" data-id=\"39d6aa32\" data-element_type=\"widget\" data-e-type=\"widget\" data-widget_type=\"text-editor.default\">\n\t\t\t\t\t\t\t\t\t<p>Premium-Mundpflegesets mit Eigenmarke - kuratiert f\u00fcr die Gastfreundschaft, Ihre Marke.<\/p><p>W\u00e4hlen Sie aus umweltfreundlichen Optionen: Zahnb\u00fcrsten aus Bambus, Zahnstocher aus Biokunststoff, fluoridhaltige Zahnpastatabletten und Zahnseide - alles fein s\u00e4uberlich verpackt in recycelbaren oder kompostierbaren Verpackungen.<\/p><p>FDA-, CE- und ISO 13485-zertifiziert<\/p><p>\u2705 Nachhaltige Materialien (FSC, PLA, RPET)<\/p><p>\u2705 Vollst\u00e4ndige Individualisierung: Inhalt, Design, Logo, Verpackungsformat<\/p><p>\u2705 Niedrige Mindestbestellmengen, schnelle Produktion - ideal f\u00fcr Hotels, Fluggesellschaften, Spas und Firmengeschenke<\/p>\t\t\t\t\t\t\t\t<\/div>\n\t\t\t\t<div class=\"elementor-element elementor-element-55a29daa elementor-widget elementor-widget-button\" data-id=\"55a29daa\" data-element_type=\"widget\" data-e-type=\"widget\" data-widget_type=\"button.default\">\n\t\t\t\t\t\t\t\t\t\t<a class=\"elementor-button elementor-button-link elementor-size-sm\" href=\"\/de\/kontakt\/\">\n\t\t\t\t\t\t<span class=\"elementor-button-content-wrapper\">\n\t\t\t\t\t\t\t\t\t<span class=\"elementor-button-text\">Sprechen Sie \u00fcber mein Projekt<\/span>\n\t\t\t\t\t<\/span>\n\t\t\t\t\t<\/a>\n\t\t\t\t\t\t\t\t<\/div>\n\t\t\t\t<\/div>\n\t\t<div class=\"elementor-element elementor-element-5790a287 e-con-full e-flex e-con e-child\" data-id=\"5790a287\" data-element_type=\"container\" data-e-type=\"container\">\n\t\t\t\t<div class=\"elementor-element elementor-element-73abc91 elementor-widget elementor-widget-image\" data-id=\"73abc91\" data-element_type=\"widget\" data-e-type=\"widget\" data-widget_type=\"image.default\">\n\t\t\t\t\t\t\t\t\t\t\t\t\t\t\t<img decoding=\"async\" src=\"https:\/\/relish-tech.com\/wp-content\/uploads\/elementor\/thumbs\/Disposable-oral-hygiene-product-manufacturer-rkfgal8lpfypz05i1u9fjzgg330fl41juklcmfi168.jpg\" title=\"Hersteller von Einweg-Mundhygiene-Produkten\" alt=\"Hersteller von Einweg-Mundhygiene-Produkten\" loading=\"lazy\" \/>\t\t\t\t\t\t\t\t\t\t\t\t\t\t\t<\/div>\n\t\t\t\t<\/div>\n\t\t\t\t\t<\/div>\n\t\t\t\t<\/div>\n\t\t<div class=\"elementor-element elementor-element-77bf71ee e-flex e-con-boxed e-con e-parent\" data-id=\"77bf71ee\" data-element_type=\"container\" data-e-type=\"container\" data-settings=\"{&quot;background_background&quot;:&quot;gradient&quot;}\">\n\t\t\t\t\t<div class=\"e-con-inner\">\n\t\t\t\t<div class=\"elementor-element elementor-element-d1a9eb9 elementor-widget elementor-widget-heading\" data-id=\"d1a9eb9\" data-element_type=\"widget\" data-e-type=\"widget\" data-widget_type=\"heading.default\">\n\t\t\t\t\t<h2 class=\"elementor-heading-title elementor-size-default\">Nachhaltiger und praktischer Hotel-Zahnarztzubeh\u00f6r<\/h2>\t\t\t\t<\/div>\n\t\t\t\t<div class=\"elementor-element elementor-element-76ee3d2e elementor-widget elementor-widget-text-editor\" data-id=\"76ee3d2e\" data-element_type=\"widget\" data-e-type=\"widget\" data-widget_type=\"text-editor.default\">\n\t\t\t\t\t\t\t\t\t<ul><li>Wir liefern umweltfreundliche, qualitativ hochwertige Mundpflegeprodukte, die das Erlebnis der G\u00e4ste in den Zimmern verbessern. Unsere 100%-Zahnb\u00fcrsten aus nat\u00fcrlichem Bambus, biologisch abbaubare Zahnseide und Zahnpasta-\/Mundsp\u00fclungspackungen in Reisegr\u00f6\u00dfe sind auf Nachhaltigkeit und Bequemlichkeit ausgelegt - perfekt f\u00fcr Hotels, Resorts und Premium-Gastronomiemarken.<\/li><li>Alles ist vollst\u00e4ndig mit Ihrem Logo anpassbar, vom Produktdesign bis zur recycelbaren Verpackung. Kleine Gr\u00f6\u00dfen, saubere Oberfl\u00e4chen und ein auf die Marke abgestimmtes Branding sorgen f\u00fcr einen nahtlosen, professionellen Touch - ohne Kompromisse bei Hygiene oder Stil.<\/li><\/ul>\t\t\t\t\t\t\t\t<\/div>\n\t\t\t\t<div class=\"elementor-element elementor-element-6243e156 elementor-widget elementor-widget-heading\" data-id=\"6243e156\" data-element_type=\"widget\" data-e-type=\"widget\" data-widget_type=\"heading.default\">\n\t\t\t\t\t<h2 class=\"elementor-heading-title elementor-size-default\">Einweg-Mundpflegeprodukte f\u00fcr Hotels<\/h2>\t\t\t\t<\/div>\n\t\t\t\t<div class=\"elementor-element elementor-element-7a91d35a elementor-widget elementor-widget-text-editor\" data-id=\"7a91d35a\" data-element_type=\"widget\" data-e-type=\"widget\" data-widget_type=\"text-editor.default\">\n\t\t\t\t\t\t\t\t\t<p>Umweltfreundliche Mundpflege-Eigenmarkenl\u00f6sungen f\u00fcr das Gastgewerbe<br \/>Wir haben uns auf nachhaltige, auf den Gast zugeschnittene Mundpflegeprodukte f\u00fcr Hotels spezialisiert, die Komfort mit umweltbewusstem Design verbinden, um den Aufenthalt Ihrer G\u00e4ste zu verbessern.<\/p>\t\t\t\t\t\t\t\t<\/div>\n\t\t<div class=\"elementor-element elementor-element-5d81f412 e-grid e-con-full e-con e-child\" data-id=\"5d81f412\" data-element_type=\"container\" data-e-type=\"container\">\n\t\t\t\t<div class=\"elementor-element elementor-element-77342655 elementor-position-top elementor-widget elementor-widget-image-box\" data-id=\"77342655\" data-element_type=\"widget\" data-e-type=\"widget\" data-widget_type=\"image-box.default\">\n\t\t\t\t\t<div class=\"elementor-image-box-wrapper\"><figure class=\"elementor-image-box-img\"><img fetchpriority=\"high\" decoding=\"async\" width=\"800\" height=\"550\" src=\"https:\/\/relish-tech.com\/wp-content\/uploads\/2026\/01\/Customized-disposable-toothbrushes.jpg\" class=\"attachment-full size-full wp-image-1988\" alt=\"\" title=\"\" srcset=\"https:\/\/relish-tech.com\/wp-content\/uploads\/2026\/01\/Customized-disposable-toothbrushes.jpg 800w, https:\/\/relish-tech.com\/wp-content\/uploads\/2026\/01\/Customized-disposable-toothbrushes-300x206.jpg 300w, https:\/\/relish-tech.com\/wp-content\/uploads\/2026\/01\/Customized-disposable-toothbrushes-768x528.jpg 768w\" sizes=\"(max-width: 800px) 100vw, 800px\" \/><\/figure><div class=\"elementor-image-box-content\"><h3 class=\"elementor-image-box-title\">Hotel-Bambus-Zahnb\u00fcrste<\/h3><p class=\"elementor-image-box-description\">100% nat\u00fcrliche, biologisch abbaubare Bambuszahnb\u00fcrsten in umweltfreundlichen Kraftkartons oder Papiert\u00fcten - weiche Borsten, kein Plastikm\u00fcll.<\/p><\/div><\/div>\t\t\t\t<\/div>\n\t\t\t\t<div class=\"elementor-element elementor-element-64ef07ec elementor-position-top elementor-widget elementor-widget-image-box\" data-id=\"64ef07ec\" data-element_type=\"widget\" data-e-type=\"widget\" data-widget_type=\"image-box.default\">\n\t\t\t\t\t<div class=\"elementor-image-box-wrapper\"><figure class=\"elementor-image-box-img\"><img decoding=\"async\" width=\"800\" height=\"550\" src=\"https:\/\/relish-tech.com\/wp-content\/uploads\/2026\/01\/Customized-mouthwash.jpg\" class=\"attachment-full size-full wp-image-1987\" alt=\"\" title=\"\" srcset=\"https:\/\/relish-tech.com\/wp-content\/uploads\/2026\/01\/Customized-mouthwash.jpg 800w, https:\/\/relish-tech.com\/wp-content\/uploads\/2026\/01\/Customized-mouthwash-300x206.jpg 300w, https:\/\/relish-tech.com\/wp-content\/uploads\/2026\/01\/Customized-mouthwash-768x528.jpg 768w\" sizes=\"(max-width: 800px) 100vw, 800px\" \/><\/figure><div class=\"elementor-image-box-content\"><h3 class=\"elementor-image-box-title\">Hotel-Mundsp\u00fclungs-Paket<\/h3><p class=\"elementor-image-box-description\">Auslaufsichere Einwegpakete in elegantem Design - ersetzt sperrige Flaschen durch eine nachhaltige, umweltfreundliche L\u00f6sung.<\/p><\/div><\/div>\t\t\t\t<\/div>\n\t\t\t\t<div class=\"elementor-element elementor-element-6eb7b638 elementor-position-top elementor-widget elementor-widget-image-box\" data-id=\"6eb7b638\" data-element_type=\"widget\" data-e-type=\"widget\" data-widget_type=\"image-box.default\">\n\t\t\t\t\t<div class=\"elementor-image-box-wrapper\"><figure class=\"elementor-image-box-img\"><img decoding=\"async\" width=\"800\" height=\"550\" src=\"https:\/\/relish-tech.com\/wp-content\/uploads\/2026\/01\/Customized-disposable-toothpaste.jpg\" class=\"attachment-full size-full wp-image-1986\" alt=\"\" title=\"\" srcset=\"https:\/\/relish-tech.com\/wp-content\/uploads\/2026\/01\/Customized-disposable-toothpaste.jpg 800w, https:\/\/relish-tech.com\/wp-content\/uploads\/2026\/01\/Customized-disposable-toothpaste-300x206.jpg 300w, https:\/\/relish-tech.com\/wp-content\/uploads\/2026\/01\/Customized-disposable-toothpaste-768x528.jpg 768w\" sizes=\"(max-width: 800px) 100vw, 800px\" \/><\/figure><div class=\"elementor-image-box-content\"><h3 class=\"elementor-image-box-title\">Hotel Mini-Zahnpasta<\/h3><p class=\"elementor-image-box-description\">Zahnpastatuben in Reisegr\u00f6\u00dfe aus recycelbaren Materialien - sauber, hygienisch und perfekt f\u00fcr den Komfort der G\u00e4ste.<\/p><\/div><\/div>\t\t\t\t<\/div>\n\t\t\t\t<\/div>\n\t\t\t\t\t<\/div>\n\t\t\t\t<\/div>\n\t\t<div class=\"elementor-element elementor-element-470413d e-con-full e-flex e-con e-parent\" data-id=\"470413d\" data-element_type=\"container\" data-e-type=\"container\" data-settings=\"{&quot;background_background&quot;:&quot;classic&quot;}\">\n\t\t\t\t<div class=\"elementor-element elementor-element-549b6ebe elementor-widget elementor-widget-heading\" data-id=\"549b6ebe\" data-element_type=\"widget\" data-e-type=\"widget\" data-widget_type=\"heading.default\">\n\t\t\t\t\t<h2 class=\"elementor-heading-title elementor-size-default\">Vertrauensw\u00fcrdige Marken f\u00fcr die Mundgesundheit<\/h2>\t\t\t\t<\/div>\n\t\t\t\t<div class=\"elementor-element elementor-element-1a7185f elementor-widget elementor-widget-html\" data-id=\"1a7185f\" data-element_type=\"widget\" data-e-type=\"widget\" data-widget_type=\"html.default\">\n\t\t\t\t\t<style>\r\n\/* \u96b1\u85cf\u8d85\u51fa\u8996\u7a97\u7684\u90e8\u5206\uff0c\u78ba\u4fdd\u5168\u5bec *\/\r\n.logo-scroll-wrapper {\r\n    width: 100vw; \/* \u5f37\u5236\u5168\u87a2\u5e55\u5bec\u5ea6 *\/\r\n    max-width: 100%; \/* \u907f\u514d\u51fa\u73fe\u6c34\u5e73\u6efe\u52d5\u689d *\/\r\n    overflow: hidden; \r\n    margin: 2rem 0; \r\n    position: relative;\r\n    box-sizing: border-box;\r\n}\r\n\r\n.logo-scroll-track {\r\n    display: flex;\r\n    width: max-content; \/* \u95dc\u9375\u4fee\u6539\uff1a\u8b93\u8ecc\u9053\u5bec\u5ea6\u6839\u64da\u5716\u7247\u6578\u91cf\u81ea\u52d5\u5ef6\u4f38 *\/\r\n    \/* \u52d5\u756b\uff1a20\u79d2\u5b8c\u6210\u4e00\u6b21\u5faa\u74b0\uff0c\u53ef\u6839\u64da\u9700\u6c42\u8abf\u6574\u6642\u9593 *\/\r\n    animation: scrollContinuous 40s linear infinite;\r\n}\r\n\r\n\/* \u6ed1\u9f20\u61f8\u505c\u6642\u66ab\u505c\u6efe\u52d5 *\/\r\n.logo-scroll-wrapper:hover .logo-scroll-track {\r\n    animation-play-state: paused;\r\n}\r\n\r\n\/* \u5b9a\u7fa9\u7121\u7e2b\u6efe\u52d5\u52d5\u756b *\/\r\n@keyframes scrollContinuous {\r\n    0% {\r\n        transform: translateX(0);\r\n    }\r\n    100% {\r\n        transform: translateX(-50%); \/* \u525b\u597d\u79fb\u52d5\u7e3d\u5bec\u5ea6\u7684\u4e00\u534a *\/\r\n    }\r\n}\r\n\r\n\/* \u5716\u7247\u6a23\u5f0f *\/\r\n.logo-scroll-track img {\r\n    height: 380px; \r\n    width: auto; \r\n    object-fit: contain; \r\n    flex-shrink: 0;\r\n    display: block; \/* \u6d88\u9664\u5716\u7247\u4e0b\u65b9\u7684\u9810\u8a2d\u7a7a\u767d\u9593\u9699 *\/\r\n    pointer-events: none; \/* \u907f\u514d\u62d6\u66f3\u5716\u7247\u5f71\u97ff\u9ad4\u9a57 *\/\r\n}\r\n\r\n\/* \u97ff\u61c9\u5f0f\u8abf\u6574\uff1a\u5728\u5c0f\u87a2\u5e55\u4e0a\u964d\u4f4e\u9ad8\u5ea6 *\/\r\n@media (max-width: 768px) {\r\n    .logo-scroll-track img {\r\n        height: 150px;\r\n    }\r\n}\r\n<\/style>\r\n\r\n<div class=\"logo-scroll-wrapper\">\r\n    <div class=\"logo-scroll-track\">\r\n        <img decoding=\"async\" src=\"https:\/\/relish-tech.com\/wp-content\/uploads\/2026\/03\/relish-tech-trusted-international-retailers-logos.webp\" alt=\"partner-marken-und-einzelh\u00e4ndler-kunden\" title=\"\">\r\n        <img decoding=\"async\" src=\"https:\/\/relish-tech.com\/wp-content\/uploads\/2026\/03\/relish-tech-trusted-global-brand-partners-logos.webp\" alt=\"partner-marken-und-einzelh\u00e4ndler-kunden\" title=\"\">\r\n        \r\n        <img decoding=\"async\" src=\"https:\/\/relish-tech.com\/wp-content\/uploads\/2026\/03\/relish-tech-trusted-international-retailers-logos.webp\" alt=\"partner-marken-und-einzelh\u00e4ndler-kunden\" title=\"\">\r\n       \r\n    <\/div>\r\n<\/div>\t\t\t\t<\/div>\n\t\t\t\t<\/div>\n\t\t<div class=\"elementor-element elementor-element-3bd1240c e-flex e-con-boxed e-con e-parent\" data-id=\"3bd1240c\" data-element_type=\"container\" data-e-type=\"container\">\n\t\t\t\t\t<div class=\"e-con-inner\">\n\t\t\t\t<div class=\"elementor-element elementor-element-183808cc elementor-widget elementor-widget-heading\" data-id=\"183808cc\" data-element_type=\"widget\" data-e-type=\"widget\" data-widget_type=\"heading.default\">\n\t\t\t\t\t<h2 class=\"elementor-heading-title elementor-size-default\">Einwegartikel f\u00fcr die Mundpflege<\/h2>\t\t\t\t<\/div>\n\t\t\t\t<div class=\"elementor-element elementor-element-162426fe elementor-widget elementor-widget-text-editor\" data-id=\"162426fe\" data-element_type=\"widget\" data-e-type=\"widget\" data-widget_type=\"text-editor.default\">\n\t\t\t\t\t\t\t\t\t<p>Umweltfreundliche, hygienische und markentaugliche Annehmlichkeiten f\u00fcr Hotels und Reisende.<\/p><p><strong>Hotel Einwegzahnb\u00fcrsten aus Bambus<\/strong><\/p><p>Hergestellt aus hochwertigem, biologisch abbaubarem Bambus - FSC-zertifiziert und auf antibakterielle Wirkung getestet. Best\u00e4ndig gegen Schimmel in feuchten Umgebungen.<\/p><ul><li>Verpackung: Papiers\u00e4cke, Papierschachteln, OPP-S\u00e4cke<\/li><li>Logo: individuelle Gravur auf dem Griff<\/li><\/ul><p><strong>Hotel-Mundsp\u00fclungspakete<\/strong><\/p><p>Auslaufsichere Einwegpackungen mit erfrischendem Minzgeschmack. Entwickelt f\u00fcr Hygiene und Komfort.<\/p><ul><li>Verpackung: Papiert\u00fcten, Plastikflaschen<\/li><li>Logo: gedrucktes Branding auf der Tasche<\/li><\/ul><p><strong>Hotel-Einwegzahnpasta<\/strong><\/p><p>Kompakte, reisefreundliche Tuben mit sanften Formeln, die f\u00fcr empfindliche Z\u00e4hne geeignet sind. Anpassbare Geschmacksrichtungen und Verpackungen.<\/p><ul><li>Verpackung: Plastikschl\u00e4uche, Papiert\u00fcten<\/li><li>Logo: Drucken Sie Ihr Branding auf die Verpackung<\/li><\/ul>\t\t\t\t\t\t\t\t<\/div>\n\t\t\t\t\t<\/div>\n\t\t\t\t<\/div>\n\t\t<div class=\"elementor-element elementor-element-2e27bcb9 e-flex e-con-boxed e-con e-parent\" data-id=\"2e27bcb9\" data-element_type=\"container\" data-e-type=\"container\">\n\t\t\t\t\t<div class=\"e-con-inner\">\n\t\t\t\t<div class=\"elementor-element elementor-element-4b8ec1ec elementor-widget elementor-widget-heading\" data-id=\"4b8ec1ec\" data-element_type=\"widget\" data-e-type=\"widget\" data-widget_type=\"heading.default\">\n\t\t\t\t\t<h2 class=\"elementor-heading-title elementor-size-default\">Warum Relish die #1-Wahl f\u00fcr zahnmedizinische Kits und orale Verbrauchsmaterialien f\u00fcr Hotels ist<\/h2>\t\t\t\t<\/div>\n\t\t\t\t<div class=\"elementor-element elementor-element-2742082d elementor-widget elementor-widget-text-editor\" data-id=\"2742082d\" data-element_type=\"widget\" data-e-type=\"widget\" data-widget_type=\"text-editor.default\">\n\t\t\t\t\t\t\t\t\t<p>Weltweit f\u00fchrend im Bereich OEM\/ODM<\/p>\t\t\t\t\t\t\t\t<\/div>\n\t\t\t\t<div class=\"elementor-element elementor-element-53bb2f7c elementor-widget elementor-widget-text-editor\" data-id=\"53bb2f7c\" data-element_type=\"widget\" data-e-type=\"widget\" data-widget_type=\"text-editor.default\">\n\t\t\t\t\t\t\t\t\t<ul><li>Luxushotels, Fluggesellschaften, Spas und Eigenmarken auf der ganzen Welt vertrauen auf die hochwertigen, umweltbewussten Mundpflegeprodukte.<\/li><li>Die auf Lager befindlichen Kits sind vollst\u00e4ndig gebrandet und werden in nur 7 Arbeitstagen versandt - die Produktion l\u00e4uft 365 Tage im Jahr, um dringende Anfragen von Gastst\u00e4tten zu erf\u00fcllen.<\/li><li>Hergestellt aus nachhaltigen Materialien: Zahnb\u00fcrsten aus FSC-zertifiziertem Bambus, biologisch abbaubare Zahnseide, recycelbare Zahnpastatuben und Mundsp\u00fclungen auf Pflanzenbasis.<\/li><li>Vollst\u00e4ndig konform mit FDA-, CE-, ISO 13485- und RoHS-Normen - f\u00fcr Sicherheit, Hygiene und einen reibungslosen Eintritt in die globalen M\u00e4rkte.<\/li><li>Durchdachtes Design f\u00fcr den Gast: auslaufsichere Mundsp\u00fclungspackungen, schimmelresistente Bambusgriffe und sanfte, reisefreundliche Formeln.<\/li><li>End-to-End-Verpackungsanpassung - von Kraftpapierverpackungen und kompostierbaren Beuteln bis hin zu Markenschachteln - mit hausinternem Design f\u00fcr eine konsistente, gehobene Markenpr\u00e4sentation.<\/li><\/ul>\t\t\t\t\t\t\t\t<\/div>\n\t\t\t\t\t<\/div>\n\t\t\t\t<\/div>\n\t\t<div class=\"elementor-element elementor-element-4e35aa45 e-con-full e-flex e-con e-parent\" data-id=\"4e35aa45\" data-element_type=\"container\" data-e-type=\"container\" data-settings=\"{&quot;background_background&quot;:&quot;classic&quot;}\">\n\t\t\t\t<div class=\"elementor-element elementor-element-656384e0 elementor-widget elementor-widget-heading\" data-id=\"656384e0\" data-element_type=\"widget\" data-e-type=\"widget\" data-widget_type=\"heading.default\">\n\t\t\t\t\t<h2 class=\"elementor-heading-title elementor-size-default\">Seien Sie Ihre vertrauensw\u00fcrdige Fabrik mit Zertifikaten<\/h2>\t\t\t\t<\/div>\n\t\t\t\t<div class=\"elementor-element elementor-element-37d3fb2d elementor-widget elementor-widget-html\" data-id=\"37d3fb2d\" data-element_type=\"widget\" data-e-type=\"widget\" data-widget_type=\"html.default\">\n\t\t\t\t\t<style>\r\n\/* \u96b1\u85cf\u8d85\u51fa\u8996\u7a97\u7684\u90e8\u5206\uff0c\u78ba\u4fdd\u5168\u5bec *\/\r\n.logo-scroll-wrapper {\r\n    width: 100vw; \/* \u5f37\u5236\u5168\u87a2\u5e55\u5bec\u5ea6 *\/\r\n    max-width: 100%; \/* \u907f\u514d\u51fa\u73fe\u6c34\u5e73\u6efe\u52d5\u689d *\/\r\n    overflow: hidden; \r\n    margin: 2rem 0; \r\n    position: relative;\r\n    box-sizing: border-box;\r\n}\r\n\r\n.logo-scroll-track {\r\n    display: flex;\r\n    width: max-content; \/* \u95dc\u9375\u4fee\u6539\uff1a\u8b93\u8ecc\u9053\u5bec\u5ea6\u6839\u64da\u5716\u7247\u6578\u91cf\u81ea\u52d5\u5ef6\u4f38 *\/\r\n    \/* \u52d5\u756b\uff1a20\u79d2\u5b8c\u6210\u4e00\u6b21\u5faa\u74b0\uff0c\u53ef\u6839\u64da\u9700\u6c42\u8abf\u6574\u6642\u9593 *\/\r\n    animation: scrollContinuous 40s linear infinite;\r\n}\r\n\r\n\/* \u6ed1\u9f20\u61f8\u505c\u6642\u66ab\u505c\u6efe\u52d5 *\/\r\n.logo-scroll-wrapper:hover .logo-scroll-track {\r\n    animation-play-state: paused;\r\n}\r\n\r\n\/* \u5b9a\u7fa9\u7121\u7e2b\u6efe\u52d5\u52d5\u756b *\/\r\n@keyframes scrollContinuous {\r\n    0% {\r\n        transform: translateX(0);\r\n    }\r\n    100% {\r\n        transform: translateX(-50%); \/* \u525b\u597d\u79fb\u52d5\u7e3d\u5bec\u5ea6\u7684\u4e00\u534a *\/\r\n    }\r\n}\r\n\r\n\/* \u5716\u7247\u6a23\u5f0f *\/\r\n.logo-scroll-track img {\r\n    height: 380px; \r\n    width: auto; \r\n    object-fit: contain; \r\n    flex-shrink: 0;\r\n    display: block; \/* \u6d88\u9664\u5716\u7247\u4e0b\u65b9\u7684\u9810\u8a2d\u7a7a\u767d\u9593\u9699 *\/\r\n    pointer-events: none; \/* \u907f\u514d\u62d6\u66f3\u5716\u7247\u5f71\u97ff\u9ad4\u9a57 *\/\r\n}\r\n\r\n\/* \u97ff\u61c9\u5f0f\u8abf\u6574\uff1a\u5728\u5c0f\u87a2\u5e55\u4e0a\u964d\u4f4e\u9ad8\u5ea6 *\/\r\n@media (max-width: 768px) {\r\n    .logo-scroll-track img {\r\n        height: 150px;\r\n    }\r\n}\r\n<\/style>\r\n\r\n<div class=\"logo-scroll-wrapper\">\r\n    <div class=\"logo-scroll-track\">\r\n        <img decoding=\"async\" src=\"https:\/\/relish-tech.com\/wp-content\/uploads\/2026\/03\/factory-quality-management-certifications-iso13485-bsci.webp\" alt=\"Zertifizierungs-Zertifikat\" title=\"\">\r\n        <img decoding=\"async\" src=\"https:\/\/relish-tech.com\/wp-content\/uploads\/2026\/03\/global-market-entry-certifications-fda-ce-fcc.webp\" alt=\"Zertifizierungs-Zertifikat\" title=\"\">\r\n        \r\n        <img decoding=\"async\" src=\"https:\/\/relish-tech.com\/wp-content\/uploads\/2026\/03\/factory-quality-management-certifications-iso13485-bsci.webp\" alt=\"Zertifizierungs-Zertifikat\" title=\"\">\r\n      \r\n    <\/div>\r\n<\/div>\t\t\t\t<\/div>\n\t\t\t\t<\/div>\n\t\t<div class=\"elementor-element elementor-element-2f31f6a e-flex e-con-boxed e-con e-parent\" data-id=\"2f31f6a\" data-element_type=\"container\" data-e-type=\"container\">\n\t\t\t\t\t<div class=\"e-con-inner\">\n\t\t<div class=\"elementor-element elementor-element-34ad927b e-con-full e-flex e-con e-child\" data-id=\"34ad927b\" data-element_type=\"container\" data-e-type=\"container\">\n\t\t\t\t<div class=\"elementor-element elementor-element-f3723f1 elementor-widget elementor-widget-heading\" data-id=\"f3723f1\" data-element_type=\"widget\" data-e-type=\"widget\" data-widget_type=\"heading.default\">\n\t\t\t\t\t<div class=\"elementor-heading-title elementor-size-default\">Dienstleistungen<\/div>\t\t\t\t<\/div>\n\t\t\t\t<div class=\"elementor-element elementor-element-683552fb elementor-widget elementor-widget-heading\" data-id=\"683552fb\" data-element_type=\"widget\" data-e-type=\"widget\" data-widget_type=\"heading.default\">\n\t\t\t\t\t<h2 class=\"elementor-heading-title elementor-size-default\">Muster vor Gro\u00dfbestellung\n<\/h2>\t\t\t\t<\/div>\n\t\t\t\t<div class=\"elementor-element elementor-element-2f653432 elementor-widget elementor-widget-text-editor\" data-id=\"2f653432\" data-element_type=\"widget\" data-e-type=\"widget\" data-widget_type=\"text-editor.default\">\n\t\t\t\t\t\t\t\t\t<p>Wir bieten eine gro\u00dfe Auswahl an Mustern von Mundpflegeprodukten an, damit Sie Qualit\u00e4t, Design und Leistung aus erster Hand beurteilen k\u00f6nnen, bevor Sie sich f\u00fcr eine Gro\u00dfbestellung entscheiden.<\/p><p>Fordern Sie noch heute Ihre Muster an, um sie unter realen Bedingungen zu testen und eine sichere Beschaffungsentscheidung zu treffen.<\/p>\t\t\t\t\t\t\t\t<\/div>\n\t\t\t\t<div class=\"elementor-element elementor-element-4a8eea48 elementor-widget elementor-widget-button\" data-id=\"4a8eea48\" data-element_type=\"widget\" data-e-type=\"widget\" data-widget_type=\"button.default\">\n\t\t\t\t\t\t\t\t\t\t<a class=\"elementor-button elementor-button-link elementor-size-sm\" href=\"\/de\/kontakt\/\">\n\t\t\t\t\t\t<span class=\"elementor-button-content-wrapper\">\n\t\t\t\t\t\t\t\t\t<span class=\"elementor-button-text\">Muster anfordern<\/span>\n\t\t\t\t\t<\/span>\n\t\t\t\t\t<\/a>\n\t\t\t\t\t\t\t\t<\/div>\n\t\t\t\t<\/div>\n\t\t<div class=\"elementor-element elementor-element-66d1971b e-con-full e-flex e-con e-child\" data-id=\"66d1971b\" data-element_type=\"container\" data-e-type=\"container\">\n\t\t\t\t<div class=\"elementor-element elementor-element-2e4daa1f elementor-widget elementor-widget-image\" data-id=\"2e4daa1f\" data-element_type=\"widget\" data-e-type=\"widget\" data-widget_type=\"image.default\">\n\t\t\t\t\t\t\t\t\t\t\t\t\t\t\t<img loading=\"lazy\" decoding=\"async\" width=\"535\" height=\"403\" src=\"https:\/\/relish-tech.com\/wp-content\/uploads\/2026\/01\/Sample-application.jpg\" class=\"attachment-large size-large wp-image-1989\" alt=\"\" srcset=\"https:\/\/relish-tech.com\/wp-content\/uploads\/2026\/01\/Sample-application.jpg 535w, https:\/\/relish-tech.com\/wp-content\/uploads\/2026\/01\/Sample-application-300x226.jpg 300w\" sizes=\"(max-width: 535px) 100vw, 535px\" title=\"\">\t\t\t\t\t\t\t\t\t\t\t\t\t\t\t<\/div>\n\t\t\t\t<\/div>\n\t\t\t\t\t<\/div>\n\t\t\t\t<\/div>\n\t\t\t\t<\/div>","protected":false},"excerpt":{"rendered":"<p>Hotel Dental Kits &amp; Oral Care Supplies Premium, private-label oral care kits\u2014curated for hospitality, your brand. Choose from eco-friendly options: [&hellip;]<\/p>\n","protected":false},"author":1,"featured_media":0,"parent":0,"menu_order":0,"comment_status":"closed","ping_status":"closed","template":"","meta":{"footnotes":""},"class_list":["post-2792","page","type-page","status-publish","hentry"],"blocksy_meta":{"has_hero_section":"disabled","vertical_spacing_source":"custom","content_area_spacing":"none","styles_descriptor":{"styles":{"desktop":"","tablet":"","mobile":""},"google_fonts":[],"version":6}},"_links":{"self":[{"href":"https:\/\/relish-tech.com\/de\/wp-json\/wp\/v2\/pages\/2792","targetHints":{"allow":["GET"]}}],"collection":[{"href":"https:\/\/relish-tech.com\/de\/wp-json\/wp\/v2\/pages"}],"about":[{"href":"https:\/\/relish-tech.com\/de\/wp-json\/wp\/v2\/types\/page"}],"author":[{"embeddable":true,"href":"https:\/\/relish-tech.com\/de\/wp-json\/wp\/v2\/users\/1"}],"replies":[{"embeddable":true,"href":"https:\/\/relish-tech.com\/de\/wp-json\/wp\/v2\/comments?post=2792"}],"version-history":[{"count":10,"href":"https:\/\/relish-tech.com\/de\/wp-json\/wp\/v2\/pages\/2792\/revisions"}],"predecessor-version":[{"id":4146,"href":"https:\/\/relish-tech.com\/de\/wp-json\/wp\/v2\/pages\/2792\/revisions\/4146"}],"wp:attachment":[{"href":"https:\/\/relish-tech.com\/de\/wp-json\/wp\/v2\/media?parent=2792"}],"curies":[{"name":"wp","href":"https:\/\/api.w.org\/{rel}","templated":true}]}}