{"id":1614,"date":"2025-11-20T02:25:30","date_gmt":"2025-11-20T02:25:30","guid":{"rendered":"https:\/\/relish.quhenet.com\/?page_id=1614"},"modified":"2026-03-26T07:22:47","modified_gmt":"2026-03-26T07:22:47","slug":"herstellung","status":"publish","type":"page","link":"https:\/\/relish-tech.com\/de\/manufacturing\/","title":{"rendered":"Fertigungs- und Abf\u00fcllkapazit\u00e4ten"},"content":{"rendered":"<div data-elementor-type=\"wp-page\" data-elementor-id=\"1614\" class=\"elementor elementor-1614\" data-elementor-post-type=\"page\">\n\t\t\t\t<div class=\"elementor-element elementor-element-10aa918 e-flex e-con-boxed e-con e-parent\" data-id=\"10aa918\" data-element_type=\"container\" data-e-type=\"container\" data-settings=\"{&quot;background_background&quot;:&quot;classic&quot;}\">\n\t\t\t\t\t<div class=\"e-con-inner\">\n\t\t\t\t<div class=\"elementor-element elementor-element-ac23ce4 elementor-widget elementor-widget-heading\" data-id=\"ac23ce4\" data-element_type=\"widget\" data-e-type=\"widget\" data-widget_type=\"heading.default\">\n\t\t\t\t\t<h1 class=\"elementor-heading-title elementor-size-default\">Fortschrittliche Fertigungs- und Produktionskapazit\u00e4ten<\/h1>\t\t\t\t<\/div>\n\t\t\t\t<div class=\"elementor-element elementor-element-ead60ca elementor-widget elementor-widget-heading\" data-id=\"ead60ca\" data-element_type=\"widget\" data-e-type=\"widget\" data-widget_type=\"heading.default\">\n\t\t\t\t\t<div class=\"elementor-heading-title elementor-size-default\">Wir kombinieren Pr\u00e4zisionstechnik, skalierbare automatisierte Produktion und strenge Qualit\u00e4tskontrollen, um Ihre Mundpflegeprodukte zum Leben zu erwecken - p\u00fcnktlich, genau nach Vorgabe und bereit f\u00fcr den globalen Markt.<\/div>\t\t\t\t<\/div>\n\t\t\t\t\t<\/div>\n\t\t\t\t<\/div>\n\t\t<div class=\"elementor-element elementor-element-790a3c4 e-flex e-con-boxed e-con e-parent\" data-id=\"790a3c4\" data-element_type=\"container\" data-e-type=\"container\">\n\t\t\t\t\t<div class=\"e-con-inner\">\n\t\t\t\t<div class=\"elementor-element elementor-element-fd1042c elementor-widget elementor-widget-heading\" data-id=\"fd1042c\" data-element_type=\"widget\" data-e-type=\"widget\" data-widget_type=\"heading.default\">\n\t\t\t\t\t<h2 class=\"elementor-heading-title elementor-size-default\">Vorteile unserer Auftragsfertigung<\/h2>\t\t\t\t<\/div>\n\t\t<div class=\"elementor-element elementor-element-eb119fa e-grid e-con-full e-con e-child\" data-id=\"eb119fa\" data-element_type=\"container\" data-e-type=\"container\">\n\t\t\t\t<div class=\"elementor-element elementor-element-c421535 elementor-widget elementor-widget-image-box\" data-id=\"c421535\" data-element_type=\"widget\" data-e-type=\"widget\" data-widget_type=\"image-box.default\">\n\t\t\t\t\t<div class=\"elementor-image-box-wrapper\"><div class=\"elementor-image-box-content\"><h5 class=\"elementor-image-box-title\">Schnelle Durchlaufzeiten<\/h5><p class=\"elementor-image-box-description\">Kurze Durchlaufzeiten dank vollst\u00e4ndig interner Produktionslinien. Wir eliminieren Verz\u00f6gerungen durch Dritte und bringen Ihre Produkte schneller auf den Markt.<\/p><\/div><\/div>\t\t\t\t<\/div>\n\t\t\t\t<div class=\"elementor-element elementor-element-1659d38 elementor-widget elementor-widget-image-box\" data-id=\"1659d38\" data-element_type=\"widget\" data-e-type=\"widget\" data-widget_type=\"image-box.default\">\n\t\t\t\t\t<div class=\"elementor-image-box-wrapper\"><div class=\"elementor-image-box-content\"><h5 class=\"elementor-image-box-title\">Erhebliche Kostenreduzierung<\/h5><p class=\"elementor-image-box-description\">Nutzen Sie unsere Gr\u00f6\u00dfenvorteile. Eliminieren Sie Ihre Investitionsausgaben f\u00fcr Anlagen, Ausr\u00fcstung und Personal.<\/p><\/div><\/div>\t\t\t\t<\/div>\n\t\t\t\t<div class=\"elementor-element elementor-element-af68350 elementor-widget elementor-widget-image-box\" data-id=\"af68350\" data-element_type=\"widget\" data-e-type=\"widget\" data-widget_type=\"image-box.default\">\n\t\t\t\t\t<div class=\"elementor-image-box-wrapper\"><div class=\"elementor-image-box-content\"><h5 class=\"elementor-image-box-title\">Rationalisierte Lieferkette<\/h5><p class=\"elementor-image-box-description\">Von der Rohstoffbeschaffung bis zur Endverpackung wird alles unter einem ISO-zertifizierten Dach verwaltet, um Ihre betrieblichen Risiken zu minimieren.<\/p><\/div><\/div>\t\t\t\t<\/div>\n\t\t\t\t<\/div>\n\t\t\t\t\t<\/div>\n\t\t\t\t<\/div>\n\t\t<div class=\"elementor-element elementor-element-58e5caa e-flex e-con-boxed e-con e-parent\" data-id=\"58e5caa\" data-element_type=\"container\" data-e-type=\"container\">\n\t\t\t\t\t<div class=\"e-con-inner\">\n\t\t<div class=\"elementor-element elementor-element-0bba441 e-con-full e-flex e-con e-child\" data-id=\"0bba441\" data-element_type=\"container\" data-e-type=\"container\">\n\t\t\t\t<div class=\"elementor-element elementor-element-de438e0 elementor-invisible elementor-widget elementor-widget-image\" data-id=\"de438e0\" data-element_type=\"widget\" data-e-type=\"widget\" data-settings=\"{&quot;_animation&quot;:&quot;fadeInUp&quot;}\" data-widget_type=\"image.default\">\n\t\t\t\t\t\t\t\t\t\t\t\t\t\t\t<img fetchpriority=\"high\" decoding=\"async\" width=\"800\" height=\"550\" src=\"https:\/\/relish-tech.com\/wp-content\/uploads\/2026\/01\/iso-certified-premium-oral-care-manufacturing-facilities.webp\" class=\"attachment-large size-large wp-image-2071\" alt=\"Relish operates a 20,000-square-meter, ISO-certified electric toothbrush factory in China\" srcset=\"https:\/\/relish-tech.com\/wp-content\/uploads\/2026\/01\/iso-certified-premium-oral-care-manufacturing-facilities.webp 800w, https:\/\/relish-tech.com\/wp-content\/uploads\/2026\/01\/iso-certified-premium-oral-care-manufacturing-facilities-300x206.webp 300w, https:\/\/relish-tech.com\/wp-content\/uploads\/2026\/01\/iso-certified-premium-oral-care-manufacturing-facilities-768x528.webp 768w, https:\/\/relish-tech.com\/wp-content\/uploads\/2026\/01\/iso-certified-premium-oral-care-manufacturing-facilities-18x12.webp 18w\" sizes=\"(max-width: 800px) 100vw, 800px\" title=\"\">\t\t\t\t\t\t\t\t\t\t\t\t\t\t\t<\/div>\n\t\t\t\t<\/div>\n\t\t<div class=\"elementor-element elementor-element-dc57b31 e-con-full e-flex e-con e-child\" data-id=\"dc57b31\" data-element_type=\"container\" data-e-type=\"container\">\n\t\t\t\t<div class=\"elementor-element elementor-element-0c60185 elementor-widget elementor-widget-heading\" data-id=\"0c60185\" data-element_type=\"widget\" data-e-type=\"widget\" data-widget_type=\"heading.default\">\n\t\t\t\t\t<h2 class=\"elementor-heading-title elementor-size-default\">Konzentrieren Sie sich auf Ihre Marke. \u00dcberlassen Sie uns die Produktion.<\/h2>\t\t\t\t<\/div>\n\t\t\t\t<div class=\"elementor-element elementor-element-4691f34 elementor-widget elementor-widget-text-editor\" data-id=\"4691f34\" data-element_type=\"widget\" data-e-type=\"widget\" data-widget_type=\"text-editor.default\">\n\t\t\t\t\t\t\t\t\t<p>Mit vollautomatischen Produktionslinien und fortschrittlichen Fertigungsanlagen bew\u00e4ltigen wir die komplexesten Montageprozesse effizient und in gro\u00dfem Umfang.<\/p><p>Durch die Zusammenarbeit mit Relish umgehen Sie Engp\u00e4sse in der Lieferkette und verk\u00fcrzen Ihre Markteinf\u00fchrungszeit.<\/p><p>Ihre Vision. Unsere makellose Ausf\u00fchrung.<\/p>\t\t\t\t\t\t\t\t<\/div>\n\t\t\t\t<div class=\"elementor-element elementor-element-22cf33f elementor-widget elementor-widget-button\" data-id=\"22cf33f\" data-element_type=\"widget\" data-e-type=\"widget\" data-widget_type=\"button.default\">\n\t\t\t\t\t\t\t\t\t\t<a class=\"elementor-button elementor-button-link elementor-size-sm\" href=\"https:\/\/relish-tech.com\/de\/kontakt\/\">\n\t\t\t\t\t\t<span class=\"elementor-button-content-wrapper\">\n\t\t\t\t\t\t\t\t\t<span class=\"elementor-button-text\">Planen Sie eine virtuelle Werksbesichtigung<\/span>\n\t\t\t\t\t<\/span>\n\t\t\t\t\t<\/a>\n\t\t\t\t\t\t\t\t<\/div>\n\t\t\t\t<\/div>\n\t\t\t\t\t<\/div>\n\t\t\t\t<\/div>\n\t\t<div class=\"elementor-element elementor-element-78b771b e-flex e-con-boxed e-con e-parent\" data-id=\"78b771b\" data-element_type=\"container\" data-e-type=\"container\">\n\t\t\t\t\t<div class=\"e-con-inner\">\n\t\t<div class=\"elementor-element elementor-element-d163460 e-con-full e-flex e-con e-child\" data-id=\"d163460\" data-element_type=\"container\" data-e-type=\"container\">\n\t\t\t\t<div class=\"elementor-element elementor-element-347a36a elementor-widget elementor-widget-heading\" data-id=\"347a36a\" data-element_type=\"widget\" data-e-type=\"widget\" data-widget_type=\"heading.default\">\n\t\t\t\t\t<h2 class=\"elementor-heading-title elementor-size-default\">Produziert nach globalen Standards: GMP, ISO &amp; Nachhaltigkeit<\/h2>\t\t\t\t<\/div>\n\t\t\t\t<div class=\"elementor-element elementor-element-f22bfba elementor-widget elementor-widget-text-editor\" data-id=\"f22bfba\" data-element_type=\"widget\" data-e-type=\"widget\" data-widget_type=\"text-editor.default\">\n\t\t\t\t\t\t\t\t\t<p>Hervorragende Qualit\u00e4t in der Produktion bedeutet keine Kompromisse bei Sicherheit und Umweltvertr\u00e4glichkeit. Arbeiten unter strengen <b data-path-to-node=\"18,1,0\" data-index-in-node=\"111\">ISO 9001 und ISO 13485 (Medizinprodukte)<\/b> Unsere Einrichtungen sorgen daf\u00fcr, dass Ihre Produkte m\u00fchelos den Standards <b data-path-to-node=\"18,1,0\" data-index-in-node=\"217\">FDA (USA), CE (Europa), PSE (Japan) und KC (Korea)<\/b> rechtliche Anforderungen.<\/p><p>\u00dcber die Einhaltung von Vorschriften hinaus engagieren wir uns f\u00fcr nachhaltige Innovationen - wir verwenden biologisch abbaubare Materialien, recycelbare Verpackungen und energieeffiziente Prozesse, um eine bessere Zukunft f\u00fcr Ihre Marke und unseren Planeten zu schaffen.<\/p>\t\t\t\t\t\t\t\t<\/div>\n\t\t\t\t<\/div>\n\t\t<div class=\"elementor-element elementor-element-aefa9bd e-con-full e-flex e-con e-child\" data-id=\"aefa9bd\" data-element_type=\"container\" data-e-type=\"container\">\n\t\t\t\t<div class=\"elementor-element elementor-element-c75a2be elementor-invisible elementor-widget elementor-widget-image\" data-id=\"c75a2be\" data-element_type=\"widget\" data-e-type=\"widget\" data-settings=\"{&quot;_animation&quot;:&quot;fadeInUp&quot;}\" data-widget_type=\"image.default\">\n\t\t\t\t\t\t\t\t\t\t\t\t\t\t\t<img decoding=\"async\" width=\"800\" height=\"550\" src=\"https:\/\/relish-tech.com\/wp-content\/uploads\/2026\/01\/recyclable-biodegradable-materials-sustainable-manufacturing.webp\" class=\"attachment-large size-large wp-image-2127\" alt=\"Clear recyclable and biodegradable material pellets used in our sustainable oral care manufacturing process, ensuring zero compromises on environmental impact.\" srcset=\"https:\/\/relish-tech.com\/wp-content\/uploads\/2026\/01\/recyclable-biodegradable-materials-sustainable-manufacturing.webp 800w, https:\/\/relish-tech.com\/wp-content\/uploads\/2026\/01\/recyclable-biodegradable-materials-sustainable-manufacturing-300x206.webp 300w, https:\/\/relish-tech.com\/wp-content\/uploads\/2026\/01\/recyclable-biodegradable-materials-sustainable-manufacturing-768x528.webp 768w, https:\/\/relish-tech.com\/wp-content\/uploads\/2026\/01\/recyclable-biodegradable-materials-sustainable-manufacturing-18x12.webp 18w\" sizes=\"(max-width: 800px) 100vw, 800px\" title=\"\">\t\t\t\t\t\t\t\t\t\t\t\t\t\t\t<\/div>\n\t\t\t\t<\/div>\n\t\t\t\t\t<\/div>\n\t\t\t\t<\/div>\n\t\t<div class=\"elementor-element elementor-element-0d9515d e-flex e-con-boxed e-con e-parent\" data-id=\"0d9515d\" data-element_type=\"container\" data-e-type=\"container\">\n\t\t\t\t\t<div class=\"e-con-inner\">\n\t\t<div class=\"elementor-element elementor-element-359186b e-con-full e-flex e-con e-child\" data-id=\"359186b\" data-element_type=\"container\" data-e-type=\"container\">\n\t\t\t\t<div class=\"elementor-element elementor-element-02ad7d3 elementor-invisible elementor-widget elementor-widget-image\" data-id=\"02ad7d3\" data-element_type=\"widget\" data-e-type=\"widget\" data-settings=\"{&quot;_animation&quot;:&quot;fadeInUp&quot;}\" data-widget_type=\"image.default\">\n\t\t\t\t\t\t\t\t\t\t\t\t\t\t\t<img decoding=\"async\" width=\"800\" height=\"550\" src=\"https:\/\/relish-tech.com\/wp-content\/uploads\/2026\/01\/advanced-smt-workshop-smart-electric-toothbrush-pcb-manufacturing.webp\" class=\"attachment-large size-large wp-image-2126\" alt=\"High-speed automated SMT machine placing components onto an intelligent servo driver PCB for smart electric toothbrushes.\" srcset=\"https:\/\/relish-tech.com\/wp-content\/uploads\/2026\/01\/advanced-smt-workshop-smart-electric-toothbrush-pcb-manufacturing.webp 800w, https:\/\/relish-tech.com\/wp-content\/uploads\/2026\/01\/advanced-smt-workshop-smart-electric-toothbrush-pcb-manufacturing-300x206.webp 300w, https:\/\/relish-tech.com\/wp-content\/uploads\/2026\/01\/advanced-smt-workshop-smart-electric-toothbrush-pcb-manufacturing-768x528.webp 768w, https:\/\/relish-tech.com\/wp-content\/uploads\/2026\/01\/advanced-smt-workshop-smart-electric-toothbrush-pcb-manufacturing-18x12.webp 18w\" sizes=\"(max-width: 800px) 100vw, 800px\" title=\"\">\t\t\t\t\t\t\t\t\t\t\t\t\t\t\t<\/div>\n\t\t\t\t<\/div>\n\t\t<div class=\"elementor-element elementor-element-49b94ce e-con-full e-flex e-con e-child\" data-id=\"49b94ce\" data-element_type=\"container\" data-e-type=\"container\">\n\t\t\t\t<div class=\"elementor-element elementor-element-51cf4b1 elementor-widget elementor-widget-heading\" data-id=\"51cf4b1\" data-element_type=\"widget\" data-e-type=\"widget\" data-widget_type=\"heading.default\">\n\t\t\t\t\t<h2 class=\"elementor-heading-title elementor-size-default\">SMT-Werkstatt<\/h2>\t\t\t\t<\/div>\n\t\t\t\t<div class=\"elementor-element elementor-element-61fa5ae elementor-widget elementor-widget-text-editor\" data-id=\"61fa5ae\" data-element_type=\"widget\" data-e-type=\"widget\" data-widget_type=\"text-editor.default\">\n\t\t\t\t\t\t\t\t\t<p>Unsere fortschrittliche SMT-Werkstatt (Surface Mount Technology) ist das Gehirn hinter Ihren intelligenten Mundpflegeger\u00e4ten. Wir bieten eine schl\u00fcsselfertige Elektronikfertigung f\u00fcr intelligente Zahnb\u00fcrsten und Zahnseideger\u00e4te.<\/p><ul><li data-path-to-node=\"22,1,1,0,0\" data-imt-p=\"1\"><b data-path-to-node=\"22,1,1,0,0\" data-index-in-node=\"0\">Pr\u00e4zision und Verl\u00e4sslichkeit:<\/b> Automatische Hochgeschwindigkeits-Best\u00fcckung f\u00fcr fehlerfreie intelligente Servo-Treiber-Leiterplatten.<\/li><li data-path-to-node=\"22,1,1,1,0\" data-imt-p=\"1\"><b data-path-to-node=\"22,1,1,1,0\" data-index-in-node=\"0\">Intelligente Integration:<\/b> Nahtlose Integration von KI-B\u00fcrstenkopferkennung, Drucksensoren und Bluetooth-Modulen in kompakte Designs.<\/li><\/ul>\t\t\t\t\t\t\t\t<\/div>\n\t\t\t\t<\/div>\n\t\t<div class=\"elementor-element elementor-element-f230151 e-con-full e-flex e-con e-child\" data-id=\"f230151\" data-element_type=\"container\" data-e-type=\"container\">\n\t\t\t\t<div class=\"elementor-element elementor-element-384ddc4 elementor-widget elementor-widget-heading\" data-id=\"384ddc4\" data-element_type=\"widget\" data-e-type=\"widget\" data-widget_type=\"heading.default\">\n\t\t\t\t\t<h2 class=\"elementor-heading-title elementor-size-default\">Werkstatt f\u00fcr Spritzgie\u00dfen<\/h2>\t\t\t\t<\/div>\n\t\t\t\t<div class=\"elementor-element elementor-element-9bd7d37 elementor-widget elementor-widget-text-editor\" data-id=\"9bd7d37\" data-element_type=\"widget\" data-e-type=\"widget\" data-widget_type=\"text-editor.default\">\n\t\t\t\t\t\t\t\t\t<p>Die Haptik und Langlebigkeit eines Produkts bestimmen seine Positionierung auf dem Premium-Markt. Unsere hochmoderne Spritzgie\u00dfanlage produziert fehlerfreie Komponenten mit hoher Toleranz.<\/p><ul><li><p data-path-to-node=\"24,1,1,0,0\" data-imt-p=\"1\"><b data-path-to-node=\"24,1,1,0,0\" data-index-in-node=\"0\">Gleichbleibende Qualit\u00e4t:<\/b> Herstellung von ergonomischen Zahnb\u00fcrstengriffen, wasserdichten Geh\u00e4usen und Reisekoffern ohne Grat oder Einfallstellen.<\/p><\/li><li><p data-path-to-node=\"24,1,1,1,0\" data-imt-p=\"1\"><b data-path-to-node=\"24,1,1,1,0\" data-index-in-node=\"0\">Fortgeschrittene Materialien:<\/b> Erfahrung in der Arbeit mit lebensmittelechtem ABS, PC und umweltfreundlichen PLA-Alternativen.<\/p><\/li><\/ul>\t\t\t\t\t\t\t\t<\/div>\n\t\t\t\t<\/div>\n\t\t<div class=\"elementor-element elementor-element-0d3fa7f e-con-full e-flex e-con e-child\" data-id=\"0d3fa7f\" data-element_type=\"container\" data-e-type=\"container\">\n\t\t\t\t<div class=\"elementor-element elementor-element-bf52044 elementor-invisible elementor-widget elementor-widget-image\" data-id=\"bf52044\" data-element_type=\"widget\" data-e-type=\"widget\" data-settings=\"{&quot;_animation&quot;:&quot;fadeInUp&quot;}\" data-widget_type=\"image.default\">\n\t\t\t\t\t\t\t\t\t\t\t\t\t\t\t<img loading=\"lazy\" decoding=\"async\" width=\"800\" height=\"550\" src=\"https:\/\/relish-tech.com\/wp-content\/uploads\/2026\/03\/custom-oral-care-tooling-production-on-time-delivery.webp\" class=\"attachment-large size-large wp-image-4443\" alt=\"Hochmoderne Spritzguss- und Werkzeugmaschinen in unserem Werk gew\u00e4hrleisten ma\u00dfgeschneiderte L\u00f6sungen und termingerechte Lieferungen f\u00fcr Marken im Bereich der Mundpflege.\" srcset=\"https:\/\/relish-tech.com\/wp-content\/uploads\/2026\/03\/custom-oral-care-tooling-production-on-time-delivery.webp 800w, https:\/\/relish-tech.com\/wp-content\/uploads\/2026\/03\/custom-oral-care-tooling-production-on-time-delivery-300x206.webp 300w, https:\/\/relish-tech.com\/wp-content\/uploads\/2026\/03\/custom-oral-care-tooling-production-on-time-delivery-768x528.webp 768w, https:\/\/relish-tech.com\/wp-content\/uploads\/2026\/03\/custom-oral-care-tooling-production-on-time-delivery-18x12.webp 18w\" sizes=\"(max-width: 800px) 100vw, 800px\" title=\"\">\t\t\t\t\t\t\t\t\t\t\t\t\t\t\t<\/div>\n\t\t\t\t<\/div>\n\t\t<div class=\"elementor-element elementor-element-9dd2370 e-con-full e-flex e-con e-child\" data-id=\"9dd2370\" data-element_type=\"container\" data-e-type=\"container\">\n\t\t\t\t<div class=\"elementor-element elementor-element-685a390 elementor-invisible elementor-widget elementor-widget-image\" data-id=\"685a390\" data-element_type=\"widget\" data-e-type=\"widget\" data-settings=\"{&quot;_animation&quot;:&quot;fadeInUp&quot;}\" data-widget_type=\"image.default\">\n\t\t\t\t\t\t\t\t\t\t\t\t\t\t\t<img loading=\"lazy\" decoding=\"async\" width=\"800\" height=\"550\" src=\"https:\/\/relish-tech.com\/wp-content\/uploads\/2026\/01\/high-volume-electric-toothbrush-assembly-workshop.webp\" class=\"attachment-large size-large wp-image-2124\" alt=\"Cleanroom workers and robotic machinery assembling electric toothbrushes, conducting strict quality control and IPX7 waterproof verification.\" srcset=\"https:\/\/relish-tech.com\/wp-content\/uploads\/2026\/01\/high-volume-electric-toothbrush-assembly-workshop.webp 800w, https:\/\/relish-tech.com\/wp-content\/uploads\/2026\/01\/high-volume-electric-toothbrush-assembly-workshop-300x206.webp 300w, https:\/\/relish-tech.com\/wp-content\/uploads\/2026\/01\/high-volume-electric-toothbrush-assembly-workshop-768x528.webp 768w, https:\/\/relish-tech.com\/wp-content\/uploads\/2026\/01\/high-volume-electric-toothbrush-assembly-workshop-18x12.webp 18w\" sizes=\"(max-width: 800px) 100vw, 800px\" title=\"\">\t\t\t\t\t\t\t\t\t\t\t\t\t\t\t<\/div>\n\t\t\t\t<\/div>\n\t\t<div class=\"elementor-element elementor-element-a8ba6cb e-con-full e-flex e-con e-child\" data-id=\"a8ba6cb\" data-element_type=\"container\" data-e-type=\"container\">\n\t\t\t\t<div class=\"elementor-element elementor-element-872fb3e elementor-widget elementor-widget-heading\" data-id=\"872fb3e\" data-element_type=\"widget\" data-e-type=\"widget\" data-widget_type=\"heading.default\">\n\t\t\t\t\t<h2 class=\"elementor-heading-title elementor-size-default\">Montage-Workshop<\/h2>\t\t\t\t<\/div>\n\t\t\t\t<div class=\"elementor-element elementor-element-faf81fa elementor-widget elementor-widget-text-editor\" data-id=\"faf81fa\" data-element_type=\"widget\" data-e-type=\"widget\" data-widget_type=\"text-editor.default\">\n\t\t\t\t\t\t\t\t\t<p>Unsere Montagelinien sind f\u00fcr die skalierbare Gro\u00dfserienproduktion konzipiert und kombinieren Roboterpr\u00e4zision mit fachkundiger menschlicher Aufsicht, um Ihre Produkte fehlerfrei zu fertigen.<\/p><ul><li><p data-path-to-node=\"26,1,1,0,0\" data-imt-p=\"1\"><b data-path-to-node=\"26,1,1,0,0\" data-index-in-node=\"0\">Strenge Qualit\u00e4tskontrolle (QC):<\/b> 100% Funktionstests, akustische Ger\u00e4uschpr\u00fcfungen und IPX7-Wasserdichtigkeitspr\u00fcfung auf der Linie.<\/p><\/li><li><p data-path-to-node=\"26,1,1,1,0\" data-imt-p=\"1\"><b data-path-to-node=\"26,1,1,1,0\" data-index-in-node=\"0\">Skalierbarer Output:<\/b> Flexibles Staging, das von ersten Testl\u00e4ufen bis hin zum weltweiten Massenvertrieb alles abdecken kann.<\/p><\/li><\/ul>\t\t\t\t\t\t\t\t<\/div>\n\t\t\t\t<\/div>\n\t\t<div class=\"elementor-element elementor-element-62c6a5b e-con-full e-flex e-con e-child\" data-id=\"62c6a5b\" data-element_type=\"container\" data-e-type=\"container\">\n\t\t\t\t<div class=\"elementor-element elementor-element-0a77213 elementor-widget elementor-widget-heading\" data-id=\"0a77213\" data-element_type=\"widget\" data-e-type=\"widget\" data-widget_type=\"heading.default\">\n\t\t\t\t\t<h2 class=\"elementor-heading-title elementor-size-default\">Verpackungs-Workshop<\/h2>\t\t\t\t<\/div>\n\t\t\t\t<div class=\"elementor-element elementor-element-bbb964f elementor-widget elementor-widget-text-editor\" data-id=\"bbb964f\" data-element_type=\"widget\" data-e-type=\"widget\" data-widget_type=\"text-editor.default\">\n\t\t\t\t\t\t\t\t\t<p>Wir sorgen daf\u00fcr, dass Ihre Produkte makellos und verkaufsfertig ankommen. Unser spezielles Verpackungszentrum verpackt alles, von hochwertigen Geschenkboxen bis hin zu umweltfreundlichen Einzelhandelskits.<\/p><ul><li><p data-path-to-node=\"28,1,1,0,0\" data-imt-p=\"1\"><b data-path-to-node=\"28,1,1,0,0\" data-index-in-node=\"0\">Retail-Ready Montage:<\/b> Kundenspezifische Blisterverpackungen, Schrumpffolienverpackungen und Konfektionierung mehrerer Einheiten.<\/p><\/li><li><p data-path-to-node=\"28,1,1,1,0\" data-imt-p=\"1\"><b data-path-to-node=\"28,1,1,1,0\" data-index-in-node=\"0\">Globale Logistik-Vorbereitung:<\/b> Sichere Master-Kartonverpackung und Palettierung, vollst\u00e4ndig optimiert f\u00fcr den internationalen Versand an Amazon FBA oder Ihre lokalen Lagerh\u00e4user.<\/p><\/li><\/ul>\t\t\t\t\t\t\t\t<\/div>\n\t\t\t\t<\/div>\n\t\t<div class=\"elementor-element elementor-element-57dd131 e-con-full e-flex e-con e-child\" data-id=\"57dd131\" data-element_type=\"container\" data-e-type=\"container\">\n\t\t\t\t<div class=\"elementor-element elementor-element-d9c5695 elementor-invisible elementor-widget elementor-widget-image\" data-id=\"d9c5695\" data-element_type=\"widget\" data-e-type=\"widget\" data-settings=\"{&quot;_animation&quot;:&quot;fadeInUp&quot;}\" data-widget_type=\"image.default\">\n\t\t\t\t\t\t\t\t\t\t\t\t\t\t\t<img loading=\"lazy\" decoding=\"async\" width=\"800\" height=\"550\" src=\"https:\/\/relish-tech.com\/wp-content\/uploads\/2026\/03\/relish-tech-global-footprint-map-partners-across-continents.webp\" class=\"attachment-large size-large wp-image-4435\" alt=\"A world map displaying Relish Tech&#039;s global footprint and diversity, highlighting regions served including Europe, North America, South America, Australia, and China, demonstrating their global reach and ability to serve partners across continents and understand varied markets.\" srcset=\"https:\/\/relish-tech.com\/wp-content\/uploads\/2026\/03\/relish-tech-global-footprint-map-partners-across-continents.webp 800w, https:\/\/relish-tech.com\/wp-content\/uploads\/2026\/03\/relish-tech-global-footprint-map-partners-across-continents-300x206.webp 300w, https:\/\/relish-tech.com\/wp-content\/uploads\/2026\/03\/relish-tech-global-footprint-map-partners-across-continents-768x528.webp 768w, https:\/\/relish-tech.com\/wp-content\/uploads\/2026\/03\/relish-tech-global-footprint-map-partners-across-continents-18x12.webp 18w\" sizes=\"(max-width: 800px) 100vw, 800px\" title=\"\">\t\t\t\t\t\t\t\t\t\t\t\t\t\t\t<\/div>\n\t\t\t\t<\/div>\n\t\t\t\t\t<\/div>\n\t\t\t\t<\/div>\n\t\t\t\t<\/div>","protected":false},"excerpt":{"rendered":"<p>Advanced Manufacturing &amp; Production Capabilities We combine precision engineering, scalable automated production, and rigorous quality control to bring your oral [&hellip;]<\/p>\n","protected":false},"author":1,"featured_media":0,"parent":0,"menu_order":0,"comment_status":"closed","ping_status":"closed","template":"","meta":{"footnotes":""},"class_list":["post-1614","page","type-page","status-publish","hentry"],"blocksy_meta":{"has_hero_section":"disabled","vertical_spacing_source":"custom","content_area_spacing":"none","styles_descriptor":{"styles":{"desktop":"","tablet":"","mobile":""},"google_fonts":[],"version":6}},"_links":{"self":[{"href":"https:\/\/relish-tech.com\/de\/wp-json\/wp\/v2\/pages\/1614","targetHints":{"allow":["GET"]}}],"collection":[{"href":"https:\/\/relish-tech.com\/de\/wp-json\/wp\/v2\/pages"}],"about":[{"href":"https:\/\/relish-tech.com\/de\/wp-json\/wp\/v2\/types\/page"}],"author":[{"embeddable":true,"href":"https:\/\/relish-tech.com\/de\/wp-json\/wp\/v2\/users\/1"}],"replies":[{"embeddable":true,"href":"https:\/\/relish-tech.com\/de\/wp-json\/wp\/v2\/comments?post=1614"}],"version-history":[{"count":19,"href":"https:\/\/relish-tech.com\/de\/wp-json\/wp\/v2\/pages\/1614\/revisions"}],"predecessor-version":[{"id":4453,"href":"https:\/\/relish-tech.com\/de\/wp-json\/wp\/v2\/pages\/1614\/revisions\/4453"}],"wp:attachment":[{"href":"https:\/\/relish-tech.com\/de\/wp-json\/wp\/v2\/media?parent=1614"}],"curies":[{"name":"wp","href":"https:\/\/api.w.org\/{rel}","templated":true}]}}